{"id":6463,"date":"2018-03-14T15:04:54","date_gmt":"2018-03-14T15:04:54","guid":{"rendered":"https:\/\/associationfiat.com\/?post_type=product&#038;p=6463"},"modified":"2019-01-23T14:27:07","modified_gmt":"2019-01-23T14:27:07","slug":"pasen-vijftig-dagen-een-feest-kard-danneels-20st","status":"publish","type":"product","link":"https:\/\/associationfiat.com\/nl\/product\/pasen-vijftig-dagen-een-feest-kard-danneels-20st\/","title":{"rendered":"Pasen. Vijftig dagen, \u00e9\u00e9n feest &#8211; kard. Danneels (20st.)"},"content":{"rendered":"<p>Pasen is het grootste feest van het hele liturgisch jaar. Het paasfeest is trouwens niet \u00e9\u00e9n enkele dag, maar vijftig dagen: van paasnacht tot Pinksteren; \u00e9\u00e9n ononderbroken feestdag. We hebben die lange tijd wel nodig: want alles wat we geloven wordt in die tijd gevierd. En daarenboven moeten we in die tijd ook leren te leven met Jezus\u2019 afwezigheid: we kunnen Hem niet meer zien. De Geest is in zijn plaats gekomen om zich in ons hart te vestigen en ons alles in herinnering te brengen wat Jezus gezegd en gedaan heeft.<\/p>\n<p>Vijftig dagen hebben we nodig, om dat alles in ons klein en kort geheugen op te slaan. Vijftig dagen om er aan te wennen dat Hij weg is en toch gebleven door zijn Geest die woont in ons hart.<\/p>\n<p>&nbsp;<\/p>\n<p><span style=\"color: #ff0000;\"><strong>Voor bestellingen van individuele exemplaren, <a style=\"color: #ff0000;\" href=\"http:\/\/www.halewijn.info\/catalogus\/pasen_vijftig_dagen_%C3%A9%C3%A9n_feest\">klik hier.<\/a><\/strong><\/span><\/p>\n<p>&nbsp;<\/p>\n<p>Auteur: kardinaal Danneels<br \/>\nFormaat: A6<br \/>\nBlz: 16<br \/>\nIBSN: 978-90-8528-480-2<\/p>\n","protected":false},"excerpt":{"rendered":"<p>Pasen is het grootste feest van het hele liturgisch jaar. Het paasfeest is trouwens niet \u00e9\u00e9n enkele dag, maar vijftig dagen: van paasnacht tot Pinksteren; \u00e9\u00e9n ononderbroken feestdag. We hebben die lange tijd wel nodig: want alles wat we geloven wordt in die tijd gevierd. [&hellip;]<\/p>\n","protected":false},"featured_media":6464,"template":"","meta":{"_acf_changed":false},"product_brand":[],"product_cat":[20],"product_tag":[],"class_list":{"0":"post-6463","1":"product","2":"type-product","3":"status-publish","4":"has-post-thumbnail","6":"product_cat-boekjes","8":"first","9":"instock","10":"shipping-taxable","11":"purchasable","12":"product-type-simple"},"acf":[],"yoast_head":"<!-- This site is optimized with the Yoast SEO plugin v27.4 - https:\/\/yoast.com\/product\/yoast-seo-wordpress\/ -->\n<title>Pasen. Vijftig dagen, \u00e9\u00e9n feest - kard. Danneels (20st.) - Association FIAT<\/title>\n<meta name=\"robots\" content=\"index, follow, max-snippet:-1, max-image-preview:large, max-video-preview:-1\" \/>\n<link rel=\"canonical\" href=\"https:\/\/associationfiat.com\/nl\/product\/pasen-vijftig-dagen-een-feest-kard-danneels-20st\/\" \/>\n<meta property=\"og:locale\" content=\"nl_NL\" \/>\n<meta property=\"og:type\" content=\"article\" \/>\n<meta property=\"og:title\" content=\"Pasen. Vijftig dagen, \u00e9\u00e9n feest - kard. Danneels (20st.) - Association FIAT\" \/>\n<meta property=\"og:description\" content=\"Pasen is het grootste feest van het hele liturgisch jaar. Het paasfeest is trouwens niet \u00e9\u00e9n enkele dag, maar vijftig dagen: van paasnacht tot Pinksteren; \u00e9\u00e9n ononderbroken feestdag. We hebben die lange tijd wel nodig: want alles wat we geloven wordt in die tijd gevierd. [&hellip;]\" \/>\n<meta property=\"og:url\" content=\"https:\/\/associationfiat.com\/nl\/product\/pasen-vijftig-dagen-een-feest-kard-danneels-20st\/\" \/>\n<meta property=\"og:site_name\" content=\"Association FIAT\" \/>\n<meta property=\"article:modified_time\" content=\"2019-01-23T14:27:07+00:00\" \/>\n<meta property=\"og:image\" content=\"https:\/\/associationfiat.com\/wp-content\/uploads\/2018\/03\/PASENVIJFTIGDAGENCATA.png\" \/>\n\t<meta property=\"og:image:width\" content=\"449\" \/>\n\t<meta property=\"og:image:height\" content=\"451\" \/>\n\t<meta property=\"og:image:type\" content=\"image\/png\" \/>\n<meta name=\"twitter:card\" content=\"summary_large_image\" \/>\n<meta name=\"twitter:label1\" content=\"Geschatte leestijd\" \/>\n\t<meta name=\"twitter:data1\" content=\"1 minuut\" \/>\n<script type=\"application\/ld+json\" class=\"yoast-schema-graph\">{\"@context\":\"https:\\\/\\\/schema.org\",\"@graph\":[{\"@type\":\"WebPage\",\"@id\":\"https:\\\/\\\/associationfiat.com\\\/nl\\\/product\\\/pasen-vijftig-dagen-een-feest-kard-danneels-20st\\\/\",\"url\":\"https:\\\/\\\/associationfiat.com\\\/nl\\\/product\\\/pasen-vijftig-dagen-een-feest-kard-danneels-20st\\\/\",\"name\":\"Pasen. Vijftig dagen, \u00e9\u00e9n feest - kard. Danneels (20st.) - Association FIAT\",\"isPartOf\":{\"@id\":\"https:\\\/\\\/associationfiat.com\\\/#website\"},\"primaryImageOfPage\":{\"@id\":\"https:\\\/\\\/associationfiat.com\\\/nl\\\/product\\\/pasen-vijftig-dagen-een-feest-kard-danneels-20st\\\/#primaryimage\"},\"image\":{\"@id\":\"https:\\\/\\\/associationfiat.com\\\/nl\\\/product\\\/pasen-vijftig-dagen-een-feest-kard-danneels-20st\\\/#primaryimage\"},\"thumbnailUrl\":\"https:\\\/\\\/associationfiat.com\\\/wp-content\\\/uploads\\\/2018\\\/03\\\/PASENVIJFTIGDAGENCATA.png\",\"datePublished\":\"2018-03-14T15:04:54+00:00\",\"dateModified\":\"2019-01-23T14:27:07+00:00\",\"breadcrumb\":{\"@id\":\"https:\\\/\\\/associationfiat.com\\\/nl\\\/product\\\/pasen-vijftig-dagen-een-feest-kard-danneels-20st\\\/#breadcrumb\"},\"inLanguage\":\"nl-NL\",\"potentialAction\":[{\"@type\":\"ReadAction\",\"target\":[\"https:\\\/\\\/associationfiat.com\\\/nl\\\/product\\\/pasen-vijftig-dagen-een-feest-kard-danneels-20st\\\/\"]}]},{\"@type\":\"ImageObject\",\"inLanguage\":\"nl-NL\",\"@id\":\"https:\\\/\\\/associationfiat.com\\\/nl\\\/product\\\/pasen-vijftig-dagen-een-feest-kard-danneels-20st\\\/#primaryimage\",\"url\":\"https:\\\/\\\/associationfiat.com\\\/wp-content\\\/uploads\\\/2018\\\/03\\\/PASENVIJFTIGDAGENCATA.png\",\"contentUrl\":\"https:\\\/\\\/associationfiat.com\\\/wp-content\\\/uploads\\\/2018\\\/03\\\/PASENVIJFTIGDAGENCATA.png\",\"width\":449,\"height\":451},{\"@type\":\"BreadcrumbList\",\"@id\":\"https:\\\/\\\/associationfiat.com\\\/nl\\\/product\\\/pasen-vijftig-dagen-een-feest-kard-danneels-20st\\\/#breadcrumb\",\"itemListElement\":[{\"@type\":\"ListItem\",\"position\":1,\"name\":\"Home\",\"item\":\"https:\\\/\\\/associationfiat.com\\\/\"},{\"@type\":\"ListItem\",\"position\":2,\"name\":\"Winkel\",\"item\":\"https:\\\/\\\/associationfiat.com\\\/nl\\\/winkel\\\/\"},{\"@type\":\"ListItem\",\"position\":3,\"name\":\"Pasen. Vijftig dagen, \u00e9\u00e9n feest &#8211; kard. Danneels (20st.)\"}]},{\"@type\":\"WebSite\",\"@id\":\"https:\\\/\\\/associationfiat.com\\\/#website\",\"url\":\"https:\\\/\\\/associationfiat.com\\\/\",\"name\":\"Association FIAT\",\"description\":\"\",\"potentialAction\":[{\"@type\":\"SearchAction\",\"target\":{\"@type\":\"EntryPoint\",\"urlTemplate\":\"https:\\\/\\\/associationfiat.com\\\/?s={search_term_string}\"},\"query-input\":{\"@type\":\"PropertyValueSpecification\",\"valueRequired\":true,\"valueName\":\"search_term_string\"}}],\"inLanguage\":\"nl-NL\"}]}<\/script>\n<!-- \/ Yoast SEO plugin. -->","yoast_head_json":{"title":"Pasen. Vijftig dagen, \u00e9\u00e9n feest - kard. Danneels (20st.) - Association FIAT","robots":{"index":"index","follow":"follow","max-snippet":"max-snippet:-1","max-image-preview":"max-image-preview:large","max-video-preview":"max-video-preview:-1"},"canonical":"https:\/\/associationfiat.com\/nl\/product\/pasen-vijftig-dagen-een-feest-kard-danneels-20st\/","og_locale":"nl_NL","og_type":"article","og_title":"Pasen. Vijftig dagen, \u00e9\u00e9n feest - kard. Danneels (20st.) - Association FIAT","og_description":"Pasen is het grootste feest van het hele liturgisch jaar. Het paasfeest is trouwens niet \u00e9\u00e9n enkele dag, maar vijftig dagen: van paasnacht tot Pinksteren; \u00e9\u00e9n ononderbroken feestdag. We hebben die lange tijd wel nodig: want alles wat we geloven wordt in die tijd gevierd. [&hellip;]","og_url":"https:\/\/associationfiat.com\/nl\/product\/pasen-vijftig-dagen-een-feest-kard-danneels-20st\/","og_site_name":"Association FIAT","article_modified_time":"2019-01-23T14:27:07+00:00","og_image":[{"width":449,"height":451,"url":"https:\/\/associationfiat.com\/wp-content\/uploads\/2018\/03\/PASENVIJFTIGDAGENCATA.png","type":"image\/png"}],"twitter_card":"summary_large_image","twitter_misc":{"Geschatte leestijd":"1 minuut"},"schema":{"@context":"https:\/\/schema.org","@graph":[{"@type":"WebPage","@id":"https:\/\/associationfiat.com\/nl\/product\/pasen-vijftig-dagen-een-feest-kard-danneels-20st\/","url":"https:\/\/associationfiat.com\/nl\/product\/pasen-vijftig-dagen-een-feest-kard-danneels-20st\/","name":"Pasen. Vijftig dagen, \u00e9\u00e9n feest - kard. Danneels (20st.) - Association FIAT","isPartOf":{"@id":"https:\/\/associationfiat.com\/#website"},"primaryImageOfPage":{"@id":"https:\/\/associationfiat.com\/nl\/product\/pasen-vijftig-dagen-een-feest-kard-danneels-20st\/#primaryimage"},"image":{"@id":"https:\/\/associationfiat.com\/nl\/product\/pasen-vijftig-dagen-een-feest-kard-danneels-20st\/#primaryimage"},"thumbnailUrl":"https:\/\/associationfiat.com\/wp-content\/uploads\/2018\/03\/PASENVIJFTIGDAGENCATA.png","datePublished":"2018-03-14T15:04:54+00:00","dateModified":"2019-01-23T14:27:07+00:00","breadcrumb":{"@id":"https:\/\/associationfiat.com\/nl\/product\/pasen-vijftig-dagen-een-feest-kard-danneels-20st\/#breadcrumb"},"inLanguage":"nl-NL","potentialAction":[{"@type":"ReadAction","target":["https:\/\/associationfiat.com\/nl\/product\/pasen-vijftig-dagen-een-feest-kard-danneels-20st\/"]}]},{"@type":"ImageObject","inLanguage":"nl-NL","@id":"https:\/\/associationfiat.com\/nl\/product\/pasen-vijftig-dagen-een-feest-kard-danneels-20st\/#primaryimage","url":"https:\/\/associationfiat.com\/wp-content\/uploads\/2018\/03\/PASENVIJFTIGDAGENCATA.png","contentUrl":"https:\/\/associationfiat.com\/wp-content\/uploads\/2018\/03\/PASENVIJFTIGDAGENCATA.png","width":449,"height":451},{"@type":"BreadcrumbList","@id":"https:\/\/associationfiat.com\/nl\/product\/pasen-vijftig-dagen-een-feest-kard-danneels-20st\/#breadcrumb","itemListElement":[{"@type":"ListItem","position":1,"name":"Home","item":"https:\/\/associationfiat.com\/"},{"@type":"ListItem","position":2,"name":"Winkel","item":"https:\/\/associationfiat.com\/nl\/winkel\/"},{"@type":"ListItem","position":3,"name":"Pasen. Vijftig dagen, \u00e9\u00e9n feest &#8211; kard. Danneels (20st.)"}]},{"@type":"WebSite","@id":"https:\/\/associationfiat.com\/#website","url":"https:\/\/associationfiat.com\/","name":"Association FIAT","description":"","potentialAction":[{"@type":"SearchAction","target":{"@type":"EntryPoint","urlTemplate":"https:\/\/associationfiat.com\/?s={search_term_string}"},"query-input":{"@type":"PropertyValueSpecification","valueRequired":true,"valueName":"search_term_string"}}],"inLanguage":"nl-NL"}]}},"_links":{"self":[{"href":"https:\/\/associationfiat.com\/nl\/wp-json\/wp\/v2\/product\/6463","targetHints":{"allow":["GET"]}}],"collection":[{"href":"https:\/\/associationfiat.com\/nl\/wp-json\/wp\/v2\/product"}],"about":[{"href":"https:\/\/associationfiat.com\/nl\/wp-json\/wp\/v2\/types\/product"}],"wp:featuredmedia":[{"embeddable":true,"href":"https:\/\/associationfiat.com\/nl\/wp-json\/wp\/v2\/media\/6464"}],"wp:attachment":[{"href":"https:\/\/associationfiat.com\/nl\/wp-json\/wp\/v2\/media?parent=6463"}],"wp:term":[{"taxonomy":"product_brand","embeddable":true,"href":"https:\/\/associationfiat.com\/nl\/wp-json\/wp\/v2\/product_brand?post=6463"},{"taxonomy":"product_cat","embeddable":true,"href":"https:\/\/associationfiat.com\/nl\/wp-json\/wp\/v2\/product_cat?post=6463"},{"taxonomy":"product_tag","embeddable":true,"href":"https:\/\/associationfiat.com\/nl\/wp-json\/wp\/v2\/product_tag?post=6463"}],"curies":[{"name":"wp","href":"https:\/\/api.w.org\/{rel}","templated":true}]}}