{"id":7306,"date":"2018-08-30T14:52:42","date_gmt":"2018-08-30T14:52:42","guid":{"rendered":"https:\/\/associationfiat.com\/?post_type=product&#038;p=7306"},"modified":"2018-08-30T14:52:43","modified_gmt":"2018-08-30T14:52:43","slug":"el-rey-balduino-el-secreto-de-una-vida","status":"publish","type":"product","link":"https:\/\/associationfiat.com\/es\/producto\/el-rey-balduino-el-secreto-de-una-vida\/","title":{"rendered":"El Rey Balduino, el secreto de una vida"},"content":{"rendered":"<p>&#8220;Hay reyes que son m\u00e1s que reyes: son los pastores de su pueblo. Hacen mucho m\u00e1s que reinar: aman hasta dar su propria vida. As\u00ed fue el rey Balduino.&#8221; (Card. Danneels)<\/p>\n<p>&nbsp;<\/p>\n<p>F: A6<br \/>\nP: 24 p.<br \/>\nISBN: 978-90-8528-503-8<\/p>\n","protected":false},"excerpt":{"rendered":"<p>&#8220;Hay reyes que son m\u00e1s que reyes: son los pastores de su pueblo. Hacen mucho m\u00e1s que reinar: aman hasta dar su propria vida. As\u00ed fue el rey Balduino.&#8221; (Card. Danneels) &nbsp; F: A6 P: 24 p. ISBN: 978-90-8528-503-8<\/p>\n","protected":false},"featured_media":7307,"template":"","meta":{"_acf_changed":false},"product_brand":[],"product_cat":[40],"product_tag":[],"class_list":{"0":"post-7306","1":"product","2":"type-product","3":"status-publish","4":"has-post-thumbnail","6":"product_cat-folletos","8":"first","9":"instock","10":"shipping-taxable","11":"purchasable","12":"product-type-simple"},"acf":[],"yoast_head":"<!-- This site is optimized with the Yoast SEO plugin v27.4 - https:\/\/yoast.com\/product\/yoast-seo-wordpress\/ -->\n<title>El Rey Balduino, el secreto de una vida - Association FIAT<\/title>\n<meta name=\"robots\" content=\"index, follow, max-snippet:-1, max-image-preview:large, max-video-preview:-1\" \/>\n<link rel=\"canonical\" href=\"https:\/\/associationfiat.com\/es\/producto\/el-rey-balduino-el-secreto-de-una-vida\/\" \/>\n<meta property=\"og:locale\" content=\"es_ES\" \/>\n<meta property=\"og:type\" content=\"article\" \/>\n<meta property=\"og:title\" content=\"El Rey Balduino, el secreto de una vida - Association FIAT\" \/>\n<meta property=\"og:description\" content=\"&#8220;Hay reyes que son m\u00e1s que reyes: son los pastores de su pueblo. Hacen mucho m\u00e1s que reinar: aman hasta dar su propria vida. As\u00ed fue el rey Balduino.&#8221; (Card. Danneels) &nbsp; F: A6 P: 24 p. ISBN: 978-90-8528-503-8\" \/>\n<meta property=\"og:url\" content=\"https:\/\/associationfiat.com\/es\/producto\/el-rey-balduino-el-secreto-de-una-vida\/\" \/>\n<meta property=\"og:site_name\" content=\"Association FIAT\" \/>\n<meta property=\"article:modified_time\" content=\"2018-08-30T14:52:43+00:00\" \/>\n<meta property=\"og:image\" content=\"https:\/\/associationfiat.com\/wp-content\/uploads\/2018\/08\/RB-ES.png\" \/>\n\t<meta property=\"og:image:width\" content=\"388\" \/>\n\t<meta property=\"og:image:height\" content=\"551\" \/>\n\t<meta property=\"og:image:type\" content=\"image\/png\" \/>\n<meta name=\"twitter:card\" content=\"summary_large_image\" \/>\n<script type=\"application\/ld+json\" class=\"yoast-schema-graph\">{\"@context\":\"https:\\\/\\\/schema.org\",\"@graph\":[{\"@type\":\"WebPage\",\"@id\":\"https:\\\/\\\/associationfiat.com\\\/es\\\/producto\\\/el-rey-balduino-el-secreto-de-una-vida\\\/\",\"url\":\"https:\\\/\\\/associationfiat.com\\\/es\\\/producto\\\/el-rey-balduino-el-secreto-de-una-vida\\\/\",\"name\":\"El Rey Balduino, el secreto de una vida - Association FIAT\",\"isPartOf\":{\"@id\":\"https:\\\/\\\/associationfiat.com\\\/#website\"},\"primaryImageOfPage\":{\"@id\":\"https:\\\/\\\/associationfiat.com\\\/es\\\/producto\\\/el-rey-balduino-el-secreto-de-una-vida\\\/#primaryimage\"},\"image\":{\"@id\":\"https:\\\/\\\/associationfiat.com\\\/es\\\/producto\\\/el-rey-balduino-el-secreto-de-una-vida\\\/#primaryimage\"},\"thumbnailUrl\":\"https:\\\/\\\/associationfiat.com\\\/wp-content\\\/uploads\\\/2018\\\/08\\\/RB-ES.png\",\"datePublished\":\"2018-08-30T14:52:42+00:00\",\"dateModified\":\"2018-08-30T14:52:43+00:00\",\"breadcrumb\":{\"@id\":\"https:\\\/\\\/associationfiat.com\\\/es\\\/producto\\\/el-rey-balduino-el-secreto-de-una-vida\\\/#breadcrumb\"},\"inLanguage\":\"es-ES\",\"potentialAction\":[{\"@type\":\"ReadAction\",\"target\":[\"https:\\\/\\\/associationfiat.com\\\/es\\\/producto\\\/el-rey-balduino-el-secreto-de-una-vida\\\/\"]}]},{\"@type\":\"ImageObject\",\"inLanguage\":\"es-ES\",\"@id\":\"https:\\\/\\\/associationfiat.com\\\/es\\\/producto\\\/el-rey-balduino-el-secreto-de-una-vida\\\/#primaryimage\",\"url\":\"https:\\\/\\\/associationfiat.com\\\/wp-content\\\/uploads\\\/2018\\\/08\\\/RB-ES.png\",\"contentUrl\":\"https:\\\/\\\/associationfiat.com\\\/wp-content\\\/uploads\\\/2018\\\/08\\\/RB-ES.png\",\"width\":388,\"height\":551},{\"@type\":\"BreadcrumbList\",\"@id\":\"https:\\\/\\\/associationfiat.com\\\/es\\\/producto\\\/el-rey-balduino-el-secreto-de-una-vida\\\/#breadcrumb\",\"itemListElement\":[{\"@type\":\"ListItem\",\"position\":1,\"name\":\"Home\",\"item\":\"https:\\\/\\\/associationfiat.com\\\/\"},{\"@type\":\"ListItem\",\"position\":2,\"name\":\"Tienda\",\"item\":\"https:\\\/\\\/associationfiat.com\\\/es\\\/tienda\\\/\"},{\"@type\":\"ListItem\",\"position\":3,\"name\":\"El Rey Balduino, el secreto de una vida\"}]},{\"@type\":\"WebSite\",\"@id\":\"https:\\\/\\\/associationfiat.com\\\/#website\",\"url\":\"https:\\\/\\\/associationfiat.com\\\/\",\"name\":\"Association FIAT\",\"description\":\"\",\"potentialAction\":[{\"@type\":\"SearchAction\",\"target\":{\"@type\":\"EntryPoint\",\"urlTemplate\":\"https:\\\/\\\/associationfiat.com\\\/?s={search_term_string}\"},\"query-input\":{\"@type\":\"PropertyValueSpecification\",\"valueRequired\":true,\"valueName\":\"search_term_string\"}}],\"inLanguage\":\"es-ES\"}]}<\/script>\n<!-- \/ Yoast SEO plugin. -->","yoast_head_json":{"title":"El Rey Balduino, el secreto de una vida - Association FIAT","robots":{"index":"index","follow":"follow","max-snippet":"max-snippet:-1","max-image-preview":"max-image-preview:large","max-video-preview":"max-video-preview:-1"},"canonical":"https:\/\/associationfiat.com\/es\/producto\/el-rey-balduino-el-secreto-de-una-vida\/","og_locale":"es_ES","og_type":"article","og_title":"El Rey Balduino, el secreto de una vida - Association FIAT","og_description":"&#8220;Hay reyes que son m\u00e1s que reyes: son los pastores de su pueblo. Hacen mucho m\u00e1s que reinar: aman hasta dar su propria vida. As\u00ed fue el rey Balduino.&#8221; (Card. Danneels) &nbsp; F: A6 P: 24 p. ISBN: 978-90-8528-503-8","og_url":"https:\/\/associationfiat.com\/es\/producto\/el-rey-balduino-el-secreto-de-una-vida\/","og_site_name":"Association FIAT","article_modified_time":"2018-08-30T14:52:43+00:00","og_image":[{"width":388,"height":551,"url":"https:\/\/associationfiat.com\/wp-content\/uploads\/2018\/08\/RB-ES.png","type":"image\/png"}],"twitter_card":"summary_large_image","schema":{"@context":"https:\/\/schema.org","@graph":[{"@type":"WebPage","@id":"https:\/\/associationfiat.com\/es\/producto\/el-rey-balduino-el-secreto-de-una-vida\/","url":"https:\/\/associationfiat.com\/es\/producto\/el-rey-balduino-el-secreto-de-una-vida\/","name":"El Rey Balduino, el secreto de una vida - Association FIAT","isPartOf":{"@id":"https:\/\/associationfiat.com\/#website"},"primaryImageOfPage":{"@id":"https:\/\/associationfiat.com\/es\/producto\/el-rey-balduino-el-secreto-de-una-vida\/#primaryimage"},"image":{"@id":"https:\/\/associationfiat.com\/es\/producto\/el-rey-balduino-el-secreto-de-una-vida\/#primaryimage"},"thumbnailUrl":"https:\/\/associationfiat.com\/wp-content\/uploads\/2018\/08\/RB-ES.png","datePublished":"2018-08-30T14:52:42+00:00","dateModified":"2018-08-30T14:52:43+00:00","breadcrumb":{"@id":"https:\/\/associationfiat.com\/es\/producto\/el-rey-balduino-el-secreto-de-una-vida\/#breadcrumb"},"inLanguage":"es-ES","potentialAction":[{"@type":"ReadAction","target":["https:\/\/associationfiat.com\/es\/producto\/el-rey-balduino-el-secreto-de-una-vida\/"]}]},{"@type":"ImageObject","inLanguage":"es-ES","@id":"https:\/\/associationfiat.com\/es\/producto\/el-rey-balduino-el-secreto-de-una-vida\/#primaryimage","url":"https:\/\/associationfiat.com\/wp-content\/uploads\/2018\/08\/RB-ES.png","contentUrl":"https:\/\/associationfiat.com\/wp-content\/uploads\/2018\/08\/RB-ES.png","width":388,"height":551},{"@type":"BreadcrumbList","@id":"https:\/\/associationfiat.com\/es\/producto\/el-rey-balduino-el-secreto-de-una-vida\/#breadcrumb","itemListElement":[{"@type":"ListItem","position":1,"name":"Home","item":"https:\/\/associationfiat.com\/"},{"@type":"ListItem","position":2,"name":"Tienda","item":"https:\/\/associationfiat.com\/es\/tienda\/"},{"@type":"ListItem","position":3,"name":"El Rey Balduino, el secreto de una vida"}]},{"@type":"WebSite","@id":"https:\/\/associationfiat.com\/#website","url":"https:\/\/associationfiat.com\/","name":"Association FIAT","description":"","potentialAction":[{"@type":"SearchAction","target":{"@type":"EntryPoint","urlTemplate":"https:\/\/associationfiat.com\/?s={search_term_string}"},"query-input":{"@type":"PropertyValueSpecification","valueRequired":true,"valueName":"search_term_string"}}],"inLanguage":"es-ES"}]}},"_links":{"self":[{"href":"https:\/\/associationfiat.com\/es\/wp-json\/wp\/v2\/product\/7306","targetHints":{"allow":["GET"]}}],"collection":[{"href":"https:\/\/associationfiat.com\/es\/wp-json\/wp\/v2\/product"}],"about":[{"href":"https:\/\/associationfiat.com\/es\/wp-json\/wp\/v2\/types\/product"}],"wp:featuredmedia":[{"embeddable":true,"href":"https:\/\/associationfiat.com\/es\/wp-json\/wp\/v2\/media\/7307"}],"wp:attachment":[{"href":"https:\/\/associationfiat.com\/es\/wp-json\/wp\/v2\/media?parent=7306"}],"wp:term":[{"taxonomy":"product_brand","embeddable":true,"href":"https:\/\/associationfiat.com\/es\/wp-json\/wp\/v2\/product_brand?post=7306"},{"taxonomy":"product_cat","embeddable":true,"href":"https:\/\/associationfiat.com\/es\/wp-json\/wp\/v2\/product_cat?post=7306"},{"taxonomy":"product_tag","embeddable":true,"href":"https:\/\/associationfiat.com\/es\/wp-json\/wp\/v2\/product_tag?post=7306"}],"curies":[{"name":"wp","href":"https:\/\/api.w.org\/{rel}","templated":true}]}}