{"id":4458,"date":"2017-01-04T13:36:09","date_gmt":"2017-01-04T13:36:09","guid":{"rendered":"https:\/\/associationfiat.com\/?post_type=product&#038;p=4458"},"modified":"2019-08-28T14:57:06","modified_gmt":"2019-08-28T14:57:06","slug":"el-espiritu-santo-aliento-vital-de-la-iglesia-tomo-2-cardenal-suenens","status":"publish","type":"product","link":"https:\/\/associationfiat.com\/es\/producto\/el-espiritu-santo-aliento-vital-de-la-iglesia-tomo-2-cardenal-suenens\/","title":{"rendered":"Tomo 2 &#8211; La difusi\u00f3n es asumida por CHARIS (en el Vaticano)"},"content":{"rendered":"<p><span style=\"color: #ff0000;\">La difusi\u00f3n es asumida por CHARIS (en el Vaticano)<\/span><\/p>\n<p><span style=\"color: #ff0000;\"><strong>Contacto:\u00a0<\/strong><strong><a style=\"color: #ff0000;\" href=\"mailto:info@charis.international\">info@charis.international<\/a><\/strong><\/span><\/p>\n<p>Cuando el cardenal Suenens escribi\u00f3 el libro &#8216;Un nuevo Pentecost\u00e9s&#8217; &#8211; entre interrogantes &#8211; pretend\u00eda dar a entender que la Renovaci\u00f3n en el Espiritu Santo, que el no ve\u00eda como un movimiento en la Iglesia, sino como la Iglesia en movimiento, no iba a ser algo evidente.<\/p>\n<p>Donde hay que situar, pues, la esperanza de la Renovaci\u00f3n para la Iglesia, que, en su conjunto, es, por definici\u00f3n, carism\u00e1tica? Qu\u00e9 es lo que frena su impulso? Las respuestas a estas cuestiones las encontramos en la obra &#8216;El Espiritu Santo, aliento vital de la Iglesia, que recoge los escritos del cardenal Suenens relacionados con la Renovaci\u00f3n, a la que consideraba como una gracia pentecostal, mariana y eclesial a la vez. Esta vision de conjunto es importante.<\/p>\n<p>&nbsp;<\/p>\n<p>366 p.<br \/>\nISBN: 978-84-9925-048-9<\/p>\n","protected":false},"excerpt":{"rendered":"<p>La difusi\u00f3n es asumida por CHARIS (en el Vaticano) Contacto:\u00a0info@charis.international Cuando el cardenal Suenens escribi\u00f3 el libro &#8216;Un nuevo Pentecost\u00e9s&#8217; &#8211; entre interrogantes &#8211; pretend\u00eda dar a entender que la Renovaci\u00f3n en el Espiritu Santo, que el no ve\u00eda como un movimiento en la Iglesia, [&hellip;]<\/p>\n","protected":false},"featured_media":4475,"template":"","meta":{"_acf_changed":false},"product_brand":[],"product_cat":[39],"product_tag":[],"class_list":{"0":"post-4458","1":"product","2":"type-product","3":"status-publish","4":"has-post-thumbnail","6":"product_cat-libros","8":"first","9":"outofstock","10":"shipping-taxable","11":"product-type-simple"},"acf":[],"yoast_head":"<!-- This site is optimized with the Yoast SEO plugin v27.4 - https:\/\/yoast.com\/product\/yoast-seo-wordpress\/ -->\n<title>Tomo 2 - La difusi\u00f3n es asumida por CHARIS (en el Vaticano) - Association FIAT<\/title>\n<meta name=\"robots\" content=\"index, follow, max-snippet:-1, max-image-preview:large, max-video-preview:-1\" \/>\n<link rel=\"canonical\" href=\"https:\/\/associationfiat.com\/es\/producto\/el-espiritu-santo-aliento-vital-de-la-iglesia-tomo-2-cardenal-suenens\/\" \/>\n<meta property=\"og:locale\" content=\"es_ES\" \/>\n<meta property=\"og:type\" content=\"article\" \/>\n<meta property=\"og:title\" content=\"Tomo 2 - La difusi\u00f3n es asumida por CHARIS (en el Vaticano) - Association FIAT\" \/>\n<meta property=\"og:description\" content=\"La difusi\u00f3n es asumida por CHARIS (en el Vaticano) Contacto:\u00a0info@charis.international Cuando el cardenal Suenens escribi\u00f3 el libro &#8216;Un nuevo Pentecost\u00e9s&#8217; &#8211; entre interrogantes &#8211; pretend\u00eda dar a entender que la Renovaci\u00f3n en el Espiritu Santo, que el no ve\u00eda como un movimiento en la Iglesia, [&hellip;]\" \/>\n<meta property=\"og:url\" content=\"https:\/\/associationfiat.com\/es\/producto\/el-espiritu-santo-aliento-vital-de-la-iglesia-tomo-2-cardenal-suenens\/\" \/>\n<meta property=\"og:site_name\" content=\"Association FIAT\" \/>\n<meta property=\"article:modified_time\" content=\"2019-08-28T14:57:06+00:00\" \/>\n<meta property=\"og:image\" content=\"https:\/\/associationfiat.com\/wp-content\/uploads\/2017\/01\/el-espiritu-santo-aliento-vital-2.png\" \/>\n\t<meta property=\"og:image:width\" content=\"450\" \/>\n\t<meta property=\"og:image:height\" content=\"450\" \/>\n\t<meta property=\"og:image:type\" content=\"image\/png\" \/>\n<meta name=\"twitter:card\" content=\"summary_large_image\" \/>\n<meta name=\"twitter:label1\" content=\"Tiempo de lectura\" \/>\n\t<meta name=\"twitter:data1\" content=\"1 minute\" \/>\n<script type=\"application\/ld+json\" class=\"yoast-schema-graph\">{\"@context\":\"https:\\\/\\\/schema.org\",\"@graph\":[{\"@type\":\"WebPage\",\"@id\":\"https:\\\/\\\/associationfiat.com\\\/es\\\/producto\\\/el-espiritu-santo-aliento-vital-de-la-iglesia-tomo-2-cardenal-suenens\\\/\",\"url\":\"https:\\\/\\\/associationfiat.com\\\/es\\\/producto\\\/el-espiritu-santo-aliento-vital-de-la-iglesia-tomo-2-cardenal-suenens\\\/\",\"name\":\"Tomo 2 - La difusi\u00f3n es asumida por CHARIS (en el Vaticano) - Association FIAT\",\"isPartOf\":{\"@id\":\"https:\\\/\\\/associationfiat.com\\\/#website\"},\"primaryImageOfPage\":{\"@id\":\"https:\\\/\\\/associationfiat.com\\\/es\\\/producto\\\/el-espiritu-santo-aliento-vital-de-la-iglesia-tomo-2-cardenal-suenens\\\/#primaryimage\"},\"image\":{\"@id\":\"https:\\\/\\\/associationfiat.com\\\/es\\\/producto\\\/el-espiritu-santo-aliento-vital-de-la-iglesia-tomo-2-cardenal-suenens\\\/#primaryimage\"},\"thumbnailUrl\":\"https:\\\/\\\/associationfiat.com\\\/wp-content\\\/uploads\\\/2017\\\/01\\\/el-espiritu-santo-aliento-vital-2.png\",\"datePublished\":\"2017-01-04T13:36:09+00:00\",\"dateModified\":\"2019-08-28T14:57:06+00:00\",\"breadcrumb\":{\"@id\":\"https:\\\/\\\/associationfiat.com\\\/es\\\/producto\\\/el-espiritu-santo-aliento-vital-de-la-iglesia-tomo-2-cardenal-suenens\\\/#breadcrumb\"},\"inLanguage\":\"es-ES\",\"potentialAction\":[{\"@type\":\"ReadAction\",\"target\":[\"https:\\\/\\\/associationfiat.com\\\/es\\\/producto\\\/el-espiritu-santo-aliento-vital-de-la-iglesia-tomo-2-cardenal-suenens\\\/\"]}]},{\"@type\":\"ImageObject\",\"inLanguage\":\"es-ES\",\"@id\":\"https:\\\/\\\/associationfiat.com\\\/es\\\/producto\\\/el-espiritu-santo-aliento-vital-de-la-iglesia-tomo-2-cardenal-suenens\\\/#primaryimage\",\"url\":\"https:\\\/\\\/associationfiat.com\\\/wp-content\\\/uploads\\\/2017\\\/01\\\/el-espiritu-santo-aliento-vital-2.png\",\"contentUrl\":\"https:\\\/\\\/associationfiat.com\\\/wp-content\\\/uploads\\\/2017\\\/01\\\/el-espiritu-santo-aliento-vital-2.png\",\"width\":450,\"height\":450},{\"@type\":\"BreadcrumbList\",\"@id\":\"https:\\\/\\\/associationfiat.com\\\/es\\\/producto\\\/el-espiritu-santo-aliento-vital-de-la-iglesia-tomo-2-cardenal-suenens\\\/#breadcrumb\",\"itemListElement\":[{\"@type\":\"ListItem\",\"position\":1,\"name\":\"Home\",\"item\":\"https:\\\/\\\/associationfiat.com\\\/\"},{\"@type\":\"ListItem\",\"position\":2,\"name\":\"Tienda\",\"item\":\"https:\\\/\\\/associationfiat.com\\\/es\\\/tienda\\\/\"},{\"@type\":\"ListItem\",\"position\":3,\"name\":\"Tomo 2 &#8211; La difusi\u00f3n es asumida por CHARIS (en el Vaticano)\"}]},{\"@type\":\"WebSite\",\"@id\":\"https:\\\/\\\/associationfiat.com\\\/#website\",\"url\":\"https:\\\/\\\/associationfiat.com\\\/\",\"name\":\"Association FIAT\",\"description\":\"\",\"potentialAction\":[{\"@type\":\"SearchAction\",\"target\":{\"@type\":\"EntryPoint\",\"urlTemplate\":\"https:\\\/\\\/associationfiat.com\\\/?s={search_term_string}\"},\"query-input\":{\"@type\":\"PropertyValueSpecification\",\"valueRequired\":true,\"valueName\":\"search_term_string\"}}],\"inLanguage\":\"es-ES\"}]}<\/script>\n<!-- \/ Yoast SEO plugin. -->","yoast_head_json":{"title":"Tomo 2 - La difusi\u00f3n es asumida por CHARIS (en el Vaticano) - Association FIAT","robots":{"index":"index","follow":"follow","max-snippet":"max-snippet:-1","max-image-preview":"max-image-preview:large","max-video-preview":"max-video-preview:-1"},"canonical":"https:\/\/associationfiat.com\/es\/producto\/el-espiritu-santo-aliento-vital-de-la-iglesia-tomo-2-cardenal-suenens\/","og_locale":"es_ES","og_type":"article","og_title":"Tomo 2 - La difusi\u00f3n es asumida por CHARIS (en el Vaticano) - Association FIAT","og_description":"La difusi\u00f3n es asumida por CHARIS (en el Vaticano) Contacto:\u00a0info@charis.international Cuando el cardenal Suenens escribi\u00f3 el libro &#8216;Un nuevo Pentecost\u00e9s&#8217; &#8211; entre interrogantes &#8211; pretend\u00eda dar a entender que la Renovaci\u00f3n en el Espiritu Santo, que el no ve\u00eda como un movimiento en la Iglesia, [&hellip;]","og_url":"https:\/\/associationfiat.com\/es\/producto\/el-espiritu-santo-aliento-vital-de-la-iglesia-tomo-2-cardenal-suenens\/","og_site_name":"Association FIAT","article_modified_time":"2019-08-28T14:57:06+00:00","og_image":[{"width":450,"height":450,"url":"https:\/\/associationfiat.com\/wp-content\/uploads\/2017\/01\/el-espiritu-santo-aliento-vital-2.png","type":"image\/png"}],"twitter_card":"summary_large_image","twitter_misc":{"Tiempo de lectura":"1 minute"},"schema":{"@context":"https:\/\/schema.org","@graph":[{"@type":"WebPage","@id":"https:\/\/associationfiat.com\/es\/producto\/el-espiritu-santo-aliento-vital-de-la-iglesia-tomo-2-cardenal-suenens\/","url":"https:\/\/associationfiat.com\/es\/producto\/el-espiritu-santo-aliento-vital-de-la-iglesia-tomo-2-cardenal-suenens\/","name":"Tomo 2 - La difusi\u00f3n es asumida por CHARIS (en el Vaticano) - Association FIAT","isPartOf":{"@id":"https:\/\/associationfiat.com\/#website"},"primaryImageOfPage":{"@id":"https:\/\/associationfiat.com\/es\/producto\/el-espiritu-santo-aliento-vital-de-la-iglesia-tomo-2-cardenal-suenens\/#primaryimage"},"image":{"@id":"https:\/\/associationfiat.com\/es\/producto\/el-espiritu-santo-aliento-vital-de-la-iglesia-tomo-2-cardenal-suenens\/#primaryimage"},"thumbnailUrl":"https:\/\/associationfiat.com\/wp-content\/uploads\/2017\/01\/el-espiritu-santo-aliento-vital-2.png","datePublished":"2017-01-04T13:36:09+00:00","dateModified":"2019-08-28T14:57:06+00:00","breadcrumb":{"@id":"https:\/\/associationfiat.com\/es\/producto\/el-espiritu-santo-aliento-vital-de-la-iglesia-tomo-2-cardenal-suenens\/#breadcrumb"},"inLanguage":"es-ES","potentialAction":[{"@type":"ReadAction","target":["https:\/\/associationfiat.com\/es\/producto\/el-espiritu-santo-aliento-vital-de-la-iglesia-tomo-2-cardenal-suenens\/"]}]},{"@type":"ImageObject","inLanguage":"es-ES","@id":"https:\/\/associationfiat.com\/es\/producto\/el-espiritu-santo-aliento-vital-de-la-iglesia-tomo-2-cardenal-suenens\/#primaryimage","url":"https:\/\/associationfiat.com\/wp-content\/uploads\/2017\/01\/el-espiritu-santo-aliento-vital-2.png","contentUrl":"https:\/\/associationfiat.com\/wp-content\/uploads\/2017\/01\/el-espiritu-santo-aliento-vital-2.png","width":450,"height":450},{"@type":"BreadcrumbList","@id":"https:\/\/associationfiat.com\/es\/producto\/el-espiritu-santo-aliento-vital-de-la-iglesia-tomo-2-cardenal-suenens\/#breadcrumb","itemListElement":[{"@type":"ListItem","position":1,"name":"Home","item":"https:\/\/associationfiat.com\/"},{"@type":"ListItem","position":2,"name":"Tienda","item":"https:\/\/associationfiat.com\/es\/tienda\/"},{"@type":"ListItem","position":3,"name":"Tomo 2 &#8211; La difusi\u00f3n es asumida por CHARIS (en el Vaticano)"}]},{"@type":"WebSite","@id":"https:\/\/associationfiat.com\/#website","url":"https:\/\/associationfiat.com\/","name":"Association FIAT","description":"","potentialAction":[{"@type":"SearchAction","target":{"@type":"EntryPoint","urlTemplate":"https:\/\/associationfiat.com\/?s={search_term_string}"},"query-input":{"@type":"PropertyValueSpecification","valueRequired":true,"valueName":"search_term_string"}}],"inLanguage":"es-ES"}]}},"_links":{"self":[{"href":"https:\/\/associationfiat.com\/es\/wp-json\/wp\/v2\/product\/4458","targetHints":{"allow":["GET"]}}],"collection":[{"href":"https:\/\/associationfiat.com\/es\/wp-json\/wp\/v2\/product"}],"about":[{"href":"https:\/\/associationfiat.com\/es\/wp-json\/wp\/v2\/types\/product"}],"wp:featuredmedia":[{"embeddable":true,"href":"https:\/\/associationfiat.com\/es\/wp-json\/wp\/v2\/media\/4475"}],"wp:attachment":[{"href":"https:\/\/associationfiat.com\/es\/wp-json\/wp\/v2\/media?parent=4458"}],"wp:term":[{"taxonomy":"product_brand","embeddable":true,"href":"https:\/\/associationfiat.com\/es\/wp-json\/wp\/v2\/product_brand?post=4458"},{"taxonomy":"product_cat","embeddable":true,"href":"https:\/\/associationfiat.com\/es\/wp-json\/wp\/v2\/product_cat?post=4458"},{"taxonomy":"product_tag","embeddable":true,"href":"https:\/\/associationfiat.com\/es\/wp-json\/wp\/v2\/product_tag?post=4458"}],"curies":[{"name":"wp","href":"https:\/\/api.w.org\/{rel}","templated":true}]}}