{"id":4455,"date":"2017-01-04T13:32:39","date_gmt":"2017-01-04T13:32:39","guid":{"rendered":"https:\/\/associationfiat.com\/?post_type=product&#038;p=4455"},"modified":"2026-03-01T12:41:43","modified_gmt":"2026-03-01T12:41:43","slug":"los-imprevistos-de-dios-cardenal-suenens","status":"publish","type":"product","link":"https:\/\/associationfiat.com\/es\/producto\/los-imprevistos-de-dios-cardenal-suenens\/","title":{"rendered":"Los imprevistos de Dios &#8211; Cardenal Suenens"},"content":{"rendered":"<p>Tras &#8216;Recuerdos y esperanzas&#8217;, que la vali\u00f3 el cardenal Suenens el Gran Premio de la Francophonie, otorgado al autor por la Academia francesa, para premiar el conjunto de su obra, tiene el lector entre sus manos &#8216;Los imprevistos de Dios&#8217;, que forman unidad con el anterior.<br \/>\nEste nuevo libro nos introduce en los azares profundos que han marcado su vida. El cardenal nos revela aqu\u00ed, en particular, su estrecha colaboraci\u00f3n, durante casi medio siglo, con una mujer irlandesa dotado de une personalidad fuera de lo com\u00fa, Veronica O&#8217;Brien, muy allegada tambi\u00e9n al papa Pablo VI y al cardenal Bonelli.<br \/>\nGracias a la confianza que depositaron en ella, desempe\u00f1o un papel discreto &#8211; aunque decisivo &#8211; en la acogida de Roma a la Renovaci\u00f3n carism\u00e1tica.<br \/>\nEn ejemplo vivido, en diferentes planos, de esta complementariedad, a trav\u00e9s de la diferencia entre &#8216;instituci\u00f3n&#8217; y &#8216;carisma&#8217;, podr\u00eda suponer una ayuda para iluminar y matizar los debates en curso sobre el lugar de la mujer en la Iglesia que debe ser valorada &#8216;mas, pero de otro modo&#8217;.<br \/>\nEl lector tiene entre sus manos un libro de recuerdos, lleno de vida, de elementos inesperados y de humor. Un libro con mensaje prof\u00e9tico en el umbral de los nuevos tiempos.<\/p>\n<p>&nbsp;<\/p>\n<p>345 p.<br \/>\nISBN: 84-7050-764-8<\/p>\n","protected":false},"excerpt":{"rendered":"<p>Tras &#8216;Recuerdos y esperanzas&#8217;, que la vali\u00f3 el cardenal Suenens el Gran Premio de la Francophonie, otorgado al autor por la Academia francesa, para premiar el conjunto de su obra, tiene el lector entre sus manos &#8216;Los imprevistos de Dios&#8217;, que forman unidad con el [&hellip;]<\/p>\n","protected":false},"featured_media":4479,"template":"","meta":{"_acf_changed":false},"product_brand":[],"product_cat":[39],"product_tag":[],"class_list":{"0":"post-4455","1":"product","2":"type-product","3":"status-publish","4":"has-post-thumbnail","6":"product_cat-libros","8":"first","9":"instock","10":"shipping-taxable","11":"purchasable","12":"product-type-simple"},"acf":[],"yoast_head":"<!-- This site is optimized with the Yoast SEO plugin v27.5 - https:\/\/yoast.com\/product\/yoast-seo-wordpress\/ -->\n<title>Los imprevistos de Dios - Cardenal Suenens - Association FIAT<\/title>\n<meta name=\"robots\" content=\"index, follow, max-snippet:-1, max-image-preview:large, max-video-preview:-1\" \/>\n<link rel=\"canonical\" href=\"https:\/\/associationfiat.com\/es\/producto\/los-imprevistos-de-dios-cardenal-suenens\/\" \/>\n<meta property=\"og:locale\" content=\"es_ES\" \/>\n<meta property=\"og:type\" content=\"article\" \/>\n<meta property=\"og:title\" content=\"Los imprevistos de Dios - Cardenal Suenens - Association FIAT\" \/>\n<meta property=\"og:description\" content=\"Tras &#8216;Recuerdos y esperanzas&#8217;, que la vali\u00f3 el cardenal Suenens el Gran Premio de la Francophonie, otorgado al autor por la Academia francesa, para premiar el conjunto de su obra, tiene el lector entre sus manos &#8216;Los imprevistos de Dios&#8217;, que forman unidad con el [&hellip;]\" \/>\n<meta property=\"og:url\" content=\"https:\/\/associationfiat.com\/es\/producto\/los-imprevistos-de-dios-cardenal-suenens\/\" \/>\n<meta property=\"og:site_name\" content=\"Association FIAT\" \/>\n<meta property=\"article:modified_time\" content=\"2026-03-01T12:41:43+00:00\" \/>\n<meta property=\"og:image\" content=\"https:\/\/associationfiat.com\/wp-content\/uploads\/2017\/01\/los-imprevistos-de-Dios.png\" \/>\n\t<meta property=\"og:image:width\" content=\"450\" \/>\n\t<meta property=\"og:image:height\" content=\"450\" \/>\n\t<meta property=\"og:image:type\" content=\"image\/png\" \/>\n<meta name=\"twitter:card\" content=\"summary_large_image\" \/>\n<meta name=\"twitter:label1\" content=\"Tiempo de lectura\" \/>\n\t<meta name=\"twitter:data1\" content=\"2 minutes\" \/>\n<script type=\"application\/ld+json\" class=\"yoast-schema-graph\">{\"@context\":\"https:\\\/\\\/schema.org\",\"@graph\":[{\"@type\":\"WebPage\",\"@id\":\"https:\\\/\\\/associationfiat.com\\\/es\\\/producto\\\/los-imprevistos-de-dios-cardenal-suenens\\\/\",\"url\":\"https:\\\/\\\/associationfiat.com\\\/es\\\/producto\\\/los-imprevistos-de-dios-cardenal-suenens\\\/\",\"name\":\"Los imprevistos de Dios - Cardenal Suenens - Association FIAT\",\"isPartOf\":{\"@id\":\"https:\\\/\\\/associationfiat.com\\\/#website\"},\"primaryImageOfPage\":{\"@id\":\"https:\\\/\\\/associationfiat.com\\\/es\\\/producto\\\/los-imprevistos-de-dios-cardenal-suenens\\\/#primaryimage\"},\"image\":{\"@id\":\"https:\\\/\\\/associationfiat.com\\\/es\\\/producto\\\/los-imprevistos-de-dios-cardenal-suenens\\\/#primaryimage\"},\"thumbnailUrl\":\"https:\\\/\\\/associationfiat.com\\\/wp-content\\\/uploads\\\/2017\\\/01\\\/los-imprevistos-de-Dios.png\",\"datePublished\":\"2017-01-04T13:32:39+00:00\",\"dateModified\":\"2026-03-01T12:41:43+00:00\",\"breadcrumb\":{\"@id\":\"https:\\\/\\\/associationfiat.com\\\/es\\\/producto\\\/los-imprevistos-de-dios-cardenal-suenens\\\/#breadcrumb\"},\"inLanguage\":\"es-ES\",\"potentialAction\":[{\"@type\":\"ReadAction\",\"target\":[\"https:\\\/\\\/associationfiat.com\\\/es\\\/producto\\\/los-imprevistos-de-dios-cardenal-suenens\\\/\"]}]},{\"@type\":\"ImageObject\",\"inLanguage\":\"es-ES\",\"@id\":\"https:\\\/\\\/associationfiat.com\\\/es\\\/producto\\\/los-imprevistos-de-dios-cardenal-suenens\\\/#primaryimage\",\"url\":\"https:\\\/\\\/associationfiat.com\\\/wp-content\\\/uploads\\\/2017\\\/01\\\/los-imprevistos-de-Dios.png\",\"contentUrl\":\"https:\\\/\\\/associationfiat.com\\\/wp-content\\\/uploads\\\/2017\\\/01\\\/los-imprevistos-de-Dios.png\",\"width\":450,\"height\":450},{\"@type\":\"BreadcrumbList\",\"@id\":\"https:\\\/\\\/associationfiat.com\\\/es\\\/producto\\\/los-imprevistos-de-dios-cardenal-suenens\\\/#breadcrumb\",\"itemListElement\":[{\"@type\":\"ListItem\",\"position\":1,\"name\":\"Home\",\"item\":\"https:\\\/\\\/associationfiat.com\\\/\"},{\"@type\":\"ListItem\",\"position\":2,\"name\":\"Tienda\",\"item\":\"https:\\\/\\\/associationfiat.com\\\/es\\\/tienda\\\/\"},{\"@type\":\"ListItem\",\"position\":3,\"name\":\"Los imprevistos de Dios &#8211; Cardenal Suenens\"}]},{\"@type\":\"WebSite\",\"@id\":\"https:\\\/\\\/associationfiat.com\\\/#website\",\"url\":\"https:\\\/\\\/associationfiat.com\\\/\",\"name\":\"Association FIAT\",\"description\":\"\",\"potentialAction\":[{\"@type\":\"SearchAction\",\"target\":{\"@type\":\"EntryPoint\",\"urlTemplate\":\"https:\\\/\\\/associationfiat.com\\\/?s={search_term_string}\"},\"query-input\":{\"@type\":\"PropertyValueSpecification\",\"valueRequired\":true,\"valueName\":\"search_term_string\"}}],\"inLanguage\":\"es-ES\"}]}<\/script>\n<!-- \/ Yoast SEO plugin. -->","yoast_head_json":{"title":"Los imprevistos de Dios - Cardenal Suenens - Association FIAT","robots":{"index":"index","follow":"follow","max-snippet":"max-snippet:-1","max-image-preview":"max-image-preview:large","max-video-preview":"max-video-preview:-1"},"canonical":"https:\/\/associationfiat.com\/es\/producto\/los-imprevistos-de-dios-cardenal-suenens\/","og_locale":"es_ES","og_type":"article","og_title":"Los imprevistos de Dios - Cardenal Suenens - Association FIAT","og_description":"Tras &#8216;Recuerdos y esperanzas&#8217;, que la vali\u00f3 el cardenal Suenens el Gran Premio de la Francophonie, otorgado al autor por la Academia francesa, para premiar el conjunto de su obra, tiene el lector entre sus manos &#8216;Los imprevistos de Dios&#8217;, que forman unidad con el [&hellip;]","og_url":"https:\/\/associationfiat.com\/es\/producto\/los-imprevistos-de-dios-cardenal-suenens\/","og_site_name":"Association FIAT","article_modified_time":"2026-03-01T12:41:43+00:00","og_image":[{"width":450,"height":450,"url":"https:\/\/associationfiat.com\/wp-content\/uploads\/2017\/01\/los-imprevistos-de-Dios.png","type":"image\/png"}],"twitter_card":"summary_large_image","twitter_misc":{"Tiempo de lectura":"2 minutes"},"schema":{"@context":"https:\/\/schema.org","@graph":[{"@type":"WebPage","@id":"https:\/\/associationfiat.com\/es\/producto\/los-imprevistos-de-dios-cardenal-suenens\/","url":"https:\/\/associationfiat.com\/es\/producto\/los-imprevistos-de-dios-cardenal-suenens\/","name":"Los imprevistos de Dios - Cardenal Suenens - Association FIAT","isPartOf":{"@id":"https:\/\/associationfiat.com\/#website"},"primaryImageOfPage":{"@id":"https:\/\/associationfiat.com\/es\/producto\/los-imprevistos-de-dios-cardenal-suenens\/#primaryimage"},"image":{"@id":"https:\/\/associationfiat.com\/es\/producto\/los-imprevistos-de-dios-cardenal-suenens\/#primaryimage"},"thumbnailUrl":"https:\/\/associationfiat.com\/wp-content\/uploads\/2017\/01\/los-imprevistos-de-Dios.png","datePublished":"2017-01-04T13:32:39+00:00","dateModified":"2026-03-01T12:41:43+00:00","breadcrumb":{"@id":"https:\/\/associationfiat.com\/es\/producto\/los-imprevistos-de-dios-cardenal-suenens\/#breadcrumb"},"inLanguage":"es-ES","potentialAction":[{"@type":"ReadAction","target":["https:\/\/associationfiat.com\/es\/producto\/los-imprevistos-de-dios-cardenal-suenens\/"]}]},{"@type":"ImageObject","inLanguage":"es-ES","@id":"https:\/\/associationfiat.com\/es\/producto\/los-imprevistos-de-dios-cardenal-suenens\/#primaryimage","url":"https:\/\/associationfiat.com\/wp-content\/uploads\/2017\/01\/los-imprevistos-de-Dios.png","contentUrl":"https:\/\/associationfiat.com\/wp-content\/uploads\/2017\/01\/los-imprevistos-de-Dios.png","width":450,"height":450},{"@type":"BreadcrumbList","@id":"https:\/\/associationfiat.com\/es\/producto\/los-imprevistos-de-dios-cardenal-suenens\/#breadcrumb","itemListElement":[{"@type":"ListItem","position":1,"name":"Home","item":"https:\/\/associationfiat.com\/"},{"@type":"ListItem","position":2,"name":"Tienda","item":"https:\/\/associationfiat.com\/es\/tienda\/"},{"@type":"ListItem","position":3,"name":"Los imprevistos de Dios &#8211; Cardenal Suenens"}]},{"@type":"WebSite","@id":"https:\/\/associationfiat.com\/#website","url":"https:\/\/associationfiat.com\/","name":"Association FIAT","description":"","potentialAction":[{"@type":"SearchAction","target":{"@type":"EntryPoint","urlTemplate":"https:\/\/associationfiat.com\/?s={search_term_string}"},"query-input":{"@type":"PropertyValueSpecification","valueRequired":true,"valueName":"search_term_string"}}],"inLanguage":"es-ES"}]}},"_links":{"self":[{"href":"https:\/\/associationfiat.com\/es\/wp-json\/wp\/v2\/product\/4455","targetHints":{"allow":["GET"]}}],"collection":[{"href":"https:\/\/associationfiat.com\/es\/wp-json\/wp\/v2\/product"}],"about":[{"href":"https:\/\/associationfiat.com\/es\/wp-json\/wp\/v2\/types\/product"}],"wp:featuredmedia":[{"embeddable":true,"href":"https:\/\/associationfiat.com\/es\/wp-json\/wp\/v2\/media\/4479"}],"wp:attachment":[{"href":"https:\/\/associationfiat.com\/es\/wp-json\/wp\/v2\/media?parent=4455"}],"wp:term":[{"taxonomy":"product_brand","embeddable":true,"href":"https:\/\/associationfiat.com\/es\/wp-json\/wp\/v2\/product_brand?post=4455"},{"taxonomy":"product_cat","embeddable":true,"href":"https:\/\/associationfiat.com\/es\/wp-json\/wp\/v2\/product_cat?post=4455"},{"taxonomy":"product_tag","embeddable":true,"href":"https:\/\/associationfiat.com\/es\/wp-json\/wp\/v2\/product_tag?post=4455"}],"curies":[{"name":"wp","href":"https:\/\/api.w.org\/{rel}","templated":true}]}}