{"id":4454,"date":"2017-01-04T13:31:57","date_gmt":"2017-01-04T13:31:57","guid":{"rendered":"https:\/\/associationfiat.com\/?post_type=product&#038;p=4454"},"modified":"2026-03-01T12:42:33","modified_gmt":"2026-03-01T12:42:33","slug":"recuerdos-y-esperanzas-cardenal-suenens","status":"publish","type":"product","link":"https:\/\/associationfiat.com\/es\/producto\/recuerdos-y-esperanzas-cardenal-suenens\/","title":{"rendered":"Recuerdos y esperanzas &#8211; Cardenal Suenens"},"content":{"rendered":"<p>Estas paginas, redactadas por una pluma despierta, donde se insertan una enorme cantidad de recuerdos in\u00e9ditos sobre los Papas de nuestro tiempo &#8211; capitales para la historia de la Iglesia contempor\u00e1nea &#8211; y en especial sobre Juan XXIII, apasionaran al lector. En ellas encontrara inspiraci\u00f3n e informaci\u00f3n, explicaci\u00f3n del pasado y apertura al futuro.<br \/>\nEl Cardenal Suenens nos hace vivir por dentro ese acontecimiento, capital para la historia contempor\u00e1nea, qu es el concilio Vaticano II. Muchas de las paginas de este libro constituyen autenticas fuentes imprescindibles para el historiador de nuestros d\u00edas. Mayo del 68. Ecumenismo. Redescubrimiento del papel del Espiritu. De tot elle encontrara el lector cumplida informaci\u00f3n en estas paginas.<\/p>\n<p>&nbsp;<\/p>\n<p>389 p.<br \/>\nISB 84-7050-605-6<\/p>\n","protected":false},"excerpt":{"rendered":"<p>Estas paginas, redactadas por una pluma despierta, donde se insertan una enorme cantidad de recuerdos in\u00e9ditos sobre los Papas de nuestro tiempo &#8211; capitales para la historia de la Iglesia contempor\u00e1nea &#8211; y en especial sobre Juan XXIII, apasionaran al lector. En ellas encontrara inspiraci\u00f3n [&hellip;]<\/p>\n","protected":false},"featured_media":4483,"template":"","meta":{"_acf_changed":false},"product_brand":[],"product_cat":[39],"product_tag":[],"class_list":{"0":"post-4454","1":"product","2":"type-product","3":"status-publish","4":"has-post-thumbnail","6":"product_cat-libros","8":"first","9":"instock","10":"shipping-taxable","11":"purchasable","12":"product-type-simple"},"acf":[],"yoast_head":"<!-- This site is optimized with the Yoast SEO plugin v27.5 - https:\/\/yoast.com\/product\/yoast-seo-wordpress\/ -->\n<title>Recuerdos y esperanzas - Cardenal Suenens - Association FIAT<\/title>\n<meta name=\"robots\" content=\"index, follow, max-snippet:-1, max-image-preview:large, max-video-preview:-1\" \/>\n<link rel=\"canonical\" href=\"https:\/\/associationfiat.com\/es\/producto\/recuerdos-y-esperanzas-cardenal-suenens\/\" \/>\n<meta property=\"og:locale\" content=\"es_ES\" \/>\n<meta property=\"og:type\" content=\"article\" \/>\n<meta property=\"og:title\" content=\"Recuerdos y esperanzas - Cardenal Suenens - Association FIAT\" \/>\n<meta property=\"og:description\" content=\"Estas paginas, redactadas por una pluma despierta, donde se insertan una enorme cantidad de recuerdos in\u00e9ditos sobre los Papas de nuestro tiempo &#8211; capitales para la historia de la Iglesia contempor\u00e1nea &#8211; y en especial sobre Juan XXIII, apasionaran al lector. En ellas encontrara inspiraci\u00f3n [&hellip;]\" \/>\n<meta property=\"og:url\" content=\"https:\/\/associationfiat.com\/es\/producto\/recuerdos-y-esperanzas-cardenal-suenens\/\" \/>\n<meta property=\"og:site_name\" content=\"Association FIAT\" \/>\n<meta property=\"article:modified_time\" content=\"2026-03-01T12:42:33+00:00\" \/>\n<meta property=\"og:image\" content=\"https:\/\/associationfiat.com\/wp-content\/uploads\/2017\/01\/recuerdos-y-esperanzas.png\" \/>\n\t<meta property=\"og:image:width\" content=\"450\" \/>\n\t<meta property=\"og:image:height\" content=\"450\" \/>\n\t<meta property=\"og:image:type\" content=\"image\/png\" \/>\n<meta name=\"twitter:card\" content=\"summary_large_image\" \/>\n<meta name=\"twitter:label1\" content=\"Tiempo de lectura\" \/>\n\t<meta name=\"twitter:data1\" content=\"1 minute\" \/>\n<script type=\"application\/ld+json\" class=\"yoast-schema-graph\">{\"@context\":\"https:\\\/\\\/schema.org\",\"@graph\":[{\"@type\":\"WebPage\",\"@id\":\"https:\\\/\\\/associationfiat.com\\\/es\\\/producto\\\/recuerdos-y-esperanzas-cardenal-suenens\\\/\",\"url\":\"https:\\\/\\\/associationfiat.com\\\/es\\\/producto\\\/recuerdos-y-esperanzas-cardenal-suenens\\\/\",\"name\":\"Recuerdos y esperanzas - Cardenal Suenens - Association FIAT\",\"isPartOf\":{\"@id\":\"https:\\\/\\\/associationfiat.com\\\/#website\"},\"primaryImageOfPage\":{\"@id\":\"https:\\\/\\\/associationfiat.com\\\/es\\\/producto\\\/recuerdos-y-esperanzas-cardenal-suenens\\\/#primaryimage\"},\"image\":{\"@id\":\"https:\\\/\\\/associationfiat.com\\\/es\\\/producto\\\/recuerdos-y-esperanzas-cardenal-suenens\\\/#primaryimage\"},\"thumbnailUrl\":\"https:\\\/\\\/associationfiat.com\\\/wp-content\\\/uploads\\\/2017\\\/01\\\/recuerdos-y-esperanzas.png\",\"datePublished\":\"2017-01-04T13:31:57+00:00\",\"dateModified\":\"2026-03-01T12:42:33+00:00\",\"breadcrumb\":{\"@id\":\"https:\\\/\\\/associationfiat.com\\\/es\\\/producto\\\/recuerdos-y-esperanzas-cardenal-suenens\\\/#breadcrumb\"},\"inLanguage\":\"es-ES\",\"potentialAction\":[{\"@type\":\"ReadAction\",\"target\":[\"https:\\\/\\\/associationfiat.com\\\/es\\\/producto\\\/recuerdos-y-esperanzas-cardenal-suenens\\\/\"]}]},{\"@type\":\"ImageObject\",\"inLanguage\":\"es-ES\",\"@id\":\"https:\\\/\\\/associationfiat.com\\\/es\\\/producto\\\/recuerdos-y-esperanzas-cardenal-suenens\\\/#primaryimage\",\"url\":\"https:\\\/\\\/associationfiat.com\\\/wp-content\\\/uploads\\\/2017\\\/01\\\/recuerdos-y-esperanzas.png\",\"contentUrl\":\"https:\\\/\\\/associationfiat.com\\\/wp-content\\\/uploads\\\/2017\\\/01\\\/recuerdos-y-esperanzas.png\",\"width\":450,\"height\":450},{\"@type\":\"BreadcrumbList\",\"@id\":\"https:\\\/\\\/associationfiat.com\\\/es\\\/producto\\\/recuerdos-y-esperanzas-cardenal-suenens\\\/#breadcrumb\",\"itemListElement\":[{\"@type\":\"ListItem\",\"position\":1,\"name\":\"Home\",\"item\":\"https:\\\/\\\/associationfiat.com\\\/\"},{\"@type\":\"ListItem\",\"position\":2,\"name\":\"Tienda\",\"item\":\"https:\\\/\\\/associationfiat.com\\\/es\\\/tienda\\\/\"},{\"@type\":\"ListItem\",\"position\":3,\"name\":\"Recuerdos y esperanzas &#8211; Cardenal Suenens\"}]},{\"@type\":\"WebSite\",\"@id\":\"https:\\\/\\\/associationfiat.com\\\/#website\",\"url\":\"https:\\\/\\\/associationfiat.com\\\/\",\"name\":\"Association FIAT\",\"description\":\"\",\"potentialAction\":[{\"@type\":\"SearchAction\",\"target\":{\"@type\":\"EntryPoint\",\"urlTemplate\":\"https:\\\/\\\/associationfiat.com\\\/?s={search_term_string}\"},\"query-input\":{\"@type\":\"PropertyValueSpecification\",\"valueRequired\":true,\"valueName\":\"search_term_string\"}}],\"inLanguage\":\"es-ES\"}]}<\/script>\n<!-- \/ Yoast SEO plugin. -->","yoast_head_json":{"title":"Recuerdos y esperanzas - Cardenal Suenens - Association FIAT","robots":{"index":"index","follow":"follow","max-snippet":"max-snippet:-1","max-image-preview":"max-image-preview:large","max-video-preview":"max-video-preview:-1"},"canonical":"https:\/\/associationfiat.com\/es\/producto\/recuerdos-y-esperanzas-cardenal-suenens\/","og_locale":"es_ES","og_type":"article","og_title":"Recuerdos y esperanzas - Cardenal Suenens - Association FIAT","og_description":"Estas paginas, redactadas por una pluma despierta, donde se insertan una enorme cantidad de recuerdos in\u00e9ditos sobre los Papas de nuestro tiempo &#8211; capitales para la historia de la Iglesia contempor\u00e1nea &#8211; y en especial sobre Juan XXIII, apasionaran al lector. En ellas encontrara inspiraci\u00f3n [&hellip;]","og_url":"https:\/\/associationfiat.com\/es\/producto\/recuerdos-y-esperanzas-cardenal-suenens\/","og_site_name":"Association FIAT","article_modified_time":"2026-03-01T12:42:33+00:00","og_image":[{"width":450,"height":450,"url":"https:\/\/associationfiat.com\/wp-content\/uploads\/2017\/01\/recuerdos-y-esperanzas.png","type":"image\/png"}],"twitter_card":"summary_large_image","twitter_misc":{"Tiempo de lectura":"1 minute"},"schema":{"@context":"https:\/\/schema.org","@graph":[{"@type":"WebPage","@id":"https:\/\/associationfiat.com\/es\/producto\/recuerdos-y-esperanzas-cardenal-suenens\/","url":"https:\/\/associationfiat.com\/es\/producto\/recuerdos-y-esperanzas-cardenal-suenens\/","name":"Recuerdos y esperanzas - Cardenal Suenens - Association FIAT","isPartOf":{"@id":"https:\/\/associationfiat.com\/#website"},"primaryImageOfPage":{"@id":"https:\/\/associationfiat.com\/es\/producto\/recuerdos-y-esperanzas-cardenal-suenens\/#primaryimage"},"image":{"@id":"https:\/\/associationfiat.com\/es\/producto\/recuerdos-y-esperanzas-cardenal-suenens\/#primaryimage"},"thumbnailUrl":"https:\/\/associationfiat.com\/wp-content\/uploads\/2017\/01\/recuerdos-y-esperanzas.png","datePublished":"2017-01-04T13:31:57+00:00","dateModified":"2026-03-01T12:42:33+00:00","breadcrumb":{"@id":"https:\/\/associationfiat.com\/es\/producto\/recuerdos-y-esperanzas-cardenal-suenens\/#breadcrumb"},"inLanguage":"es-ES","potentialAction":[{"@type":"ReadAction","target":["https:\/\/associationfiat.com\/es\/producto\/recuerdos-y-esperanzas-cardenal-suenens\/"]}]},{"@type":"ImageObject","inLanguage":"es-ES","@id":"https:\/\/associationfiat.com\/es\/producto\/recuerdos-y-esperanzas-cardenal-suenens\/#primaryimage","url":"https:\/\/associationfiat.com\/wp-content\/uploads\/2017\/01\/recuerdos-y-esperanzas.png","contentUrl":"https:\/\/associationfiat.com\/wp-content\/uploads\/2017\/01\/recuerdos-y-esperanzas.png","width":450,"height":450},{"@type":"BreadcrumbList","@id":"https:\/\/associationfiat.com\/es\/producto\/recuerdos-y-esperanzas-cardenal-suenens\/#breadcrumb","itemListElement":[{"@type":"ListItem","position":1,"name":"Home","item":"https:\/\/associationfiat.com\/"},{"@type":"ListItem","position":2,"name":"Tienda","item":"https:\/\/associationfiat.com\/es\/tienda\/"},{"@type":"ListItem","position":3,"name":"Recuerdos y esperanzas &#8211; Cardenal Suenens"}]},{"@type":"WebSite","@id":"https:\/\/associationfiat.com\/#website","url":"https:\/\/associationfiat.com\/","name":"Association FIAT","description":"","potentialAction":[{"@type":"SearchAction","target":{"@type":"EntryPoint","urlTemplate":"https:\/\/associationfiat.com\/?s={search_term_string}"},"query-input":{"@type":"PropertyValueSpecification","valueRequired":true,"valueName":"search_term_string"}}],"inLanguage":"es-ES"}]}},"_links":{"self":[{"href":"https:\/\/associationfiat.com\/es\/wp-json\/wp\/v2\/product\/4454","targetHints":{"allow":["GET"]}}],"collection":[{"href":"https:\/\/associationfiat.com\/es\/wp-json\/wp\/v2\/product"}],"about":[{"href":"https:\/\/associationfiat.com\/es\/wp-json\/wp\/v2\/types\/product"}],"wp:featuredmedia":[{"embeddable":true,"href":"https:\/\/associationfiat.com\/es\/wp-json\/wp\/v2\/media\/4483"}],"wp:attachment":[{"href":"https:\/\/associationfiat.com\/es\/wp-json\/wp\/v2\/media?parent=4454"}],"wp:term":[{"taxonomy":"product_brand","embeddable":true,"href":"https:\/\/associationfiat.com\/es\/wp-json\/wp\/v2\/product_brand?post=4454"},{"taxonomy":"product_cat","embeddable":true,"href":"https:\/\/associationfiat.com\/es\/wp-json\/wp\/v2\/product_cat?post=4454"},{"taxonomy":"product_tag","embeddable":true,"href":"https:\/\/associationfiat.com\/es\/wp-json\/wp\/v2\/product_tag?post=4454"}],"curies":[{"name":"wp","href":"https:\/\/api.w.org\/{rel}","templated":true}]}}