{"id":35168,"date":"2025-05-01T09:12:54","date_gmt":"2025-05-01T09:12:54","guid":{"rendered":"https:\/\/associationfiat.com\/?post_type=product&#038;p=35168"},"modified":"2025-05-01T09:12:54","modified_gmt":"2025-05-01T09:12:54","slug":"veronica-obrien-fuego-evangelizador-jean-luc-moens","status":"publish","type":"product","link":"https:\/\/associationfiat.com\/es\/producto\/veronica-obrien-fuego-evangelizador-jean-luc-moens\/","title":{"rendered":"Veronica O\u2019Brien Fuego evangelizador \u2013 Jean-Luc Moens"},"content":{"rendered":"<p>Descripci\u00f3n del producto: Este folleto sobre la vida de Ver\u00f3nica se sit\u00faa en el contexto de su Causa de Beatificaci\u00f3n.<\/p>\n<p>Precio por unidad: : \u20ac 5.50<br \/>\nA partir de 12 unidades: \u20ac 4.50\/pcs.<br \/>\nN\u00famero de art\u00edculo: LB00921<\/p>\n<p>Este folleto tambi\u00e9n est\u00e1 disponible en italiano, neerland\u00e9s, franc\u00e9s e ingl\u00e9s.<\/p>\n","protected":false},"excerpt":{"rendered":"<p>Descripci\u00f3n del producto: Este folleto sobre la vida de Ver\u00f3nica se sit\u00faa en el contexto de su Causa de Beatificaci\u00f3n. Precio por unidad: : \u20ac 5.50 A partir de 12 unidades: \u20ac 4.50\/pcs. N\u00famero de art\u00edculo: LB00921 Este folleto tambi\u00e9n est\u00e1 disponible en italiano, neerland\u00e9s, [&hellip;]<\/p>\n","protected":false},"featured_media":34915,"template":"","meta":{"_acf_changed":false},"product_brand":[],"product_cat":[],"product_tag":[],"class_list":{"0":"post-35168","1":"product","2":"type-product","3":"status-publish","4":"has-post-thumbnail","7":"first","8":"instock","9":"shipping-taxable","10":"purchasable","11":"product-type-simple"},"acf":[],"yoast_head":"<!-- This site is optimized with the Yoast SEO plugin v27.4 - https:\/\/yoast.com\/product\/yoast-seo-wordpress\/ -->\n<title>Veronica O\u2019Brien Fuego evangelizador \u2013 Jean-Luc Moens - Association FIAT<\/title>\n<meta name=\"robots\" content=\"index, follow, max-snippet:-1, max-image-preview:large, max-video-preview:-1\" \/>\n<link rel=\"canonical\" href=\"https:\/\/associationfiat.com\/es\/producto\/veronica-obrien-fuego-evangelizador-jean-luc-moens\/\" \/>\n<meta property=\"og:locale\" content=\"es_ES\" \/>\n<meta property=\"og:type\" content=\"article\" \/>\n<meta property=\"og:title\" content=\"Veronica O\u2019Brien Fuego evangelizador \u2013 Jean-Luc Moens - Association FIAT\" \/>\n<meta property=\"og:description\" content=\"Descripci\u00f3n del producto: Este folleto sobre la vida de Ver\u00f3nica se sit\u00faa en el contexto de su Causa de Beatificaci\u00f3n. Precio por unidad: : \u20ac 5.50 A partir de 12 unidades: \u20ac 4.50\/pcs. N\u00famero de art\u00edculo: LB00921 Este folleto tambi\u00e9n est\u00e1 disponible en italiano, neerland\u00e9s, [&hellip;]\" \/>\n<meta property=\"og:url\" content=\"https:\/\/associationfiat.com\/es\/producto\/veronica-obrien-fuego-evangelizador-jean-luc-moens\/\" \/>\n<meta property=\"og:site_name\" content=\"Association FIAT\" \/>\n<meta property=\"og:image\" content=\"https:\/\/associationfiat.com\/wp-content\/uploads\/2025\/04\/LB00921-Spaanse-cover-boekje-Veronica-scaled.jpg\" \/>\n\t<meta property=\"og:image:width\" content=\"1495\" \/>\n\t<meta property=\"og:image:height\" content=\"2560\" \/>\n\t<meta property=\"og:image:type\" content=\"image\/jpeg\" \/>\n<meta name=\"twitter:card\" content=\"summary_large_image\" \/>\n<meta name=\"twitter:label1\" content=\"Tiempo de lectura\" \/>\n\t<meta name=\"twitter:data1\" content=\"1 minute\" \/>\n<script type=\"application\/ld+json\" class=\"yoast-schema-graph\">{\"@context\":\"https:\\\/\\\/schema.org\",\"@graph\":[{\"@type\":\"WebPage\",\"@id\":\"https:\\\/\\\/associationfiat.com\\\/es\\\/producto\\\/veronica-obrien-fuego-evangelizador-jean-luc-moens\\\/\",\"url\":\"https:\\\/\\\/associationfiat.com\\\/es\\\/producto\\\/veronica-obrien-fuego-evangelizador-jean-luc-moens\\\/\",\"name\":\"Veronica O\u2019Brien Fuego evangelizador \u2013 Jean-Luc Moens - Association FIAT\",\"isPartOf\":{\"@id\":\"https:\\\/\\\/associationfiat.com\\\/#website\"},\"primaryImageOfPage\":{\"@id\":\"https:\\\/\\\/associationfiat.com\\\/es\\\/producto\\\/veronica-obrien-fuego-evangelizador-jean-luc-moens\\\/#primaryimage\"},\"image\":{\"@id\":\"https:\\\/\\\/associationfiat.com\\\/es\\\/producto\\\/veronica-obrien-fuego-evangelizador-jean-luc-moens\\\/#primaryimage\"},\"thumbnailUrl\":\"https:\\\/\\\/associationfiat.com\\\/wp-content\\\/uploads\\\/2025\\\/04\\\/LB00921-Spaanse-cover-boekje-Veronica-scaled.jpg\",\"datePublished\":\"2025-05-01T09:12:54+00:00\",\"breadcrumb\":{\"@id\":\"https:\\\/\\\/associationfiat.com\\\/es\\\/producto\\\/veronica-obrien-fuego-evangelizador-jean-luc-moens\\\/#breadcrumb\"},\"inLanguage\":\"es-ES\",\"potentialAction\":[{\"@type\":\"ReadAction\",\"target\":[\"https:\\\/\\\/associationfiat.com\\\/es\\\/producto\\\/veronica-obrien-fuego-evangelizador-jean-luc-moens\\\/\"]}]},{\"@type\":\"ImageObject\",\"inLanguage\":\"es-ES\",\"@id\":\"https:\\\/\\\/associationfiat.com\\\/es\\\/producto\\\/veronica-obrien-fuego-evangelizador-jean-luc-moens\\\/#primaryimage\",\"url\":\"https:\\\/\\\/associationfiat.com\\\/wp-content\\\/uploads\\\/2025\\\/04\\\/LB00921-Spaanse-cover-boekje-Veronica-scaled.jpg\",\"contentUrl\":\"https:\\\/\\\/associationfiat.com\\\/wp-content\\\/uploads\\\/2025\\\/04\\\/LB00921-Spaanse-cover-boekje-Veronica-scaled.jpg\",\"width\":1495,\"height\":2560},{\"@type\":\"BreadcrumbList\",\"@id\":\"https:\\\/\\\/associationfiat.com\\\/es\\\/producto\\\/veronica-obrien-fuego-evangelizador-jean-luc-moens\\\/#breadcrumb\",\"itemListElement\":[{\"@type\":\"ListItem\",\"position\":1,\"name\":\"Home\",\"item\":\"https:\\\/\\\/associationfiat.com\\\/\"},{\"@type\":\"ListItem\",\"position\":2,\"name\":\"Tienda\",\"item\":\"https:\\\/\\\/associationfiat.com\\\/es\\\/tienda\\\/\"},{\"@type\":\"ListItem\",\"position\":3,\"name\":\"Veronica O\u2019Brien Fuego evangelizador \u2013 Jean-Luc Moens\"}]},{\"@type\":\"WebSite\",\"@id\":\"https:\\\/\\\/associationfiat.com\\\/#website\",\"url\":\"https:\\\/\\\/associationfiat.com\\\/\",\"name\":\"Association FIAT\",\"description\":\"\",\"potentialAction\":[{\"@type\":\"SearchAction\",\"target\":{\"@type\":\"EntryPoint\",\"urlTemplate\":\"https:\\\/\\\/associationfiat.com\\\/?s={search_term_string}\"},\"query-input\":{\"@type\":\"PropertyValueSpecification\",\"valueRequired\":true,\"valueName\":\"search_term_string\"}}],\"inLanguage\":\"es-ES\"}]}<\/script>\n<!-- \/ Yoast SEO plugin. -->","yoast_head_json":{"title":"Veronica O\u2019Brien Fuego evangelizador \u2013 Jean-Luc Moens - Association FIAT","robots":{"index":"index","follow":"follow","max-snippet":"max-snippet:-1","max-image-preview":"max-image-preview:large","max-video-preview":"max-video-preview:-1"},"canonical":"https:\/\/associationfiat.com\/es\/producto\/veronica-obrien-fuego-evangelizador-jean-luc-moens\/","og_locale":"es_ES","og_type":"article","og_title":"Veronica O\u2019Brien Fuego evangelizador \u2013 Jean-Luc Moens - Association FIAT","og_description":"Descripci\u00f3n del producto: Este folleto sobre la vida de Ver\u00f3nica se sit\u00faa en el contexto de su Causa de Beatificaci\u00f3n. Precio por unidad: : \u20ac 5.50 A partir de 12 unidades: \u20ac 4.50\/pcs. N\u00famero de art\u00edculo: LB00921 Este folleto tambi\u00e9n est\u00e1 disponible en italiano, neerland\u00e9s, [&hellip;]","og_url":"https:\/\/associationfiat.com\/es\/producto\/veronica-obrien-fuego-evangelizador-jean-luc-moens\/","og_site_name":"Association FIAT","og_image":[{"width":1495,"height":2560,"url":"https:\/\/associationfiat.com\/wp-content\/uploads\/2025\/04\/LB00921-Spaanse-cover-boekje-Veronica-scaled.jpg","type":"image\/jpeg"}],"twitter_card":"summary_large_image","twitter_misc":{"Tiempo de lectura":"1 minute"},"schema":{"@context":"https:\/\/schema.org","@graph":[{"@type":"WebPage","@id":"https:\/\/associationfiat.com\/es\/producto\/veronica-obrien-fuego-evangelizador-jean-luc-moens\/","url":"https:\/\/associationfiat.com\/es\/producto\/veronica-obrien-fuego-evangelizador-jean-luc-moens\/","name":"Veronica O\u2019Brien Fuego evangelizador \u2013 Jean-Luc Moens - Association FIAT","isPartOf":{"@id":"https:\/\/associationfiat.com\/#website"},"primaryImageOfPage":{"@id":"https:\/\/associationfiat.com\/es\/producto\/veronica-obrien-fuego-evangelizador-jean-luc-moens\/#primaryimage"},"image":{"@id":"https:\/\/associationfiat.com\/es\/producto\/veronica-obrien-fuego-evangelizador-jean-luc-moens\/#primaryimage"},"thumbnailUrl":"https:\/\/associationfiat.com\/wp-content\/uploads\/2025\/04\/LB00921-Spaanse-cover-boekje-Veronica-scaled.jpg","datePublished":"2025-05-01T09:12:54+00:00","breadcrumb":{"@id":"https:\/\/associationfiat.com\/es\/producto\/veronica-obrien-fuego-evangelizador-jean-luc-moens\/#breadcrumb"},"inLanguage":"es-ES","potentialAction":[{"@type":"ReadAction","target":["https:\/\/associationfiat.com\/es\/producto\/veronica-obrien-fuego-evangelizador-jean-luc-moens\/"]}]},{"@type":"ImageObject","inLanguage":"es-ES","@id":"https:\/\/associationfiat.com\/es\/producto\/veronica-obrien-fuego-evangelizador-jean-luc-moens\/#primaryimage","url":"https:\/\/associationfiat.com\/wp-content\/uploads\/2025\/04\/LB00921-Spaanse-cover-boekje-Veronica-scaled.jpg","contentUrl":"https:\/\/associationfiat.com\/wp-content\/uploads\/2025\/04\/LB00921-Spaanse-cover-boekje-Veronica-scaled.jpg","width":1495,"height":2560},{"@type":"BreadcrumbList","@id":"https:\/\/associationfiat.com\/es\/producto\/veronica-obrien-fuego-evangelizador-jean-luc-moens\/#breadcrumb","itemListElement":[{"@type":"ListItem","position":1,"name":"Home","item":"https:\/\/associationfiat.com\/"},{"@type":"ListItem","position":2,"name":"Tienda","item":"https:\/\/associationfiat.com\/es\/tienda\/"},{"@type":"ListItem","position":3,"name":"Veronica O\u2019Brien Fuego evangelizador \u2013 Jean-Luc Moens"}]},{"@type":"WebSite","@id":"https:\/\/associationfiat.com\/#website","url":"https:\/\/associationfiat.com\/","name":"Association FIAT","description":"","potentialAction":[{"@type":"SearchAction","target":{"@type":"EntryPoint","urlTemplate":"https:\/\/associationfiat.com\/?s={search_term_string}"},"query-input":{"@type":"PropertyValueSpecification","valueRequired":true,"valueName":"search_term_string"}}],"inLanguage":"es-ES"}]}},"_links":{"self":[{"href":"https:\/\/associationfiat.com\/es\/wp-json\/wp\/v2\/product\/35168","targetHints":{"allow":["GET"]}}],"collection":[{"href":"https:\/\/associationfiat.com\/es\/wp-json\/wp\/v2\/product"}],"about":[{"href":"https:\/\/associationfiat.com\/es\/wp-json\/wp\/v2\/types\/product"}],"wp:featuredmedia":[{"embeddable":true,"href":"https:\/\/associationfiat.com\/es\/wp-json\/wp\/v2\/media\/34915"}],"wp:attachment":[{"href":"https:\/\/associationfiat.com\/es\/wp-json\/wp\/v2\/media?parent=35168"}],"wp:term":[{"taxonomy":"product_brand","embeddable":true,"href":"https:\/\/associationfiat.com\/es\/wp-json\/wp\/v2\/product_brand?post=35168"},{"taxonomy":"product_cat","embeddable":true,"href":"https:\/\/associationfiat.com\/es\/wp-json\/wp\/v2\/product_cat?post=35168"},{"taxonomy":"product_tag","embeddable":true,"href":"https:\/\/associationfiat.com\/es\/wp-json\/wp\/v2\/product_tag?post=35168"}],"curies":[{"name":"wp","href":"https:\/\/api.w.org\/{rel}","templated":true}]}}