{"id":9060,"date":"2019-09-04T09:37:30","date_gmt":"2019-09-04T09:37:30","guid":{"rendered":"https:\/\/associationfiat.com\/?page_id=9060"},"modified":"2019-09-04T09:37:31","modified_gmt":"2019-09-04T09:37:31","slug":"introduccion","status":"publish","type":"page","link":"https:\/\/associationfiat.com\/es\/el-rosario-fiat\/introduccion\/","title":{"rendered":"Introducci\u00f3n"},"content":{"rendered":"\n<p>Se trata de una experiencia espiritual vivida por Ver\u00f3nica O\u2019Brien en la noche del 7 al 8 de septiembre, fiesta de la Natividad de Mar\u00eda, del a\u00f1o 1984. \u00c9ste es el relato que ella misma me hizo al d\u00eda siguiente.<\/p>\n<p>\u00a0<\/p>\n<p><em>\u00abEra la noche de la v\u00edspera de la Natividad de Mar\u00eda, el pensamiento de que esta fiesta de Mar\u00eda, Madre de las madres, no ser\u00eda celebrado en nuestros hogares cristianos, mientras que el d\u00eda de la Madre se volv\u00eda cada vez m\u00e1s popular en todo el mundo, me hac\u00eda sufrir. <br \/>Y dije al Se\u00f1or en mi oraci\u00f3n: \u201cJes\u00fas, ma\u00f1ana es la fiesta de la Natividad de vuestra Madre; todos los hijos del mundo le dan un regalo a su madre el d\u00eda de su cumplea\u00f1os. \u00bfQu\u00e9 vais a regalar, Jes\u00fas, a vuestra Madre?\u201d<br \/>\u00a0Y de una manera s\u00fabita, en un rel\u00e1mpago espiritual interior, vi el dibujo de un rosario de forma reducida y cre\u00ed o\u00edr estas palabras del Se\u00f1or: \u201cEste es el regalo de cumplea\u00f1os que hago a mi Madre para que ella ayude a darme a conocer hasta todos los extremos de la tierra. Dif\u00fandelo por el mundo <\/em>(Tomado del libro <em>Los Imprevistos de Dios <\/em>(Edicep, Valencia 2004, p. 295-296).<br \/><br \/><\/p>\n<p>Puede decirse que este rosario, cl\u00e1sico y nuevo a la vez, es, eminentemente, un rosario familiar, ecum\u00e9nico y evang\u00e9lico. El rosario FIAT se presta f\u00e1cilmente a convertirse en instrumento de formaci\u00f3n cristiana.<\/p>\n<p>\u00a0<\/p>\n<p><strong>Espiritualidad<\/strong><\/p>\n<p>\u00a0<\/p>\n<p>\u00a0La palabra latina \u00abFIAT\u00bb alude al \u00abS\u00ed\u00bb de Mar\u00eda en la Anunciaci\u00f3n y al \u00abS\u00ed\u00bb de Jes\u00fas en el momento de su agon\u00eda en el monte de los Olivos.<\/p>\n<p>\u00a0<\/p>\n<p>El rosario que vamos a presentar, con el nombre de \u00abFIAT\u00bb, est\u00e1 introducido mediante la oraci\u00f3n FIAT que invoca al Esp\u00edritu Santo a fin de\u00a0 que nos introduzca, con Mar\u00eda, en el coraz\u00f3n de los misterios gozosos, luminosos, dolorosos y gloriosos de Jes\u00fas.<\/p>\n<p>\u00a0<\/p>\n<p>Se propone crear de nuevo en nosotros lo que los ap\u00f3stoles experimentaron en el Cen\u00e1culo de Jerusal\u00e9n, cuando, en oraci\u00f3n con Mar\u00eda, esperaron la venida del Esp\u00edritu Santo que los transform\u00f3 y les dio valor y fuerza para llevar el Evangelio al coraz\u00f3n del mundo. Nos recuerda nuestro deber de \u00abactuar con nuestra oraci\u00f3n\u00bb.<\/p>\n","protected":false},"excerpt":{"rendered":"<p>Se trata de una experiencia espiritual vivida por Ver\u00f3nica O\u2019Brien en la noche del 7 al 8 de septiembre, fiesta de la Natividad de Mar\u00eda, del a\u00f1o 1984. \u00c9ste es el relato que ella misma me hizo al d\u00eda siguiente. \u00a0 \u00abEra la noche de [&hellip;]<\/p>\n","protected":false},"author":3,"featured_media":0,"parent":1916,"menu_order":0,"comment_status":"closed","ping_status":"closed","template":"","meta":{"_acf_changed":false,"footnotes":""},"tags":[],"class_list":["post-9060","page","type-page","status-publish","hentry"],"acf":[],"yoast_head":"<!-- This site is optimized with the Yoast SEO plugin v27.5 - https:\/\/yoast.com\/product\/yoast-seo-wordpress\/ -->\n<title>Introducci\u00f3n - Association FIAT<\/title>\n<meta name=\"robots\" content=\"index, follow, max-snippet:-1, max-image-preview:large, max-video-preview:-1\" \/>\n<link rel=\"canonical\" href=\"https:\/\/associationfiat.com\/es\/el-rosario-fiat\/introduccion\/\" \/>\n<meta property=\"og:locale\" content=\"es_ES\" \/>\n<meta property=\"og:type\" content=\"article\" \/>\n<meta property=\"og:title\" content=\"Introducci\u00f3n - Association FIAT\" \/>\n<meta property=\"og:description\" content=\"Se trata de una experiencia espiritual vivida por Ver\u00f3nica O\u2019Brien en la noche del 7 al 8 de septiembre, fiesta de la Natividad de Mar\u00eda, del a\u00f1o 1984. \u00c9ste es el relato que ella misma me hizo al d\u00eda siguiente. \u00a0 \u00abEra la noche de [&hellip;]\" \/>\n<meta property=\"og:url\" content=\"https:\/\/associationfiat.com\/es\/el-rosario-fiat\/introduccion\/\" \/>\n<meta property=\"og:site_name\" content=\"Association FIAT\" \/>\n<meta property=\"article:modified_time\" content=\"2019-09-04T09:37:31+00:00\" \/>\n<meta name=\"twitter:card\" content=\"summary_large_image\" \/>\n<meta name=\"twitter:label1\" content=\"Tiempo de lectura\" \/>\n\t<meta name=\"twitter:data1\" content=\"2 minutes\" \/>\n<script type=\"application\/ld+json\" class=\"yoast-schema-graph\">{\"@context\":\"https:\\\/\\\/schema.org\",\"@graph\":[{\"@type\":\"WebPage\",\"@id\":\"https:\\\/\\\/associationfiat.com\\\/es\\\/el-rosario-fiat\\\/introduccion\\\/\",\"url\":\"https:\\\/\\\/associationfiat.com\\\/es\\\/el-rosario-fiat\\\/introduccion\\\/\",\"name\":\"Introducci\u00f3n - Association FIAT\",\"isPartOf\":{\"@id\":\"https:\\\/\\\/associationfiat.com\\\/#website\"},\"datePublished\":\"2019-09-04T09:37:30+00:00\",\"dateModified\":\"2019-09-04T09:37:31+00:00\",\"breadcrumb\":{\"@id\":\"https:\\\/\\\/associationfiat.com\\\/es\\\/el-rosario-fiat\\\/introduccion\\\/#breadcrumb\"},\"inLanguage\":\"es-ES\",\"potentialAction\":[{\"@type\":\"ReadAction\",\"target\":[\"https:\\\/\\\/associationfiat.com\\\/es\\\/el-rosario-fiat\\\/introduccion\\\/\"]}]},{\"@type\":\"BreadcrumbList\",\"@id\":\"https:\\\/\\\/associationfiat.com\\\/es\\\/el-rosario-fiat\\\/introduccion\\\/#breadcrumb\",\"itemListElement\":[{\"@type\":\"ListItem\",\"position\":1,\"name\":\"Home\",\"item\":\"https:\\\/\\\/associationfiat.com\\\/\"},{\"@type\":\"ListItem\",\"position\":2,\"name\":\"El rosario FIAT\",\"item\":\"https:\\\/\\\/associationfiat.com\\\/es\\\/el-rosario-fiat\\\/\"},{\"@type\":\"ListItem\",\"position\":3,\"name\":\"Introducci\u00f3n\"}]},{\"@type\":\"WebSite\",\"@id\":\"https:\\\/\\\/associationfiat.com\\\/#website\",\"url\":\"https:\\\/\\\/associationfiat.com\\\/\",\"name\":\"Association FIAT\",\"description\":\"\",\"potentialAction\":[{\"@type\":\"SearchAction\",\"target\":{\"@type\":\"EntryPoint\",\"urlTemplate\":\"https:\\\/\\\/associationfiat.com\\\/?s={search_term_string}\"},\"query-input\":{\"@type\":\"PropertyValueSpecification\",\"valueRequired\":true,\"valueName\":\"search_term_string\"}}],\"inLanguage\":\"es-ES\"}]}<\/script>\n<!-- \/ Yoast SEO plugin. -->","yoast_head_json":{"title":"Introducci\u00f3n - Association FIAT","robots":{"index":"index","follow":"follow","max-snippet":"max-snippet:-1","max-image-preview":"max-image-preview:large","max-video-preview":"max-video-preview:-1"},"canonical":"https:\/\/associationfiat.com\/es\/el-rosario-fiat\/introduccion\/","og_locale":"es_ES","og_type":"article","og_title":"Introducci\u00f3n - Association FIAT","og_description":"Se trata de una experiencia espiritual vivida por Ver\u00f3nica O\u2019Brien en la noche del 7 al 8 de septiembre, fiesta de la Natividad de Mar\u00eda, del a\u00f1o 1984. \u00c9ste es el relato que ella misma me hizo al d\u00eda siguiente. \u00a0 \u00abEra la noche de [&hellip;]","og_url":"https:\/\/associationfiat.com\/es\/el-rosario-fiat\/introduccion\/","og_site_name":"Association FIAT","article_modified_time":"2019-09-04T09:37:31+00:00","twitter_card":"summary_large_image","twitter_misc":{"Tiempo de lectura":"2 minutes"},"schema":{"@context":"https:\/\/schema.org","@graph":[{"@type":"WebPage","@id":"https:\/\/associationfiat.com\/es\/el-rosario-fiat\/introduccion\/","url":"https:\/\/associationfiat.com\/es\/el-rosario-fiat\/introduccion\/","name":"Introducci\u00f3n - Association FIAT","isPartOf":{"@id":"https:\/\/associationfiat.com\/#website"},"datePublished":"2019-09-04T09:37:30+00:00","dateModified":"2019-09-04T09:37:31+00:00","breadcrumb":{"@id":"https:\/\/associationfiat.com\/es\/el-rosario-fiat\/introduccion\/#breadcrumb"},"inLanguage":"es-ES","potentialAction":[{"@type":"ReadAction","target":["https:\/\/associationfiat.com\/es\/el-rosario-fiat\/introduccion\/"]}]},{"@type":"BreadcrumbList","@id":"https:\/\/associationfiat.com\/es\/el-rosario-fiat\/introduccion\/#breadcrumb","itemListElement":[{"@type":"ListItem","position":1,"name":"Home","item":"https:\/\/associationfiat.com\/"},{"@type":"ListItem","position":2,"name":"El rosario FIAT","item":"https:\/\/associationfiat.com\/es\/el-rosario-fiat\/"},{"@type":"ListItem","position":3,"name":"Introducci\u00f3n"}]},{"@type":"WebSite","@id":"https:\/\/associationfiat.com\/#website","url":"https:\/\/associationfiat.com\/","name":"Association FIAT","description":"","potentialAction":[{"@type":"SearchAction","target":{"@type":"EntryPoint","urlTemplate":"https:\/\/associationfiat.com\/?s={search_term_string}"},"query-input":{"@type":"PropertyValueSpecification","valueRequired":true,"valueName":"search_term_string"}}],"inLanguage":"es-ES"}]}},"_links":{"self":[{"href":"https:\/\/associationfiat.com\/es\/wp-json\/wp\/v2\/pages\/9060","targetHints":{"allow":["GET"]}}],"collection":[{"href":"https:\/\/associationfiat.com\/es\/wp-json\/wp\/v2\/pages"}],"about":[{"href":"https:\/\/associationfiat.com\/es\/wp-json\/wp\/v2\/types\/page"}],"author":[{"embeddable":true,"href":"https:\/\/associationfiat.com\/es\/wp-json\/wp\/v2\/users\/3"}],"replies":[{"embeddable":true,"href":"https:\/\/associationfiat.com\/es\/wp-json\/wp\/v2\/comments?post=9060"}],"version-history":[{"count":1,"href":"https:\/\/associationfiat.com\/es\/wp-json\/wp\/v2\/pages\/9060\/revisions"}],"predecessor-version":[{"id":9061,"href":"https:\/\/associationfiat.com\/es\/wp-json\/wp\/v2\/pages\/9060\/revisions\/9061"}],"up":[{"embeddable":true,"href":"https:\/\/associationfiat.com\/es\/wp-json\/wp\/v2\/pages\/1916"}],"wp:attachment":[{"href":"https:\/\/associationfiat.com\/es\/wp-json\/wp\/v2\/media?parent=9060"}],"wp:term":[{"taxonomy":"post_tag","embeddable":true,"href":"https:\/\/associationfiat.com\/es\/wp-json\/wp\/v2\/tags?post=9060"}],"curies":[{"name":"wp","href":"https:\/\/api.w.org\/{rel}","templated":true}]}}