{"id":9057,"date":"2019-09-04T09:00:15","date_gmt":"2019-09-04T09:00:15","guid":{"rendered":"https:\/\/associationfiat.com\/?page_id=9057"},"modified":"2021-03-28T17:16:51","modified_gmt":"2021-03-28T17:16:51","slug":"mision","status":"publish","type":"page","link":"https:\/\/associationfiat.com\/es\/proposito-de-fiat\/mision\/","title":{"rendered":"Misi\u00f3n"},"content":{"rendered":"\n<p>Todo lo anterior subraya la importancia de vivir plenamente el bautismo y de vivirlo en el coraz\u00f3n de la Iglesia en uni\u00f3n con Mar\u00eda. Este es el sentido de la oraci\u00f3n FIAT que se dirige al Esp\u00edritu Santo a fin de recibir la fuerza para vivir nuestro bautismo de palabra y obra.<\/p>\n<p>\u00a0\u00a0\u00a0\u00a0\u00a0\u00a0\u00a0\u00a0\u00a0\u00a0\u00a0 La misi\u00f3n del apostolado FIAT consiste en promover la oraci\u00f3n FIAT por medio de los diferentes libritos y libros que profundizan su significado. Adem\u00e1s de estos escritos, existe tambi\u00e9n la p\u00e1gina web (https:\/\/associationfiat.com) y la Newsletter FIAT.<\/p>\n<p><img decoding=\"async\" class=\"size-medium wp-image-11081 aligncenter\" src=\"https:\/\/associationfiat.com\/wp-content\/uploads\/2021\/03\/TOGO_Vietnam-300x205.png\" alt=\"TOGO in Vi\u00ebtnam\" width=\"300\" height=\"205\" \/><\/p>\n<p>\u00a0\u00a0\u00a0\u00a0\u00a0\u00a0\u00a0\u00a0\u00a0\u00a0\u00a0 El apostolado FIAT se sostiene mediante la oraci\u00f3n, el trabajo en equipo y el apoyo financiero. Si desea participar de una manera u otra en el apostolado FIAT, no dude en contactar con nosotros.<\/p>\n<p><em>\u201cEn lugar de ser solamente una Iglesia que acoge y recibe, &#8230; busquemos m\u00e1s bien ser una Iglesia que encuentra caminos nuevos, capaz de salir de s\u00ed misma yendo hacia el que no la frecuenta, hacia el que se march\u00f3 de ella, hacia el indiferente&#8230;<\/em><\/p>\n<p><em>\u2026 Tenemos que anunciar el Evangelio en todas partes, predicando la buena noticia del Reino y curando, tambi\u00e9n con nuestra predicaci\u00f3n, todo tipo de herida y cualquier enfermedad\u201d<\/em><\/p>\n<p>(Antonio Spadaro,\u00a0Entrevista al papa Francisco).<\/p>\n<p><img decoding=\"async\" class=\"size-medium wp-image-11087 aligncenter\" src=\"https:\/\/associationfiat.com\/wp-content\/uploads\/2021\/03\/TOGO_Vietnam_2-300x165.png\" alt=\"TOGO Vi\u00ebtnam\" width=\"300\" height=\"165\" \/><\/p>\n","protected":false},"excerpt":{"rendered":"<p>Todo lo anterior subraya la importancia de vivir plenamente el bautismo y de vivirlo en el coraz\u00f3n de la Iglesia en uni\u00f3n con Mar\u00eda. Este es el sentido de la oraci\u00f3n FIAT que se dirige al Esp\u00edritu Santo a fin de recibir la fuerza para [&hellip;]<\/p>\n","protected":false},"author":3,"featured_media":0,"parent":1737,"menu_order":0,"comment_status":"closed","ping_status":"closed","template":"","meta":{"_acf_changed":false,"footnotes":""},"tags":[],"class_list":["post-9057","page","type-page","status-publish","hentry"],"acf":[],"yoast_head":"<!-- This site is optimized with the Yoast SEO plugin v27.5 - https:\/\/yoast.com\/product\/yoast-seo-wordpress\/ -->\n<title>Misi\u00f3n - Association FIAT<\/title>\n<meta name=\"robots\" content=\"index, follow, max-snippet:-1, max-image-preview:large, max-video-preview:-1\" \/>\n<link rel=\"canonical\" href=\"https:\/\/associationfiat.com\/es\/proposito-de-fiat\/mision\/\" \/>\n<meta property=\"og:locale\" content=\"es_ES\" \/>\n<meta property=\"og:type\" content=\"article\" \/>\n<meta property=\"og:title\" content=\"Misi\u00f3n - Association FIAT\" \/>\n<meta property=\"og:description\" content=\"Todo lo anterior subraya la importancia de vivir plenamente el bautismo y de vivirlo en el coraz\u00f3n de la Iglesia en uni\u00f3n con Mar\u00eda. Este es el sentido de la oraci\u00f3n FIAT que se dirige al Esp\u00edritu Santo a fin de recibir la fuerza para [&hellip;]\" \/>\n<meta property=\"og:url\" content=\"https:\/\/associationfiat.com\/es\/proposito-de-fiat\/mision\/\" \/>\n<meta property=\"og:site_name\" content=\"Association FIAT\" \/>\n<meta property=\"article:modified_time\" content=\"2021-03-28T17:16:51+00:00\" \/>\n<meta property=\"og:image\" content=\"https:\/\/associationfiat.com\/wp-content\/uploads\/2021\/03\/TOGO_Vietnam-300x205.png\" \/>\n<meta name=\"twitter:card\" content=\"summary_large_image\" \/>\n<meta name=\"twitter:label1\" content=\"Tiempo de lectura\" \/>\n\t<meta name=\"twitter:data1\" content=\"2 minutes\" \/>\n<script type=\"application\/ld+json\" class=\"yoast-schema-graph\">{\"@context\":\"https:\\\/\\\/schema.org\",\"@graph\":[{\"@type\":\"WebPage\",\"@id\":\"https:\\\/\\\/associationfiat.com\\\/es\\\/proposito-de-fiat\\\/mision\\\/\",\"url\":\"https:\\\/\\\/associationfiat.com\\\/es\\\/proposito-de-fiat\\\/mision\\\/\",\"name\":\"Misi\u00f3n - Association FIAT\",\"isPartOf\":{\"@id\":\"https:\\\/\\\/associationfiat.com\\\/#website\"},\"primaryImageOfPage\":{\"@id\":\"https:\\\/\\\/associationfiat.com\\\/es\\\/proposito-de-fiat\\\/mision\\\/#primaryimage\"},\"image\":{\"@id\":\"https:\\\/\\\/associationfiat.com\\\/es\\\/proposito-de-fiat\\\/mision\\\/#primaryimage\"},\"thumbnailUrl\":\"https:\\\/\\\/associationfiat.com\\\/wp-content\\\/uploads\\\/2021\\\/03\\\/TOGO_Vietnam-300x205.png\",\"datePublished\":\"2019-09-04T09:00:15+00:00\",\"dateModified\":\"2021-03-28T17:16:51+00:00\",\"breadcrumb\":{\"@id\":\"https:\\\/\\\/associationfiat.com\\\/es\\\/proposito-de-fiat\\\/mision\\\/#breadcrumb\"},\"inLanguage\":\"es-ES\",\"potentialAction\":[{\"@type\":\"ReadAction\",\"target\":[\"https:\\\/\\\/associationfiat.com\\\/es\\\/proposito-de-fiat\\\/mision\\\/\"]}]},{\"@type\":\"ImageObject\",\"inLanguage\":\"es-ES\",\"@id\":\"https:\\\/\\\/associationfiat.com\\\/es\\\/proposito-de-fiat\\\/mision\\\/#primaryimage\",\"url\":\"https:\\\/\\\/associationfiat.com\\\/wp-content\\\/uploads\\\/2021\\\/03\\\/TOGO_Vietnam-300x205.png\",\"contentUrl\":\"https:\\\/\\\/associationfiat.com\\\/wp-content\\\/uploads\\\/2021\\\/03\\\/TOGO_Vietnam-300x205.png\"},{\"@type\":\"BreadcrumbList\",\"@id\":\"https:\\\/\\\/associationfiat.com\\\/es\\\/proposito-de-fiat\\\/mision\\\/#breadcrumb\",\"itemListElement\":[{\"@type\":\"ListItem\",\"position\":1,\"name\":\"Home\",\"item\":\"https:\\\/\\\/associationfiat.com\\\/\"},{\"@type\":\"ListItem\",\"position\":2,\"name\":\"A prop\u00f3sito de FIAT\",\"item\":\"https:\\\/\\\/associationfiat.com\\\/propos-de-fiat\\\/\"},{\"@type\":\"ListItem\",\"position\":3,\"name\":\"Misi\u00f3n\"}]},{\"@type\":\"WebSite\",\"@id\":\"https:\\\/\\\/associationfiat.com\\\/#website\",\"url\":\"https:\\\/\\\/associationfiat.com\\\/\",\"name\":\"Association FIAT\",\"description\":\"\",\"potentialAction\":[{\"@type\":\"SearchAction\",\"target\":{\"@type\":\"EntryPoint\",\"urlTemplate\":\"https:\\\/\\\/associationfiat.com\\\/?s={search_term_string}\"},\"query-input\":{\"@type\":\"PropertyValueSpecification\",\"valueRequired\":true,\"valueName\":\"search_term_string\"}}],\"inLanguage\":\"es-ES\"}]}<\/script>\n<!-- \/ Yoast SEO plugin. -->","yoast_head_json":{"title":"Misi\u00f3n - Association FIAT","robots":{"index":"index","follow":"follow","max-snippet":"max-snippet:-1","max-image-preview":"max-image-preview:large","max-video-preview":"max-video-preview:-1"},"canonical":"https:\/\/associationfiat.com\/es\/proposito-de-fiat\/mision\/","og_locale":"es_ES","og_type":"article","og_title":"Misi\u00f3n - Association FIAT","og_description":"Todo lo anterior subraya la importancia de vivir plenamente el bautismo y de vivirlo en el coraz\u00f3n de la Iglesia en uni\u00f3n con Mar\u00eda. Este es el sentido de la oraci\u00f3n FIAT que se dirige al Esp\u00edritu Santo a fin de recibir la fuerza para [&hellip;]","og_url":"https:\/\/associationfiat.com\/es\/proposito-de-fiat\/mision\/","og_site_name":"Association FIAT","article_modified_time":"2021-03-28T17:16:51+00:00","og_image":[{"url":"https:\/\/associationfiat.com\/wp-content\/uploads\/2021\/03\/TOGO_Vietnam-300x205.png","type":"","width":"","height":""}],"twitter_card":"summary_large_image","twitter_misc":{"Tiempo de lectura":"2 minutes"},"schema":{"@context":"https:\/\/schema.org","@graph":[{"@type":"WebPage","@id":"https:\/\/associationfiat.com\/es\/proposito-de-fiat\/mision\/","url":"https:\/\/associationfiat.com\/es\/proposito-de-fiat\/mision\/","name":"Misi\u00f3n - Association FIAT","isPartOf":{"@id":"https:\/\/associationfiat.com\/#website"},"primaryImageOfPage":{"@id":"https:\/\/associationfiat.com\/es\/proposito-de-fiat\/mision\/#primaryimage"},"image":{"@id":"https:\/\/associationfiat.com\/es\/proposito-de-fiat\/mision\/#primaryimage"},"thumbnailUrl":"https:\/\/associationfiat.com\/wp-content\/uploads\/2021\/03\/TOGO_Vietnam-300x205.png","datePublished":"2019-09-04T09:00:15+00:00","dateModified":"2021-03-28T17:16:51+00:00","breadcrumb":{"@id":"https:\/\/associationfiat.com\/es\/proposito-de-fiat\/mision\/#breadcrumb"},"inLanguage":"es-ES","potentialAction":[{"@type":"ReadAction","target":["https:\/\/associationfiat.com\/es\/proposito-de-fiat\/mision\/"]}]},{"@type":"ImageObject","inLanguage":"es-ES","@id":"https:\/\/associationfiat.com\/es\/proposito-de-fiat\/mision\/#primaryimage","url":"https:\/\/associationfiat.com\/wp-content\/uploads\/2021\/03\/TOGO_Vietnam-300x205.png","contentUrl":"https:\/\/associationfiat.com\/wp-content\/uploads\/2021\/03\/TOGO_Vietnam-300x205.png"},{"@type":"BreadcrumbList","@id":"https:\/\/associationfiat.com\/es\/proposito-de-fiat\/mision\/#breadcrumb","itemListElement":[{"@type":"ListItem","position":1,"name":"Home","item":"https:\/\/associationfiat.com\/"},{"@type":"ListItem","position":2,"name":"A prop\u00f3sito de FIAT","item":"https:\/\/associationfiat.com\/propos-de-fiat\/"},{"@type":"ListItem","position":3,"name":"Misi\u00f3n"}]},{"@type":"WebSite","@id":"https:\/\/associationfiat.com\/#website","url":"https:\/\/associationfiat.com\/","name":"Association FIAT","description":"","potentialAction":[{"@type":"SearchAction","target":{"@type":"EntryPoint","urlTemplate":"https:\/\/associationfiat.com\/?s={search_term_string}"},"query-input":{"@type":"PropertyValueSpecification","valueRequired":true,"valueName":"search_term_string"}}],"inLanguage":"es-ES"}]}},"_links":{"self":[{"href":"https:\/\/associationfiat.com\/es\/wp-json\/wp\/v2\/pages\/9057","targetHints":{"allow":["GET"]}}],"collection":[{"href":"https:\/\/associationfiat.com\/es\/wp-json\/wp\/v2\/pages"}],"about":[{"href":"https:\/\/associationfiat.com\/es\/wp-json\/wp\/v2\/types\/page"}],"author":[{"embeddable":true,"href":"https:\/\/associationfiat.com\/es\/wp-json\/wp\/v2\/users\/3"}],"replies":[{"embeddable":true,"href":"https:\/\/associationfiat.com\/es\/wp-json\/wp\/v2\/comments?post=9057"}],"version-history":[{"count":3,"href":"https:\/\/associationfiat.com\/es\/wp-json\/wp\/v2\/pages\/9057\/revisions"}],"predecessor-version":[{"id":11440,"href":"https:\/\/associationfiat.com\/es\/wp-json\/wp\/v2\/pages\/9057\/revisions\/11440"}],"up":[{"embeddable":true,"href":"https:\/\/associationfiat.com\/es\/wp-json\/wp\/v2\/pages\/1737"}],"wp:attachment":[{"href":"https:\/\/associationfiat.com\/es\/wp-json\/wp\/v2\/media?parent=9057"}],"wp:term":[{"taxonomy":"post_tag","embeddable":true,"href":"https:\/\/associationfiat.com\/es\/wp-json\/wp\/v2\/tags?post=9057"}],"curies":[{"name":"wp","href":"https:\/\/api.w.org\/{rel}","templated":true}]}}