{"id":9054,"date":"2019-09-04T08:57:51","date_gmt":"2019-09-04T08:57:51","guid":{"rendered":"https:\/\/associationfiat.com\/?page_id=9054"},"modified":"2019-09-04T08:57:53","modified_gmt":"2019-09-04T08:57:53","slug":"un-nuevo-pentecostes","status":"publish","type":"page","link":"https:\/\/associationfiat.com\/es\/proposito-de-fiat\/presentacion\/un-nuevo-pentecostes\/","title":{"rendered":"\u00bfUn nuevo Pentecost\u00e9s?"},"content":{"rendered":"\n<p>El cardenal Suenens \u2013apoyado por el celo apost\u00f3lico de Veronica O\u2019Brien\u2013 so\u00f1\u00f3 con un \u00abnuevo Pentecost\u00e9s\u00bb. Mientras escrib\u00eda su libro sobre <em>\u00bfUn nuevo Pentecost\u00e9s?<\/em>, el Cardenal conoci\u00f3 el Movimiento carism\u00e1tico emergente. El t\u00edtulo del libro de Kevin Ranaghan, <em>Catholic Pentecostals, fue reconocido por Veronica como bastante original y prometedor.<\/em><\/p>\n<p><em>\u00a0\u00a0\u00a0\u00a0\u00a0\u00a0\u00a0\u00a0\u00a0\u00a0\u00a0 En efecto, el pentecostalismo cl\u00e1sico fue visto por las Iglesias cat\u00f3lica y protestante con suspicacia. El cardenal se preguntaba si este Movimiento carism\u00e1tico en la Iglesia cat\u00f3lica era el nuevo Pentecost\u00e9s por el que Juan XXIII hab\u00eda rezado. Despu\u00e9s de numerosos contactos y amplias consultas, el Cardenal se arriesg\u00f3 y se perfil\u00f3 como Cardenal protector de este Movimiento. Le gustaba repetir la conminaci\u00f3n: \u00abPentecost\u00e9s: s\u00ed; pentecostalismo: no\u00bb.<\/em><\/p>\n<p><em>\u00a0<\/em><\/p>\n<p><em>\u00a0\u00a0\u00a0\u00a0\u00a0\u00a0\u00a0\u00a0\u00a0\u00a0\u00a0 El Cardenal so\u00f1\u00f3 con una Renovaci\u00f3n carism\u00e1tica de toda la Iglesia. Esta esperanza no se realiz\u00f3 plenamente, como as\u00ed tuvo que reconocer el cardenal. La Renovaci\u00f3n en el Esp\u00edritu ha creado, sin embargo, un nuevo impulso espiritual en la Iglesia cuyos frutos no pueden perderse. Una espiritualidad que al mismo tiempo fue impulsada por una s\u00f3lida piedad marial y fue animada por el soplo del Esp\u00edritu se le apareci\u00f3 al cardenal como un medio para promover la nueva evangelizaci\u00f3n a la que el papa Juan Pablo II hab\u00eda dedicado grandes esfuerzos.<\/em><\/p>\n<p><em>\u00a0\u00a0\u00a0\u00a0\u00a0\u00a0\u00a0\u00a0\u00a0\u00a0\u00a0 \u00abTodav\u00eda hoy Cristo nace de Mar\u00eda y del Esp\u00edritu Santo\u00bb era un tema desarrollado por el cardenal en todas sus publicaciones y alocuciones. El apostolado FIAT naci\u00f3 para poner a disposici\u00f3n de los cristianos los tesoros de esta espiritualidad. Esta espiritualidad inspirada por el Esp\u00edritu Santo se uni\u00f3 a Mar\u00eda y fue verdaderamente apost\u00f3lica.<\/em><\/p>\n<p><em>\u00a0\u00a0\u00a0\u00a0\u00a0\u00a0\u00a0\u00a0\u00a0\u00a0\u00a0 La creaci\u00f3n de \u00abgrupos o c\u00e9lulas cen\u00e1culo\u00bb, donde los \u00abcristianos nuevos\u00bb podr\u00edan orar juntos y actuar juntos, inspirados por esta espiritualidad, fue, por tanto, uno de los primeros objetivos de los fundadores de FIAT (cf. librito On ne peut pas \u00eatre chr\u00e9tien seul [Uno no puede ser un cristiano solo]).<\/em><\/p>\n","protected":false},"excerpt":{"rendered":"<p>El cardenal Suenens \u2013apoyado por el celo apost\u00f3lico de Veronica O\u2019Brien\u2013 so\u00f1\u00f3 con un \u00abnuevo Pentecost\u00e9s\u00bb. Mientras escrib\u00eda su libro sobre \u00bfUn nuevo Pentecost\u00e9s?, el Cardenal conoci\u00f3 el Movimiento carism\u00e1tico emergente. El t\u00edtulo del libro de Kevin Ranaghan, Catholic Pentecostals, fue reconocido por Veronica como [&hellip;]<\/p>\n","protected":false},"author":3,"featured_media":0,"parent":9045,"menu_order":0,"comment_status":"closed","ping_status":"closed","template":"","meta":{"_acf_changed":false,"footnotes":""},"tags":[],"class_list":["post-9054","page","type-page","status-publish","hentry"],"acf":[],"yoast_head":"<!-- This site is optimized with the Yoast SEO plugin v27.5 - https:\/\/yoast.com\/product\/yoast-seo-wordpress\/ -->\n<title>\u00bfUn nuevo Pentecost\u00e9s? - Association FIAT<\/title>\n<meta name=\"robots\" content=\"index, follow, max-snippet:-1, max-image-preview:large, max-video-preview:-1\" \/>\n<link rel=\"canonical\" href=\"https:\/\/associationfiat.com\/es\/proposito-de-fiat\/presentacion\/un-nuevo-pentecostes\/\" \/>\n<meta property=\"og:locale\" content=\"es_ES\" \/>\n<meta property=\"og:type\" content=\"article\" \/>\n<meta property=\"og:title\" content=\"\u00bfUn nuevo Pentecost\u00e9s? - Association FIAT\" \/>\n<meta property=\"og:description\" content=\"El cardenal Suenens \u2013apoyado por el celo apost\u00f3lico de Veronica O\u2019Brien\u2013 so\u00f1\u00f3 con un \u00abnuevo Pentecost\u00e9s\u00bb. Mientras escrib\u00eda su libro sobre \u00bfUn nuevo Pentecost\u00e9s?, el Cardenal conoci\u00f3 el Movimiento carism\u00e1tico emergente. El t\u00edtulo del libro de Kevin Ranaghan, Catholic Pentecostals, fue reconocido por Veronica como [&hellip;]\" \/>\n<meta property=\"og:url\" content=\"https:\/\/associationfiat.com\/es\/proposito-de-fiat\/presentacion\/un-nuevo-pentecostes\/\" \/>\n<meta property=\"og:site_name\" content=\"Association FIAT\" \/>\n<meta property=\"article:modified_time\" content=\"2019-09-04T08:57:53+00:00\" \/>\n<meta name=\"twitter:card\" content=\"summary_large_image\" \/>\n<meta name=\"twitter:label1\" content=\"Tiempo de lectura\" \/>\n\t<meta name=\"twitter:data1\" content=\"2 minutes\" \/>\n<script type=\"application\/ld+json\" class=\"yoast-schema-graph\">{\"@context\":\"https:\\\/\\\/schema.org\",\"@graph\":[{\"@type\":\"WebPage\",\"@id\":\"https:\\\/\\\/associationfiat.com\\\/es\\\/proposito-de-fiat\\\/presentacion\\\/un-nuevo-pentecostes\\\/\",\"url\":\"https:\\\/\\\/associationfiat.com\\\/es\\\/proposito-de-fiat\\\/presentacion\\\/un-nuevo-pentecostes\\\/\",\"name\":\"\u00bfUn nuevo Pentecost\u00e9s? - Association FIAT\",\"isPartOf\":{\"@id\":\"https:\\\/\\\/associationfiat.com\\\/#website\"},\"datePublished\":\"2019-09-04T08:57:51+00:00\",\"dateModified\":\"2019-09-04T08:57:53+00:00\",\"breadcrumb\":{\"@id\":\"https:\\\/\\\/associationfiat.com\\\/es\\\/proposito-de-fiat\\\/presentacion\\\/un-nuevo-pentecostes\\\/#breadcrumb\"},\"inLanguage\":\"es-ES\",\"potentialAction\":[{\"@type\":\"ReadAction\",\"target\":[\"https:\\\/\\\/associationfiat.com\\\/es\\\/proposito-de-fiat\\\/presentacion\\\/un-nuevo-pentecostes\\\/\"]}]},{\"@type\":\"BreadcrumbList\",\"@id\":\"https:\\\/\\\/associationfiat.com\\\/es\\\/proposito-de-fiat\\\/presentacion\\\/un-nuevo-pentecostes\\\/#breadcrumb\",\"itemListElement\":[{\"@type\":\"ListItem\",\"position\":1,\"name\":\"Home\",\"item\":\"https:\\\/\\\/associationfiat.com\\\/\"},{\"@type\":\"ListItem\",\"position\":2,\"name\":\"A prop\u00f3sito de FIAT\",\"item\":\"https:\\\/\\\/associationfiat.com\\\/propos-de-fiat\\\/\"},{\"@type\":\"ListItem\",\"position\":3,\"name\":\"Presentaci\u00f3n\",\"item\":\"https:\\\/\\\/associationfiat.com\\\/es\\\/proposito-de-fiat\\\/presentacion\\\/\"},{\"@type\":\"ListItem\",\"position\":4,\"name\":\"\u00bfUn nuevo Pentecost\u00e9s?\"}]},{\"@type\":\"WebSite\",\"@id\":\"https:\\\/\\\/associationfiat.com\\\/#website\",\"url\":\"https:\\\/\\\/associationfiat.com\\\/\",\"name\":\"Association FIAT\",\"description\":\"\",\"potentialAction\":[{\"@type\":\"SearchAction\",\"target\":{\"@type\":\"EntryPoint\",\"urlTemplate\":\"https:\\\/\\\/associationfiat.com\\\/?s={search_term_string}\"},\"query-input\":{\"@type\":\"PropertyValueSpecification\",\"valueRequired\":true,\"valueName\":\"search_term_string\"}}],\"inLanguage\":\"es-ES\"}]}<\/script>\n<!-- \/ Yoast SEO plugin. -->","yoast_head_json":{"title":"\u00bfUn nuevo Pentecost\u00e9s? - Association FIAT","robots":{"index":"index","follow":"follow","max-snippet":"max-snippet:-1","max-image-preview":"max-image-preview:large","max-video-preview":"max-video-preview:-1"},"canonical":"https:\/\/associationfiat.com\/es\/proposito-de-fiat\/presentacion\/un-nuevo-pentecostes\/","og_locale":"es_ES","og_type":"article","og_title":"\u00bfUn nuevo Pentecost\u00e9s? - Association FIAT","og_description":"El cardenal Suenens \u2013apoyado por el celo apost\u00f3lico de Veronica O\u2019Brien\u2013 so\u00f1\u00f3 con un \u00abnuevo Pentecost\u00e9s\u00bb. Mientras escrib\u00eda su libro sobre \u00bfUn nuevo Pentecost\u00e9s?, el Cardenal conoci\u00f3 el Movimiento carism\u00e1tico emergente. El t\u00edtulo del libro de Kevin Ranaghan, Catholic Pentecostals, fue reconocido por Veronica como [&hellip;]","og_url":"https:\/\/associationfiat.com\/es\/proposito-de-fiat\/presentacion\/un-nuevo-pentecostes\/","og_site_name":"Association FIAT","article_modified_time":"2019-09-04T08:57:53+00:00","twitter_card":"summary_large_image","twitter_misc":{"Tiempo de lectura":"2 minutes"},"schema":{"@context":"https:\/\/schema.org","@graph":[{"@type":"WebPage","@id":"https:\/\/associationfiat.com\/es\/proposito-de-fiat\/presentacion\/un-nuevo-pentecostes\/","url":"https:\/\/associationfiat.com\/es\/proposito-de-fiat\/presentacion\/un-nuevo-pentecostes\/","name":"\u00bfUn nuevo Pentecost\u00e9s? - Association FIAT","isPartOf":{"@id":"https:\/\/associationfiat.com\/#website"},"datePublished":"2019-09-04T08:57:51+00:00","dateModified":"2019-09-04T08:57:53+00:00","breadcrumb":{"@id":"https:\/\/associationfiat.com\/es\/proposito-de-fiat\/presentacion\/un-nuevo-pentecostes\/#breadcrumb"},"inLanguage":"es-ES","potentialAction":[{"@type":"ReadAction","target":["https:\/\/associationfiat.com\/es\/proposito-de-fiat\/presentacion\/un-nuevo-pentecostes\/"]}]},{"@type":"BreadcrumbList","@id":"https:\/\/associationfiat.com\/es\/proposito-de-fiat\/presentacion\/un-nuevo-pentecostes\/#breadcrumb","itemListElement":[{"@type":"ListItem","position":1,"name":"Home","item":"https:\/\/associationfiat.com\/"},{"@type":"ListItem","position":2,"name":"A prop\u00f3sito de FIAT","item":"https:\/\/associationfiat.com\/propos-de-fiat\/"},{"@type":"ListItem","position":3,"name":"Presentaci\u00f3n","item":"https:\/\/associationfiat.com\/es\/proposito-de-fiat\/presentacion\/"},{"@type":"ListItem","position":4,"name":"\u00bfUn nuevo Pentecost\u00e9s?"}]},{"@type":"WebSite","@id":"https:\/\/associationfiat.com\/#website","url":"https:\/\/associationfiat.com\/","name":"Association FIAT","description":"","potentialAction":[{"@type":"SearchAction","target":{"@type":"EntryPoint","urlTemplate":"https:\/\/associationfiat.com\/?s={search_term_string}"},"query-input":{"@type":"PropertyValueSpecification","valueRequired":true,"valueName":"search_term_string"}}],"inLanguage":"es-ES"}]}},"_links":{"self":[{"href":"https:\/\/associationfiat.com\/es\/wp-json\/wp\/v2\/pages\/9054","targetHints":{"allow":["GET"]}}],"collection":[{"href":"https:\/\/associationfiat.com\/es\/wp-json\/wp\/v2\/pages"}],"about":[{"href":"https:\/\/associationfiat.com\/es\/wp-json\/wp\/v2\/types\/page"}],"author":[{"embeddable":true,"href":"https:\/\/associationfiat.com\/es\/wp-json\/wp\/v2\/users\/3"}],"replies":[{"embeddable":true,"href":"https:\/\/associationfiat.com\/es\/wp-json\/wp\/v2\/comments?post=9054"}],"version-history":[{"count":1,"href":"https:\/\/associationfiat.com\/es\/wp-json\/wp\/v2\/pages\/9054\/revisions"}],"predecessor-version":[{"id":9055,"href":"https:\/\/associationfiat.com\/es\/wp-json\/wp\/v2\/pages\/9054\/revisions\/9055"}],"up":[{"embeddable":true,"href":"https:\/\/associationfiat.com\/es\/wp-json\/wp\/v2\/pages\/9045"}],"wp:attachment":[{"href":"https:\/\/associationfiat.com\/es\/wp-json\/wp\/v2\/media?parent=9054"}],"wp:term":[{"taxonomy":"post_tag","embeddable":true,"href":"https:\/\/associationfiat.com\/es\/wp-json\/wp\/v2\/tags?post=9054"}],"curies":[{"name":"wp","href":"https:\/\/api.w.org\/{rel}","templated":true}]}}