{"id":9051,"date":"2019-09-04T08:54:48","date_gmt":"2019-09-04T08:54:48","guid":{"rendered":"https:\/\/associationfiat.com\/?page_id=9051"},"modified":"2019-09-04T08:54:49","modified_gmt":"2019-09-04T08:54:49","slug":"el-patrimonio-espiritual","status":"publish","type":"page","link":"https:\/\/associationfiat.com\/es\/proposito-de-fiat\/presentacion\/el-patrimonio-espiritual\/","title":{"rendered":"El patrimonio espiritual"},"content":{"rendered":"\n<p>Las l\u00edneas directrices de la <strong>Legi\u00f3n de Mar\u00eda<\/strong> fueron la primera inspiraci\u00f3n de los fundadores de lo que se convirti\u00f3 en la Asociaci\u00f3n FIAT. Veronica O&#8217;Brien, que formaba parte de esta Asociaci\u00f3n, encontr\u00f3 en monse\u00f1or L. J. Suenens, obispo auxiliar de Malinas, un aliado para apoyar teol\u00f3gica y espiritualmente el apostolado de la Legi\u00f3n de Mar\u00eda. Fue ella quien le pidi\u00f3 que escribiera <em>La teolog\u00eda del apostolado<\/em>.<\/p>\n<p>\u00a0\u00a0\u00a0\u00a0\u00a0\u00a0\u00a0\u00a0\u00a0\u00a0\u00a0 En esta invitaci\u00f3n, Monse\u00f1or Suenens, que ten\u00eda como lema episcopal \u00abIn Spiritu Sancto\u00bb, reconoci\u00f3 una inspiraci\u00f3n del Esp\u00edritu.<strong> El concilio Vaticano II<\/strong> ciertamente hizo m\u00e1s profunda la teolog\u00eda del cardenal Suenens: la prioridad del Pueblo de Dios, antes de hablar de la jerarqu\u00eda, estaba de acuerdo con la inspiraci\u00f3n de la Legi\u00f3n de Mar\u00eda, que es un movimiento laico. La Iglesia es, ante todo, el Pueblo de Dios que participa en la vida divina. A trav\u00e9s del bautismo somos introducidos en esta nueva creaci\u00f3n y somos invitados a ser testigos de Cristo en el mundo en nuestra vida de todos los d\u00edas. Los carismas no son excepciones que ten\u00edan cabida en tiempos revueltos, al principio de la Iglesia. Al contrario, todav\u00eda hoy son poderosos medios de evangelizaci\u00f3n.<\/p>\n<p>\u00a0\u00a0\u00a0\u00a0\u00a0\u00a0\u00a0\u00a0\u00a0\u00a0\u00a0 El concilio habl\u00f3 de Mar\u00eda como figura de la Iglesia (Urbild der Kirche): ella hab\u00eda sido la primera creyente por su fiat, y por esa raz\u00f3n es la Madre de todos los fieles. En la Constituci\u00f3n <strong><em>Lumen Gentium<\/em>,<\/strong> el concilio Vaticano II opt\u00f3 por una mariolog\u00eda que no es una devoci\u00f3n particular, sino que sit\u00faa a Mar\u00eda en el coraz\u00f3n mismo de la vida de la fe. El concilio Vaticano II vio en Mar\u00eda, en primer lugar, \u00abaquella que ha cre\u00eddo\u00bb, y evit\u00f3 considerar a Mar\u00eda como \u00abmediadora de todas las gracias\u00bb.<\/p>\n<p>\u00a0\u00a0\u00a0\u00a0\u00a0\u00a0\u00a0\u00a0\u00a0\u00a0\u00a0 A partir de<strong> los a\u00f1os 1975-1980<\/strong>, se produjo una creciente influencia de la <strong>Comunidad de Emmanuel<\/strong>, fundada por Pierre Goursat. Esta Comunidad combina, por as\u00ed decirlo, el Movimiento carism\u00e1tico con la espiritualidad tradicional francesa (devoci\u00f3n al Coraz\u00f3n Traspasado de Jes\u00fas, en la tradici\u00f3n de santa Margarita Mar\u00eda Alacoque y de la Visitaci\u00f3n). Paray-le-Monial es el lugar donde el Movimiento carism\u00e1tico y la Comunidad de Emmanuel se reencontraron, sobre todo en las reuniones anuales organizadas por esta Comunidad.<\/p>\n<p>\u00a0\u00a0\u00a0\u00a0\u00a0\u00a0\u00a0\u00a0\u00a0\u00a0\u00a0 Se hace hincapi\u00e9 en la eucarist\u00eda y la adoraci\u00f3n del Santo Sacramento, el sacramento de la reconciliaci\u00f3n y la formaci\u00f3n teol\u00f3gica. Los inspiradores de FIAT se sintieron a gusto con esta alianza entre la espiritualidad francesa tradicional y la Renovaci\u00f3n en el Esp\u00edritu, al tiempo que pusieron un mayor acento en el papel de Mar\u00eda, en la l\u00ednea de la espiritualidad de san Luis Mar\u00eda Grignion de Monfort.<\/p>\n","protected":false},"excerpt":{"rendered":"<p>Las l\u00edneas directrices de la Legi\u00f3n de Mar\u00eda fueron la primera inspiraci\u00f3n de los fundadores de lo que se convirti\u00f3 en la Asociaci\u00f3n FIAT. Veronica O&#8217;Brien, que formaba parte de esta Asociaci\u00f3n, encontr\u00f3 en monse\u00f1or L. J. Suenens, obispo auxiliar de Malinas, un aliado para [&hellip;]<\/p>\n","protected":false},"author":3,"featured_media":0,"parent":9045,"menu_order":0,"comment_status":"closed","ping_status":"closed","template":"","meta":{"_acf_changed":false,"footnotes":""},"tags":[],"class_list":["post-9051","page","type-page","status-publish","hentry"],"acf":[],"yoast_head":"<!-- This site is optimized with the Yoast SEO plugin v27.5 - https:\/\/yoast.com\/product\/yoast-seo-wordpress\/ -->\n<title>El patrimonio espiritual - Association FIAT<\/title>\n<meta name=\"robots\" content=\"index, follow, max-snippet:-1, max-image-preview:large, max-video-preview:-1\" \/>\n<link rel=\"canonical\" href=\"https:\/\/associationfiat.com\/es\/proposito-de-fiat\/presentacion\/el-patrimonio-espiritual\/\" \/>\n<meta property=\"og:locale\" content=\"es_ES\" \/>\n<meta property=\"og:type\" content=\"article\" \/>\n<meta property=\"og:title\" content=\"El patrimonio espiritual - Association FIAT\" \/>\n<meta property=\"og:description\" content=\"Las l\u00edneas directrices de la Legi\u00f3n de Mar\u00eda fueron la primera inspiraci\u00f3n de los fundadores de lo que se convirti\u00f3 en la Asociaci\u00f3n FIAT. Veronica O&#8217;Brien, que formaba parte de esta Asociaci\u00f3n, encontr\u00f3 en monse\u00f1or L. J. Suenens, obispo auxiliar de Malinas, un aliado para [&hellip;]\" \/>\n<meta property=\"og:url\" content=\"https:\/\/associationfiat.com\/es\/proposito-de-fiat\/presentacion\/el-patrimonio-espiritual\/\" \/>\n<meta property=\"og:site_name\" content=\"Association FIAT\" \/>\n<meta property=\"article:modified_time\" content=\"2019-09-04T08:54:49+00:00\" \/>\n<meta name=\"twitter:card\" content=\"summary_large_image\" \/>\n<meta name=\"twitter:label1\" content=\"Tiempo de lectura\" \/>\n\t<meta name=\"twitter:data1\" content=\"2 minutes\" \/>\n<script type=\"application\/ld+json\" class=\"yoast-schema-graph\">{\"@context\":\"https:\\\/\\\/schema.org\",\"@graph\":[{\"@type\":\"WebPage\",\"@id\":\"https:\\\/\\\/associationfiat.com\\\/es\\\/proposito-de-fiat\\\/presentacion\\\/el-patrimonio-espiritual\\\/\",\"url\":\"https:\\\/\\\/associationfiat.com\\\/es\\\/proposito-de-fiat\\\/presentacion\\\/el-patrimonio-espiritual\\\/\",\"name\":\"El patrimonio espiritual - Association FIAT\",\"isPartOf\":{\"@id\":\"https:\\\/\\\/associationfiat.com\\\/#website\"},\"datePublished\":\"2019-09-04T08:54:48+00:00\",\"dateModified\":\"2019-09-04T08:54:49+00:00\",\"breadcrumb\":{\"@id\":\"https:\\\/\\\/associationfiat.com\\\/es\\\/proposito-de-fiat\\\/presentacion\\\/el-patrimonio-espiritual\\\/#breadcrumb\"},\"inLanguage\":\"es-ES\",\"potentialAction\":[{\"@type\":\"ReadAction\",\"target\":[\"https:\\\/\\\/associationfiat.com\\\/es\\\/proposito-de-fiat\\\/presentacion\\\/el-patrimonio-espiritual\\\/\"]}]},{\"@type\":\"BreadcrumbList\",\"@id\":\"https:\\\/\\\/associationfiat.com\\\/es\\\/proposito-de-fiat\\\/presentacion\\\/el-patrimonio-espiritual\\\/#breadcrumb\",\"itemListElement\":[{\"@type\":\"ListItem\",\"position\":1,\"name\":\"Home\",\"item\":\"https:\\\/\\\/associationfiat.com\\\/\"},{\"@type\":\"ListItem\",\"position\":2,\"name\":\"A prop\u00f3sito de FIAT\",\"item\":\"https:\\\/\\\/associationfiat.com\\\/propos-de-fiat\\\/\"},{\"@type\":\"ListItem\",\"position\":3,\"name\":\"Presentaci\u00f3n\",\"item\":\"https:\\\/\\\/associationfiat.com\\\/es\\\/proposito-de-fiat\\\/presentacion\\\/\"},{\"@type\":\"ListItem\",\"position\":4,\"name\":\"El patrimonio espiritual\"}]},{\"@type\":\"WebSite\",\"@id\":\"https:\\\/\\\/associationfiat.com\\\/#website\",\"url\":\"https:\\\/\\\/associationfiat.com\\\/\",\"name\":\"Association FIAT\",\"description\":\"\",\"potentialAction\":[{\"@type\":\"SearchAction\",\"target\":{\"@type\":\"EntryPoint\",\"urlTemplate\":\"https:\\\/\\\/associationfiat.com\\\/?s={search_term_string}\"},\"query-input\":{\"@type\":\"PropertyValueSpecification\",\"valueRequired\":true,\"valueName\":\"search_term_string\"}}],\"inLanguage\":\"es-ES\"}]}<\/script>\n<!-- \/ Yoast SEO plugin. -->","yoast_head_json":{"title":"El patrimonio espiritual - Association FIAT","robots":{"index":"index","follow":"follow","max-snippet":"max-snippet:-1","max-image-preview":"max-image-preview:large","max-video-preview":"max-video-preview:-1"},"canonical":"https:\/\/associationfiat.com\/es\/proposito-de-fiat\/presentacion\/el-patrimonio-espiritual\/","og_locale":"es_ES","og_type":"article","og_title":"El patrimonio espiritual - Association FIAT","og_description":"Las l\u00edneas directrices de la Legi\u00f3n de Mar\u00eda fueron la primera inspiraci\u00f3n de los fundadores de lo que se convirti\u00f3 en la Asociaci\u00f3n FIAT. Veronica O&#8217;Brien, que formaba parte de esta Asociaci\u00f3n, encontr\u00f3 en monse\u00f1or L. J. Suenens, obispo auxiliar de Malinas, un aliado para [&hellip;]","og_url":"https:\/\/associationfiat.com\/es\/proposito-de-fiat\/presentacion\/el-patrimonio-espiritual\/","og_site_name":"Association FIAT","article_modified_time":"2019-09-04T08:54:49+00:00","twitter_card":"summary_large_image","twitter_misc":{"Tiempo de lectura":"2 minutes"},"schema":{"@context":"https:\/\/schema.org","@graph":[{"@type":"WebPage","@id":"https:\/\/associationfiat.com\/es\/proposito-de-fiat\/presentacion\/el-patrimonio-espiritual\/","url":"https:\/\/associationfiat.com\/es\/proposito-de-fiat\/presentacion\/el-patrimonio-espiritual\/","name":"El patrimonio espiritual - Association FIAT","isPartOf":{"@id":"https:\/\/associationfiat.com\/#website"},"datePublished":"2019-09-04T08:54:48+00:00","dateModified":"2019-09-04T08:54:49+00:00","breadcrumb":{"@id":"https:\/\/associationfiat.com\/es\/proposito-de-fiat\/presentacion\/el-patrimonio-espiritual\/#breadcrumb"},"inLanguage":"es-ES","potentialAction":[{"@type":"ReadAction","target":["https:\/\/associationfiat.com\/es\/proposito-de-fiat\/presentacion\/el-patrimonio-espiritual\/"]}]},{"@type":"BreadcrumbList","@id":"https:\/\/associationfiat.com\/es\/proposito-de-fiat\/presentacion\/el-patrimonio-espiritual\/#breadcrumb","itemListElement":[{"@type":"ListItem","position":1,"name":"Home","item":"https:\/\/associationfiat.com\/"},{"@type":"ListItem","position":2,"name":"A prop\u00f3sito de FIAT","item":"https:\/\/associationfiat.com\/propos-de-fiat\/"},{"@type":"ListItem","position":3,"name":"Presentaci\u00f3n","item":"https:\/\/associationfiat.com\/es\/proposito-de-fiat\/presentacion\/"},{"@type":"ListItem","position":4,"name":"El patrimonio espiritual"}]},{"@type":"WebSite","@id":"https:\/\/associationfiat.com\/#website","url":"https:\/\/associationfiat.com\/","name":"Association FIAT","description":"","potentialAction":[{"@type":"SearchAction","target":{"@type":"EntryPoint","urlTemplate":"https:\/\/associationfiat.com\/?s={search_term_string}"},"query-input":{"@type":"PropertyValueSpecification","valueRequired":true,"valueName":"search_term_string"}}],"inLanguage":"es-ES"}]}},"_links":{"self":[{"href":"https:\/\/associationfiat.com\/es\/wp-json\/wp\/v2\/pages\/9051","targetHints":{"allow":["GET"]}}],"collection":[{"href":"https:\/\/associationfiat.com\/es\/wp-json\/wp\/v2\/pages"}],"about":[{"href":"https:\/\/associationfiat.com\/es\/wp-json\/wp\/v2\/types\/page"}],"author":[{"embeddable":true,"href":"https:\/\/associationfiat.com\/es\/wp-json\/wp\/v2\/users\/3"}],"replies":[{"embeddable":true,"href":"https:\/\/associationfiat.com\/es\/wp-json\/wp\/v2\/comments?post=9051"}],"version-history":[{"count":1,"href":"https:\/\/associationfiat.com\/es\/wp-json\/wp\/v2\/pages\/9051\/revisions"}],"predecessor-version":[{"id":9052,"href":"https:\/\/associationfiat.com\/es\/wp-json\/wp\/v2\/pages\/9051\/revisions\/9052"}],"up":[{"embeddable":true,"href":"https:\/\/associationfiat.com\/es\/wp-json\/wp\/v2\/pages\/9045"}],"wp:attachment":[{"href":"https:\/\/associationfiat.com\/es\/wp-json\/wp\/v2\/media?parent=9051"}],"wp:term":[{"taxonomy":"post_tag","embeddable":true,"href":"https:\/\/associationfiat.com\/es\/wp-json\/wp\/v2\/tags?post=9051"}],"curies":[{"name":"wp","href":"https:\/\/api.w.org\/{rel}","templated":true}]}}