{"id":9047,"date":"2019-09-04T08:30:48","date_gmt":"2019-09-04T08:30:48","guid":{"rendered":"https:\/\/associationfiat.com\/?page_id=9047"},"modified":"2019-09-04T08:30:50","modified_gmt":"2019-09-04T08:30:50","slug":"introduccion","status":"publish","type":"page","link":"https:\/\/associationfiat.com\/es\/proposito-de-fiat\/presentacion\/introduccion\/","title":{"rendered":"Introducci\u00f3n"},"content":{"rendered":"\n<p>La Asociaci\u00f3n FIAT est\u00e1 muy atenta a vivir su apostolado en armon\u00eda con la ense\u00f1anza de la Iglesia cat\u00f3lica y con sus pastores. Por medio de sus \u00abiniciativas\u00bb, la Asociaci\u00f3n FIAT propone al cristiano participar en la misi\u00f3n de la Iglesia integr\u00e1ndose en el tejido parroquial o participando en otros servicios de la Iglesia.<\/p>\n<p>\u00a0\u00a0\u00a0\u00a0\u00a0\u00a0\u00a0\u00a0\u00a0\u00a0\u00a0 Humildemente y a su manera, en la parte que le corresponde, la Asociaci\u00f3n FIAT quiere responder a la llamada del concilio Vaticano II, una llamada a todo cristiano que a trav\u00e9s de su bautismo es enviado en misi\u00f3n. Destacamos de manera especial su vocaci\u00f3n \u00abde ser siempre y en todas partes, de palabra y obra, testigos de Cristo y del Amor de su Divino Coraz\u00f3n\u00bb.<\/p>\n<p>\u00a0\u00a0\u00a0\u00a0\u00a0\u00a0\u00a0\u00a0\u00a0\u00a0\u00a0 Jesucristo, al liberarnos y al proponernos el Evangelio, nos ofrece un camino de felicidad. En nuestro bautismo aceptamos la misi\u00f3n de compartir el Evangelio con todas las personas que la Providencia pone en nuestro camino. Para el cristiano, vivir de la misericordia del Padre y dar testimonio de ella de un modo humilde y valiente da un profundo sentido a su vida.<\/p>\n<p>\u00a0\u00a0\u00a0\u00a0\u00a0\u00a0\u00a0\u00a0\u00a0\u00a0\u00a0 Convencidos de que por medio de nuestra proximidad a Mar\u00eda gozaremos de una mayor intimidad en Cristo, la Asociaci\u00f3n FIAT propone \u00ab<em>un camino de fe con Mar\u00eda<\/em>\u00bb. En este sentido, la oraci\u00f3n FIAT y el rosario FIAT, as\u00ed como diferentes escritos, nos ofrecen una din\u00e1mica espiritual.<\/p>\n<p>\u00a0\u00a0\u00a0\u00a0\u00a0\u00a0\u00a0\u00a0\u00a0\u00a0\u00a0 Desde hace 35 a\u00f1os, el apostolado de la Asociaci\u00f3n FIAT se ha beneficiado de la oraci\u00f3n y el respaldo financiero de los Amigos de FIAT, as\u00ed como del aliento de la Iglesia. Este doble apoyo nos invita, as\u00ed pues, a continuar con el apostolado FIAT.<\/p>\n<p>\u00a0\u00a0\u00a0\u00a0\u00a0\u00a0\u00a0\u00a0\u00a0\u00a0\u00a0 Hasta la fecha, hemos recibido \u2013procedentes de m\u00e1s de 120 pa\u00edses\u2013 peticiones de rosarios FIAT y \u00abescritos FIAT\u00bb. Es una alegr\u00eda poder trabajar en el coraz\u00f3n de la Iglesia. \u00a1El grupo FIAT \u2013como a Juan Pablo II le gustaba llamarnos\u2013 da gracias al Se\u00f1or!<\/p>\n","protected":false},"excerpt":{"rendered":"<p>La Asociaci\u00f3n FIAT est\u00e1 muy atenta a vivir su apostolado en armon\u00eda con la ense\u00f1anza de la Iglesia cat\u00f3lica y con sus pastores. Por medio de sus \u00abiniciativas\u00bb, la Asociaci\u00f3n FIAT propone al cristiano participar en la misi\u00f3n de la Iglesia integr\u00e1ndose en el tejido [&hellip;]<\/p>\n","protected":false},"author":3,"featured_media":0,"parent":9045,"menu_order":0,"comment_status":"closed","ping_status":"closed","template":"","meta":{"_acf_changed":false,"footnotes":""},"tags":[],"class_list":["post-9047","page","type-page","status-publish","hentry"],"acf":[],"yoast_head":"<!-- This site is optimized with the Yoast SEO plugin v27.4 - https:\/\/yoast.com\/product\/yoast-seo-wordpress\/ -->\n<title>Introducci\u00f3n - Association FIAT<\/title>\n<meta name=\"robots\" content=\"index, follow, max-snippet:-1, max-image-preview:large, max-video-preview:-1\" \/>\n<link rel=\"canonical\" href=\"https:\/\/associationfiat.com\/es\/proposito-de-fiat\/presentacion\/introduccion\/\" \/>\n<meta property=\"og:locale\" content=\"es_ES\" \/>\n<meta property=\"og:type\" content=\"article\" \/>\n<meta property=\"og:title\" content=\"Introducci\u00f3n - Association FIAT\" \/>\n<meta property=\"og:description\" content=\"La Asociaci\u00f3n FIAT est\u00e1 muy atenta a vivir su apostolado en armon\u00eda con la ense\u00f1anza de la Iglesia cat\u00f3lica y con sus pastores. Por medio de sus \u00abiniciativas\u00bb, la Asociaci\u00f3n FIAT propone al cristiano participar en la misi\u00f3n de la Iglesia integr\u00e1ndose en el tejido [&hellip;]\" \/>\n<meta property=\"og:url\" content=\"https:\/\/associationfiat.com\/es\/proposito-de-fiat\/presentacion\/introduccion\/\" \/>\n<meta property=\"og:site_name\" content=\"Association FIAT\" \/>\n<meta property=\"article:modified_time\" content=\"2019-09-04T08:30:50+00:00\" \/>\n<meta name=\"twitter:card\" content=\"summary_large_image\" \/>\n<meta name=\"twitter:label1\" content=\"Tiempo de lectura\" \/>\n\t<meta name=\"twitter:data1\" content=\"2 minutes\" \/>\n<script type=\"application\/ld+json\" class=\"yoast-schema-graph\">{\"@context\":\"https:\\\/\\\/schema.org\",\"@graph\":[{\"@type\":\"WebPage\",\"@id\":\"https:\\\/\\\/associationfiat.com\\\/es\\\/proposito-de-fiat\\\/presentacion\\\/introduccion\\\/\",\"url\":\"https:\\\/\\\/associationfiat.com\\\/es\\\/proposito-de-fiat\\\/presentacion\\\/introduccion\\\/\",\"name\":\"Introducci\u00f3n - Association FIAT\",\"isPartOf\":{\"@id\":\"https:\\\/\\\/associationfiat.com\\\/#website\"},\"datePublished\":\"2019-09-04T08:30:48+00:00\",\"dateModified\":\"2019-09-04T08:30:50+00:00\",\"breadcrumb\":{\"@id\":\"https:\\\/\\\/associationfiat.com\\\/es\\\/proposito-de-fiat\\\/presentacion\\\/introduccion\\\/#breadcrumb\"},\"inLanguage\":\"es-ES\",\"potentialAction\":[{\"@type\":\"ReadAction\",\"target\":[\"https:\\\/\\\/associationfiat.com\\\/es\\\/proposito-de-fiat\\\/presentacion\\\/introduccion\\\/\"]}]},{\"@type\":\"BreadcrumbList\",\"@id\":\"https:\\\/\\\/associationfiat.com\\\/es\\\/proposito-de-fiat\\\/presentacion\\\/introduccion\\\/#breadcrumb\",\"itemListElement\":[{\"@type\":\"ListItem\",\"position\":1,\"name\":\"Home\",\"item\":\"https:\\\/\\\/associationfiat.com\\\/\"},{\"@type\":\"ListItem\",\"position\":2,\"name\":\"A prop\u00f3sito de FIAT\",\"item\":\"https:\\\/\\\/associationfiat.com\\\/propos-de-fiat\\\/\"},{\"@type\":\"ListItem\",\"position\":3,\"name\":\"Presentaci\u00f3n\",\"item\":\"https:\\\/\\\/associationfiat.com\\\/es\\\/proposito-de-fiat\\\/presentacion\\\/\"},{\"@type\":\"ListItem\",\"position\":4,\"name\":\"Introducci\u00f3n\"}]},{\"@type\":\"WebSite\",\"@id\":\"https:\\\/\\\/associationfiat.com\\\/#website\",\"url\":\"https:\\\/\\\/associationfiat.com\\\/\",\"name\":\"Association FIAT\",\"description\":\"\",\"potentialAction\":[{\"@type\":\"SearchAction\",\"target\":{\"@type\":\"EntryPoint\",\"urlTemplate\":\"https:\\\/\\\/associationfiat.com\\\/?s={search_term_string}\"},\"query-input\":{\"@type\":\"PropertyValueSpecification\",\"valueRequired\":true,\"valueName\":\"search_term_string\"}}],\"inLanguage\":\"es-ES\"}]}<\/script>\n<!-- \/ Yoast SEO plugin. -->","yoast_head_json":{"title":"Introducci\u00f3n - Association FIAT","robots":{"index":"index","follow":"follow","max-snippet":"max-snippet:-1","max-image-preview":"max-image-preview:large","max-video-preview":"max-video-preview:-1"},"canonical":"https:\/\/associationfiat.com\/es\/proposito-de-fiat\/presentacion\/introduccion\/","og_locale":"es_ES","og_type":"article","og_title":"Introducci\u00f3n - Association FIAT","og_description":"La Asociaci\u00f3n FIAT est\u00e1 muy atenta a vivir su apostolado en armon\u00eda con la ense\u00f1anza de la Iglesia cat\u00f3lica y con sus pastores. Por medio de sus \u00abiniciativas\u00bb, la Asociaci\u00f3n FIAT propone al cristiano participar en la misi\u00f3n de la Iglesia integr\u00e1ndose en el tejido [&hellip;]","og_url":"https:\/\/associationfiat.com\/es\/proposito-de-fiat\/presentacion\/introduccion\/","og_site_name":"Association FIAT","article_modified_time":"2019-09-04T08:30:50+00:00","twitter_card":"summary_large_image","twitter_misc":{"Tiempo de lectura":"2 minutes"},"schema":{"@context":"https:\/\/schema.org","@graph":[{"@type":"WebPage","@id":"https:\/\/associationfiat.com\/es\/proposito-de-fiat\/presentacion\/introduccion\/","url":"https:\/\/associationfiat.com\/es\/proposito-de-fiat\/presentacion\/introduccion\/","name":"Introducci\u00f3n - Association FIAT","isPartOf":{"@id":"https:\/\/associationfiat.com\/#website"},"datePublished":"2019-09-04T08:30:48+00:00","dateModified":"2019-09-04T08:30:50+00:00","breadcrumb":{"@id":"https:\/\/associationfiat.com\/es\/proposito-de-fiat\/presentacion\/introduccion\/#breadcrumb"},"inLanguage":"es-ES","potentialAction":[{"@type":"ReadAction","target":["https:\/\/associationfiat.com\/es\/proposito-de-fiat\/presentacion\/introduccion\/"]}]},{"@type":"BreadcrumbList","@id":"https:\/\/associationfiat.com\/es\/proposito-de-fiat\/presentacion\/introduccion\/#breadcrumb","itemListElement":[{"@type":"ListItem","position":1,"name":"Home","item":"https:\/\/associationfiat.com\/"},{"@type":"ListItem","position":2,"name":"A prop\u00f3sito de FIAT","item":"https:\/\/associationfiat.com\/propos-de-fiat\/"},{"@type":"ListItem","position":3,"name":"Presentaci\u00f3n","item":"https:\/\/associationfiat.com\/es\/proposito-de-fiat\/presentacion\/"},{"@type":"ListItem","position":4,"name":"Introducci\u00f3n"}]},{"@type":"WebSite","@id":"https:\/\/associationfiat.com\/#website","url":"https:\/\/associationfiat.com\/","name":"Association FIAT","description":"","potentialAction":[{"@type":"SearchAction","target":{"@type":"EntryPoint","urlTemplate":"https:\/\/associationfiat.com\/?s={search_term_string}"},"query-input":{"@type":"PropertyValueSpecification","valueRequired":true,"valueName":"search_term_string"}}],"inLanguage":"es-ES"}]}},"_links":{"self":[{"href":"https:\/\/associationfiat.com\/es\/wp-json\/wp\/v2\/pages\/9047","targetHints":{"allow":["GET"]}}],"collection":[{"href":"https:\/\/associationfiat.com\/es\/wp-json\/wp\/v2\/pages"}],"about":[{"href":"https:\/\/associationfiat.com\/es\/wp-json\/wp\/v2\/types\/page"}],"author":[{"embeddable":true,"href":"https:\/\/associationfiat.com\/es\/wp-json\/wp\/v2\/users\/3"}],"replies":[{"embeddable":true,"href":"https:\/\/associationfiat.com\/es\/wp-json\/wp\/v2\/comments?post=9047"}],"version-history":[{"count":1,"href":"https:\/\/associationfiat.com\/es\/wp-json\/wp\/v2\/pages\/9047\/revisions"}],"predecessor-version":[{"id":9048,"href":"https:\/\/associationfiat.com\/es\/wp-json\/wp\/v2\/pages\/9047\/revisions\/9048"}],"up":[{"embeddable":true,"href":"https:\/\/associationfiat.com\/es\/wp-json\/wp\/v2\/pages\/9045"}],"wp:attachment":[{"href":"https:\/\/associationfiat.com\/es\/wp-json\/wp\/v2\/media?parent=9047"}],"wp:term":[{"taxonomy":"post_tag","embeddable":true,"href":"https:\/\/associationfiat.com\/es\/wp-json\/wp\/v2\/tags?post=9047"}],"curies":[{"name":"wp","href":"https:\/\/api.w.org\/{rel}","templated":true}]}}