{"id":6538,"date":"2018-03-28T13:19:01","date_gmt":"2018-03-28T13:19:01","guid":{"rendered":"https:\/\/associationfiat.com\/?page_id=6538"},"modified":"2018-03-28T13:19:28","modified_gmt":"2018-03-28T13:19:28","slug":"principios-de-privacidad","status":"publish","type":"page","link":"https:\/\/associationfiat.com\/es\/principios-de-privacidad\/","title":{"rendered":"PRINCIPIOS DE PRIVACIDAD"},"content":{"rendered":"<ol>\n<li><strong> PRINCIPIOS DE PRIVACIDAD <\/strong><\/li>\n<\/ol>\n<p>La Asociaci\u00f3n FIAT se toma la privacidad muy en serio. Los siguientes principios apuntalan nuestro compromiso de respetar su privacidad.<\/p>\n<p>Valoramos la confianza que nos deposita proporcion\u00e1ndonos su informaci\u00f3n personal. Siempre utilizaremos su informaci\u00f3n personal de forma justa y digna de esa confianza.<\/p>\n<p>Proporcionaremos informaci\u00f3n clara acerca de c\u00f3mo usamos sus datos personales. Siempre seremos transparentes con usted acerca de qu\u00e9 informaci\u00f3n recogemos, qu\u00e9 hacemos con ella, con qui\u00e9n la compartimos y con qui\u00e9n deber\u00e1 contactar si tiene alguna inquietud.<\/p>\n<p>Vamos a tomar todas las medidas razonables para proteger su informaci\u00f3n de un mal uso y mantenerla segura.<\/p>\n<p>Cumpliremos con todas las leyes y reglamentos aplicables sobre protecci\u00f3n de datos y vamos a cooperar con las autoridades de protecci\u00f3n de datos. En caso de ausencia de legislaci\u00f3n de protecci\u00f3n de datos personales, vamos actuar de acuerdo con los principios generalmente aceptados que rigen la protecci\u00f3n de datos.<\/p>\n<ol>\n<li><strong> \u00bfQu\u00e9 tipo de informaci\u00f3n recogemos?<\/strong><\/li>\n<\/ol>\n<p>En este Aviso de Privacidad su \u201cinformaci\u00f3n personal\u201d significa informaci\u00f3n o partes de informaci\u00f3n que nos permiten identificarle. Esto normalmente incluye informaci\u00f3n como su nombre, direcci\u00f3n postal, nombre de usuario, foto de perfil, direcci\u00f3n de correo electr\u00f3nico y n\u00famero de tel\u00e9fono, pero tambi\u00e9n puede incluir otro tipo de informaci\u00f3n como su direcci\u00f3n IP, h\u00e1bitos de compra, informaci\u00f3n sobre su estilo de vida como sus aficiones e intereses. Podremos recoger esta informaci\u00f3n personal de diferentes fuentes, incluyendo:<\/p>\n<p><u>-Informaci\u00f3n que usted nos proporciona directamente;<\/u><\/p>\n<p>&#8211; <u>Informaci\u00f3n que recogemos autom\u00e1ticamente cuando usted navega por los Sites Asociaci\u00f3n FIAT;<\/u> Asociaci\u00f3n FIAT ( y proveedores de servicios de terceros que act\u00faen en nuestro nombre) usamos cookies y otras herramientas (como herramientas de anal\u00edtica web y etiquetas de p\u00edxel), sujetas a los t\u00e9rminos de este Aviso de Privacidad y a la normativa aplicable, que autom\u00e1ticamente recogen informaci\u00f3n sobre usted cu\u00e1ndo utiliza los Sites FIAT. Entre los tipos de informaci\u00f3n que podemos recogerrecogeremos autom\u00e1ticamente se pueden incluyenincluir: informaci\u00f3n sobre el tipo de navegador que usadetalles de las p\u00e1ginas que ha visitadosu direcci\u00f3n IP, los hiperenlaces a los que usted ha hecho clicsu nombre de usuario, foto de perfil, sexo, redes y cualquier otra informaci\u00f3n que ha eligidoelegido compartir al usar Sites de Terceros (como cuando usa el bot\u00f3n &#8220;Me gusta&#8221; de Facebook o el bot\u00f3n +1 en Google+), las p\u00e1ginas web que has visitado antes de llegar al Site FIAT.<\/p>\n<p>&#8211; <u>Informaci\u00f3n que recogemos de otras fuentes;<br \/>\n<\/u>Es posible que terceros nos comuniquen a trav\u00e9s del sitio internet de la Asociaci\u00f3n FIAT direcciones de correo electr\u00f3nico de personas eventualmente interesadas por nuestro apostolado.<\/p>\n<p><strong>III. Protecci\u00f3n de su informaci\u00f3n personal<\/strong><\/p>\n<p>Tomaremos todas las precauciones posibles para mantener su informaci\u00f3n personal segura y exigiremos a los terceros que manejan o procesan su informaci\u00f3n personal que hagan lo mismo. El acceso a su informaci\u00f3n personal es restringido para prevenir accesos no autorizados, modificaci\u00f3n o mal uso y s\u00f3lo est\u00e1 permitido a nuestros empleados y agentes cuando sea necesario.<\/p>\n<ol>\n<li><strong> Sus derechos y con qui\u00e9n contactar<\/strong><\/li>\n<\/ol>\n<p>Usted tiene derecho a decirnos que:<\/p>\n<p>&#8211; no quiere ser contactado por nosotros en el futuro;<br \/>\n&#8211; desea una copia de la informaci\u00f3n personal que mantenemos de su persona;<br \/>\n&#8211; desea corregir, actualizar o borrar su informaci\u00f3n personal de nuestros ficheros;<br \/>\n&#8211; desea reportar mal uso de su informaci\u00f3n personal.<\/p>\n<p>Para asistirle mejor, le rogamos nos facilite su nombre y apellidos, as\u00ed como los detalles de su solicitud.<\/p>\n<p>Ante cualquier pregunta, comentario o inquietud sobre c\u00f3mo manejamos su informaci\u00f3n personal, usted deber\u00e1 contactarnos:<\/p>\n<p><strong>Asociaci\u00f3n FIAT<\/strong><br \/>\nFrederik de Merodestraat 18<br \/>\n2800 Mechelen (Belgica)<br \/>\n+32 (0) 15\u00a0298\u00a0466<br \/>\n<a href=\"mailto:association.fiat@telenet.be\">association.fiat@telenet.be<\/a><\/p>\n","protected":false},"excerpt":{"rendered":"<p>PRINCIPIOS DE PRIVACIDAD La Asociaci\u00f3n FIAT se toma la privacidad muy en serio. Los siguientes principios apuntalan nuestro compromiso de respetar su privacidad. Valoramos la confianza que nos deposita proporcion\u00e1ndonos su informaci\u00f3n personal. Siempre utilizaremos su informaci\u00f3n personal de forma justa y digna de esa [&hellip;]<\/p>\n","protected":false},"author":3,"featured_media":0,"parent":0,"menu_order":0,"comment_status":"closed","ping_status":"closed","template":"","meta":{"_acf_changed":false,"footnotes":""},"tags":[],"class_list":["post-6538","page","type-page","status-publish","hentry"],"acf":[],"yoast_head":"<!-- This site is optimized with the Yoast SEO plugin v27.5 - https:\/\/yoast.com\/product\/yoast-seo-wordpress\/ -->\n<title>PRINCIPIOS DE PRIVACIDAD - Association FIAT<\/title>\n<meta name=\"robots\" content=\"index, follow, max-snippet:-1, max-image-preview:large, max-video-preview:-1\" \/>\n<link rel=\"canonical\" href=\"https:\/\/associationfiat.com\/es\/principios-de-privacidad\/\" \/>\n<meta property=\"og:locale\" content=\"es_ES\" \/>\n<meta property=\"og:type\" content=\"article\" \/>\n<meta property=\"og:title\" content=\"PRINCIPIOS DE PRIVACIDAD - Association FIAT\" \/>\n<meta property=\"og:description\" content=\"PRINCIPIOS DE PRIVACIDAD La Asociaci\u00f3n FIAT se toma la privacidad muy en serio. Los siguientes principios apuntalan nuestro compromiso de respetar su privacidad. Valoramos la confianza que nos deposita proporcion\u00e1ndonos su informaci\u00f3n personal. Siempre utilizaremos su informaci\u00f3n personal de forma justa y digna de esa [&hellip;]\" \/>\n<meta property=\"og:url\" content=\"https:\/\/associationfiat.com\/es\/principios-de-privacidad\/\" \/>\n<meta property=\"og:site_name\" content=\"Association FIAT\" \/>\n<meta property=\"article:modified_time\" content=\"2018-03-28T13:19:28+00:00\" \/>\n<meta name=\"twitter:card\" content=\"summary_large_image\" \/>\n<meta name=\"twitter:label1\" content=\"Tiempo de lectura\" \/>\n\t<meta name=\"twitter:data1\" content=\"3 minutes\" \/>\n<script type=\"application\/ld+json\" class=\"yoast-schema-graph\">{\"@context\":\"https:\\\/\\\/schema.org\",\"@graph\":[{\"@type\":\"WebPage\",\"@id\":\"https:\\\/\\\/associationfiat.com\\\/es\\\/principios-de-privacidad\\\/\",\"url\":\"https:\\\/\\\/associationfiat.com\\\/es\\\/principios-de-privacidad\\\/\",\"name\":\"PRINCIPIOS DE PRIVACIDAD - Association FIAT\",\"isPartOf\":{\"@id\":\"https:\\\/\\\/associationfiat.com\\\/#website\"},\"datePublished\":\"2018-03-28T13:19:01+00:00\",\"dateModified\":\"2018-03-28T13:19:28+00:00\",\"breadcrumb\":{\"@id\":\"https:\\\/\\\/associationfiat.com\\\/es\\\/principios-de-privacidad\\\/#breadcrumb\"},\"inLanguage\":\"es-ES\",\"potentialAction\":[{\"@type\":\"ReadAction\",\"target\":[\"https:\\\/\\\/associationfiat.com\\\/es\\\/principios-de-privacidad\\\/\"]}]},{\"@type\":\"BreadcrumbList\",\"@id\":\"https:\\\/\\\/associationfiat.com\\\/es\\\/principios-de-privacidad\\\/#breadcrumb\",\"itemListElement\":[{\"@type\":\"ListItem\",\"position\":1,\"name\":\"Home\",\"item\":\"https:\\\/\\\/associationfiat.com\\\/\"},{\"@type\":\"ListItem\",\"position\":2,\"name\":\"PRINCIPIOS DE PRIVACIDAD\"}]},{\"@type\":\"WebSite\",\"@id\":\"https:\\\/\\\/associationfiat.com\\\/#website\",\"url\":\"https:\\\/\\\/associationfiat.com\\\/\",\"name\":\"Association FIAT\",\"description\":\"\",\"potentialAction\":[{\"@type\":\"SearchAction\",\"target\":{\"@type\":\"EntryPoint\",\"urlTemplate\":\"https:\\\/\\\/associationfiat.com\\\/?s={search_term_string}\"},\"query-input\":{\"@type\":\"PropertyValueSpecification\",\"valueRequired\":true,\"valueName\":\"search_term_string\"}}],\"inLanguage\":\"es-ES\"}]}<\/script>\n<!-- \/ Yoast SEO plugin. -->","yoast_head_json":{"title":"PRINCIPIOS DE PRIVACIDAD - Association FIAT","robots":{"index":"index","follow":"follow","max-snippet":"max-snippet:-1","max-image-preview":"max-image-preview:large","max-video-preview":"max-video-preview:-1"},"canonical":"https:\/\/associationfiat.com\/es\/principios-de-privacidad\/","og_locale":"es_ES","og_type":"article","og_title":"PRINCIPIOS DE PRIVACIDAD - Association FIAT","og_description":"PRINCIPIOS DE PRIVACIDAD La Asociaci\u00f3n FIAT se toma la privacidad muy en serio. Los siguientes principios apuntalan nuestro compromiso de respetar su privacidad. Valoramos la confianza que nos deposita proporcion\u00e1ndonos su informaci\u00f3n personal. Siempre utilizaremos su informaci\u00f3n personal de forma justa y digna de esa [&hellip;]","og_url":"https:\/\/associationfiat.com\/es\/principios-de-privacidad\/","og_site_name":"Association FIAT","article_modified_time":"2018-03-28T13:19:28+00:00","twitter_card":"summary_large_image","twitter_misc":{"Tiempo de lectura":"3 minutes"},"schema":{"@context":"https:\/\/schema.org","@graph":[{"@type":"WebPage","@id":"https:\/\/associationfiat.com\/es\/principios-de-privacidad\/","url":"https:\/\/associationfiat.com\/es\/principios-de-privacidad\/","name":"PRINCIPIOS DE PRIVACIDAD - Association FIAT","isPartOf":{"@id":"https:\/\/associationfiat.com\/#website"},"datePublished":"2018-03-28T13:19:01+00:00","dateModified":"2018-03-28T13:19:28+00:00","breadcrumb":{"@id":"https:\/\/associationfiat.com\/es\/principios-de-privacidad\/#breadcrumb"},"inLanguage":"es-ES","potentialAction":[{"@type":"ReadAction","target":["https:\/\/associationfiat.com\/es\/principios-de-privacidad\/"]}]},{"@type":"BreadcrumbList","@id":"https:\/\/associationfiat.com\/es\/principios-de-privacidad\/#breadcrumb","itemListElement":[{"@type":"ListItem","position":1,"name":"Home","item":"https:\/\/associationfiat.com\/"},{"@type":"ListItem","position":2,"name":"PRINCIPIOS DE PRIVACIDAD"}]},{"@type":"WebSite","@id":"https:\/\/associationfiat.com\/#website","url":"https:\/\/associationfiat.com\/","name":"Association FIAT","description":"","potentialAction":[{"@type":"SearchAction","target":{"@type":"EntryPoint","urlTemplate":"https:\/\/associationfiat.com\/?s={search_term_string}"},"query-input":{"@type":"PropertyValueSpecification","valueRequired":true,"valueName":"search_term_string"}}],"inLanguage":"es-ES"}]}},"_links":{"self":[{"href":"https:\/\/associationfiat.com\/es\/wp-json\/wp\/v2\/pages\/6538","targetHints":{"allow":["GET"]}}],"collection":[{"href":"https:\/\/associationfiat.com\/es\/wp-json\/wp\/v2\/pages"}],"about":[{"href":"https:\/\/associationfiat.com\/es\/wp-json\/wp\/v2\/types\/page"}],"author":[{"embeddable":true,"href":"https:\/\/associationfiat.com\/es\/wp-json\/wp\/v2\/users\/3"}],"replies":[{"embeddable":true,"href":"https:\/\/associationfiat.com\/es\/wp-json\/wp\/v2\/comments?post=6538"}],"version-history":[{"count":0,"href":"https:\/\/associationfiat.com\/es\/wp-json\/wp\/v2\/pages\/6538\/revisions"}],"wp:attachment":[{"href":"https:\/\/associationfiat.com\/es\/wp-json\/wp\/v2\/media?parent=6538"}],"wp:term":[{"taxonomy":"post_tag","embeddable":true,"href":"https:\/\/associationfiat.com\/es\/wp-json\/wp\/v2\/tags?post=6538"}],"curies":[{"name":"wp","href":"https:\/\/api.w.org\/{rel}","templated":true}]}}