{"id":2938,"date":"2016-08-29T14:04:27","date_gmt":"2016-08-29T14:04:27","guid":{"rendered":"https:\/\/associationfiat.com\/?page_id=2938&#038;lang=es"},"modified":"2016-08-29T14:04:27","modified_gmt":"2016-08-29T14:04:27","slug":"como-ordenar","status":"publish","type":"page","link":"https:\/\/associationfiat.com\/es\/como-ordenar\/","title":{"rendered":"\u00bfComo ordenar?"},"content":{"rendered":"<p>1. <span id=\"result_box\" class=\"\" lang=\"es\"><span class=\"\">Ve a la TIENDA.<\/span> Usted puede navegar por las diferentes categor\u00edas de productos, tales como <span class=\"\">&#8220;<em>Libros<\/em><\/span>&#8220;, &#8220;<em>rosarios<\/em>&#8221; <span class=\"\">u otros.<\/span><\/span><\/p>\n<p>2. <span id=\"result_box\" class=\"\" lang=\"es\">Elija sus art\u00edculos con el bot\u00f3n &#8220;A\u00f1adir <span class=\"\">al carrito&#8221;<\/span>.<\/span><\/p>\n<p><img decoding=\"async\" class=\"alignnone size-full wp-image-2939\" src=\"https:\/\/associationfiat.com\/wp-content\/uploads\/2016\/08\/add-to-ES.jpg\" alt=\"add-to-ES\" width=\"264\" height=\"459\" \/><\/p>\n<p>3. <span id=\"result_box\" class=\"\" lang=\"es\">Indicar el n\u00famero deseado de art\u00edculos en su carro, haciendo clic en &#8220;Ver carro&#8221;, despu\u00e9s ajustar el n\u00famero de art\u00edculos a su deseo. Una vez hecho esto, haga clic en &#8220;<span class=\"\">Actualizar carrito<\/span>&#8220;<span class=\"\">.<\/span><\/span><\/p>\n<p><img decoding=\"async\" class=\"alignnone size-full wp-image-2943\" src=\"https:\/\/associationfiat.com\/wp-content\/uploads\/2016\/08\/quantity-cart-ES.jpg\" alt=\"quantity-cart-ES\" width=\"850\" height=\"404\" \/><\/p>\n<p>4. <span id=\"result_box\" class=\"short_text\" lang=\"es\">Para concluir <span class=\"\">elegir la opci\u00f3n &#8220;Final<\/span><span class=\"\">izar compra<\/span><span class=\"\">&#8220;.<\/span><\/span><\/p>\n<p>5. <span id=\"result_box\" class=\"\" lang=\"es\"><span class=\"\">Rellenar el<\/span> <span class=\"\">formulario de registro<\/span> (que recibir\u00e1 una copia en su <span class=\"\">buz\u00f3n de correo.<\/span>)<\/span><\/p>\n<p>6. <span id=\"result_box\" class=\"short_text\" lang=\"es\">Haga clic en el &#8220;Realizar el pedido&#8221; de abajo<span class=\"\">.<\/span><\/span><\/p>\n<p><span id=\"result_box\" class=\"\" lang=\"es\">El precio mencionado no incluye reducciones o <span class=\"\">los gastos de env\u00edo<\/span><span class=\"\">.<\/span><\/span><\/p>\n","protected":false},"excerpt":{"rendered":"<p>1. Ve a la TIENDA. Usted puede navegar por las diferentes categor\u00edas de productos, tales como &#8220;Libros&#8220;, &#8220;rosarios&#8221; u otros. 2. Elija sus art\u00edculos con el bot\u00f3n &#8220;A\u00f1adir al carrito&#8221;. 3. Indicar el n\u00famero deseado de art\u00edculos en su carro, haciendo clic en &#8220;Ver carro&#8221;, [&hellip;]<\/p>\n","protected":false},"author":3,"featured_media":0,"parent":0,"menu_order":0,"comment_status":"closed","ping_status":"closed","template":"templates\/page-with-sidebar.php","meta":{"_acf_changed":false,"footnotes":""},"tags":[],"class_list":["post-2938","page","type-page","status-publish","hentry"],"acf":[],"yoast_head":"<!-- This site is optimized with the Yoast SEO plugin v27.5 - https:\/\/yoast.com\/product\/yoast-seo-wordpress\/ -->\n<title>\u00bfComo ordenar? - Association FIAT<\/title>\n<meta name=\"robots\" content=\"index, follow, max-snippet:-1, max-image-preview:large, max-video-preview:-1\" \/>\n<link rel=\"canonical\" href=\"https:\/\/associationfiat.com\/2927-2\/\" \/>\n<meta property=\"og:locale\" content=\"es_ES\" \/>\n<meta property=\"og:type\" content=\"article\" \/>\n<meta property=\"og:title\" content=\"\u00bfComo ordenar? - Association FIAT\" \/>\n<meta property=\"og:description\" content=\"1. Ve a la TIENDA. Usted puede navegar por las diferentes categor\u00edas de productos, tales como &#8220;Libros&#8220;, &#8220;rosarios&#8221; u otros. 2. Elija sus art\u00edculos con el bot\u00f3n &#8220;A\u00f1adir al carrito&#8221;. 3. Indicar el n\u00famero deseado de art\u00edculos en su carro, haciendo clic en &#8220;Ver carro&#8221;, [&hellip;]\" \/>\n<meta property=\"og:url\" content=\"https:\/\/associationfiat.com\/2927-2\/\" \/>\n<meta property=\"og:site_name\" content=\"Association FIAT\" \/>\n<meta property=\"og:image\" content=\"https:\/\/associationfiat.com\/wp-content\/uploads\/2016\/08\/add-to-ES.jpg\" \/>\n<meta name=\"twitter:card\" content=\"summary_large_image\" \/>\n<meta name=\"twitter:label1\" content=\"Tiempo de lectura\" \/>\n\t<meta name=\"twitter:data1\" content=\"1 minute\" \/>\n<script type=\"application\/ld+json\" class=\"yoast-schema-graph\">{\"@context\":\"https:\\\/\\\/schema.org\",\"@graph\":[{\"@type\":\"WebPage\",\"@id\":\"https:\\\/\\\/associationfiat.com\\\/2927-2\\\/\",\"url\":\"https:\\\/\\\/associationfiat.com\\\/2927-2\\\/\",\"name\":\"\u00bfComo ordenar? - Association FIAT\",\"isPartOf\":{\"@id\":\"https:\\\/\\\/associationfiat.com\\\/#website\"},\"primaryImageOfPage\":{\"@id\":\"https:\\\/\\\/associationfiat.com\\\/2927-2\\\/#primaryimage\"},\"image\":{\"@id\":\"https:\\\/\\\/associationfiat.com\\\/2927-2\\\/#primaryimage\"},\"thumbnailUrl\":\"https:\\\/\\\/associationfiat.com\\\/wp-content\\\/uploads\\\/2016\\\/08\\\/add-to-ES.jpg\",\"datePublished\":\"2016-08-29T14:04:27+00:00\",\"breadcrumb\":{\"@id\":\"https:\\\/\\\/associationfiat.com\\\/2927-2\\\/#breadcrumb\"},\"inLanguage\":\"es-ES\",\"potentialAction\":[{\"@type\":\"ReadAction\",\"target\":[\"https:\\\/\\\/associationfiat.com\\\/2927-2\\\/\"]}]},{\"@type\":\"ImageObject\",\"inLanguage\":\"es-ES\",\"@id\":\"https:\\\/\\\/associationfiat.com\\\/2927-2\\\/#primaryimage\",\"url\":\"https:\\\/\\\/associationfiat.com\\\/wp-content\\\/uploads\\\/2016\\\/08\\\/add-to-ES.jpg\",\"contentUrl\":\"https:\\\/\\\/associationfiat.com\\\/wp-content\\\/uploads\\\/2016\\\/08\\\/add-to-ES.jpg\"},{\"@type\":\"BreadcrumbList\",\"@id\":\"https:\\\/\\\/associationfiat.com\\\/2927-2\\\/#breadcrumb\",\"itemListElement\":[{\"@type\":\"ListItem\",\"position\":1,\"name\":\"Home\",\"item\":\"https:\\\/\\\/associationfiat.com\\\/\"},{\"@type\":\"ListItem\",\"position\":2,\"name\":\"\u00bfComo ordenar?\"}]},{\"@type\":\"WebSite\",\"@id\":\"https:\\\/\\\/associationfiat.com\\\/#website\",\"url\":\"https:\\\/\\\/associationfiat.com\\\/\",\"name\":\"Association FIAT\",\"description\":\"\",\"potentialAction\":[{\"@type\":\"SearchAction\",\"target\":{\"@type\":\"EntryPoint\",\"urlTemplate\":\"https:\\\/\\\/associationfiat.com\\\/?s={search_term_string}\"},\"query-input\":{\"@type\":\"PropertyValueSpecification\",\"valueRequired\":true,\"valueName\":\"search_term_string\"}}],\"inLanguage\":\"es-ES\"}]}<\/script>\n<!-- \/ Yoast SEO plugin. -->","yoast_head_json":{"title":"\u00bfComo ordenar? - Association FIAT","robots":{"index":"index","follow":"follow","max-snippet":"max-snippet:-1","max-image-preview":"max-image-preview:large","max-video-preview":"max-video-preview:-1"},"canonical":"https:\/\/associationfiat.com\/2927-2\/","og_locale":"es_ES","og_type":"article","og_title":"\u00bfComo ordenar? - Association FIAT","og_description":"1. Ve a la TIENDA. Usted puede navegar por las diferentes categor\u00edas de productos, tales como &#8220;Libros&#8220;, &#8220;rosarios&#8221; u otros. 2. Elija sus art\u00edculos con el bot\u00f3n &#8220;A\u00f1adir al carrito&#8221;. 3. Indicar el n\u00famero deseado de art\u00edculos en su carro, haciendo clic en &#8220;Ver carro&#8221;, [&hellip;]","og_url":"https:\/\/associationfiat.com\/2927-2\/","og_site_name":"Association FIAT","og_image":[{"url":"https:\/\/associationfiat.com\/wp-content\/uploads\/2016\/08\/add-to-ES.jpg","type":"","width":"","height":""}],"twitter_card":"summary_large_image","twitter_misc":{"Tiempo de lectura":"1 minute"},"schema":{"@context":"https:\/\/schema.org","@graph":[{"@type":"WebPage","@id":"https:\/\/associationfiat.com\/2927-2\/","url":"https:\/\/associationfiat.com\/2927-2\/","name":"\u00bfComo ordenar? - Association FIAT","isPartOf":{"@id":"https:\/\/associationfiat.com\/#website"},"primaryImageOfPage":{"@id":"https:\/\/associationfiat.com\/2927-2\/#primaryimage"},"image":{"@id":"https:\/\/associationfiat.com\/2927-2\/#primaryimage"},"thumbnailUrl":"https:\/\/associationfiat.com\/wp-content\/uploads\/2016\/08\/add-to-ES.jpg","datePublished":"2016-08-29T14:04:27+00:00","breadcrumb":{"@id":"https:\/\/associationfiat.com\/2927-2\/#breadcrumb"},"inLanguage":"es-ES","potentialAction":[{"@type":"ReadAction","target":["https:\/\/associationfiat.com\/2927-2\/"]}]},{"@type":"ImageObject","inLanguage":"es-ES","@id":"https:\/\/associationfiat.com\/2927-2\/#primaryimage","url":"https:\/\/associationfiat.com\/wp-content\/uploads\/2016\/08\/add-to-ES.jpg","contentUrl":"https:\/\/associationfiat.com\/wp-content\/uploads\/2016\/08\/add-to-ES.jpg"},{"@type":"BreadcrumbList","@id":"https:\/\/associationfiat.com\/2927-2\/#breadcrumb","itemListElement":[{"@type":"ListItem","position":1,"name":"Home","item":"https:\/\/associationfiat.com\/"},{"@type":"ListItem","position":2,"name":"\u00bfComo ordenar?"}]},{"@type":"WebSite","@id":"https:\/\/associationfiat.com\/#website","url":"https:\/\/associationfiat.com\/","name":"Association FIAT","description":"","potentialAction":[{"@type":"SearchAction","target":{"@type":"EntryPoint","urlTemplate":"https:\/\/associationfiat.com\/?s={search_term_string}"},"query-input":{"@type":"PropertyValueSpecification","valueRequired":true,"valueName":"search_term_string"}}],"inLanguage":"es-ES"}]}},"_links":{"self":[{"href":"https:\/\/associationfiat.com\/es\/wp-json\/wp\/v2\/pages\/2938","targetHints":{"allow":["GET"]}}],"collection":[{"href":"https:\/\/associationfiat.com\/es\/wp-json\/wp\/v2\/pages"}],"about":[{"href":"https:\/\/associationfiat.com\/es\/wp-json\/wp\/v2\/types\/page"}],"author":[{"embeddable":true,"href":"https:\/\/associationfiat.com\/es\/wp-json\/wp\/v2\/users\/3"}],"replies":[{"embeddable":true,"href":"https:\/\/associationfiat.com\/es\/wp-json\/wp\/v2\/comments?post=2938"}],"version-history":[{"count":0,"href":"https:\/\/associationfiat.com\/es\/wp-json\/wp\/v2\/pages\/2938\/revisions"}],"wp:attachment":[{"href":"https:\/\/associationfiat.com\/es\/wp-json\/wp\/v2\/media?parent=2938"}],"wp:term":[{"taxonomy":"post_tag","embeddable":true,"href":"https:\/\/associationfiat.com\/es\/wp-json\/wp\/v2\/tags?post=2938"}],"curies":[{"name":"wp","href":"https:\/\/api.w.org\/{rel}","templated":true}]}}