{"id":1916,"date":"2016-08-27T06:48:22","date_gmt":"2016-08-27T06:48:22","guid":{"rendered":"https:\/\/associationfiat.com\/?page_id=1916&#038;lang=es"},"modified":"2016-08-27T06:48:22","modified_gmt":"2016-08-27T06:48:22","slug":"el-rosario-fiat","status":"publish","type":"page","link":"https:\/\/associationfiat.com\/es\/el-rosario-fiat\/","title":{"rendered":"El rosario FIAT"},"content":{"rendered":"","protected":false},"excerpt":{"rendered":"<p>Ay\u00fadanos a revivir, en uni\u00f3n con Mar\u00eda, los misterios gozosos, luminosos, dolorosos y gloriosos de Jes\u00fas.<\/p>\n","protected":false},"author":3,"featured_media":1269,"parent":0,"menu_order":0,"comment_status":"closed","ping_status":"closed","template":"templates\/subpage.php","meta":{"_acf_changed":false,"footnotes":""},"tags":[],"class_list":["post-1916","page","type-page","status-publish","has-post-thumbnail","hentry"],"acf":[],"yoast_head":"<!-- This site is optimized with the Yoast SEO plugin v27.5 - https:\/\/yoast.com\/product\/yoast-seo-wordpress\/ -->\n<title>El rosario FIAT - Association FIAT<\/title>\n<meta name=\"robots\" content=\"index, follow, max-snippet:-1, max-image-preview:large, max-video-preview:-1\" \/>\n<link rel=\"canonical\" href=\"https:\/\/associationfiat.com\/es\/el-rosario-fiat\/\" \/>\n<meta property=\"og:locale\" content=\"es_ES\" \/>\n<meta property=\"og:type\" content=\"article\" \/>\n<meta property=\"og:title\" content=\"El rosario FIAT - Association FIAT\" \/>\n<meta property=\"og:description\" content=\"Ay\u00fadanos a revivir, en uni\u00f3n con Mar\u00eda, los misterios gozosos, luminosos, dolorosos y gloriosos de Jes\u00fas.\" \/>\n<meta property=\"og:url\" content=\"https:\/\/associationfiat.com\/es\/el-rosario-fiat\/\" \/>\n<meta property=\"og:site_name\" content=\"Association FIAT\" \/>\n<meta property=\"og:image\" content=\"https:\/\/associationfiat.com\/wp-content\/uploads\/2016\/08\/FIAT-medaille-bewerkt.png\" \/>\n\t<meta property=\"og:image:width\" content=\"647\" \/>\n\t<meta property=\"og:image:height\" content=\"868\" \/>\n\t<meta property=\"og:image:type\" content=\"image\/png\" \/>\n<meta name=\"twitter:card\" content=\"summary_large_image\" \/>\n<script type=\"application\/ld+json\" class=\"yoast-schema-graph\">{\"@context\":\"https:\\\/\\\/schema.org\",\"@graph\":[{\"@type\":\"WebPage\",\"@id\":\"https:\\\/\\\/associationfiat.com\\\/es\\\/el-rosario-fiat\\\/\",\"url\":\"https:\\\/\\\/associationfiat.com\\\/es\\\/el-rosario-fiat\\\/\",\"name\":\"El rosario FIAT - Association FIAT\",\"isPartOf\":{\"@id\":\"https:\\\/\\\/associationfiat.com\\\/#website\"},\"primaryImageOfPage\":{\"@id\":\"https:\\\/\\\/associationfiat.com\\\/es\\\/el-rosario-fiat\\\/#primaryimage\"},\"image\":{\"@id\":\"https:\\\/\\\/associationfiat.com\\\/es\\\/el-rosario-fiat\\\/#primaryimage\"},\"thumbnailUrl\":\"https:\\\/\\\/associationfiat.com\\\/wp-content\\\/uploads\\\/2016\\\/08\\\/FIAT-medaille-bewerkt.png\",\"datePublished\":\"2016-08-27T06:48:22+00:00\",\"breadcrumb\":{\"@id\":\"https:\\\/\\\/associationfiat.com\\\/es\\\/el-rosario-fiat\\\/#breadcrumb\"},\"inLanguage\":\"es-ES\",\"potentialAction\":[{\"@type\":\"ReadAction\",\"target\":[\"https:\\\/\\\/associationfiat.com\\\/es\\\/el-rosario-fiat\\\/\"]}]},{\"@type\":\"ImageObject\",\"inLanguage\":\"es-ES\",\"@id\":\"https:\\\/\\\/associationfiat.com\\\/es\\\/el-rosario-fiat\\\/#primaryimage\",\"url\":\"https:\\\/\\\/associationfiat.com\\\/wp-content\\\/uploads\\\/2016\\\/08\\\/FIAT-medaille-bewerkt.png\",\"contentUrl\":\"https:\\\/\\\/associationfiat.com\\\/wp-content\\\/uploads\\\/2016\\\/08\\\/FIAT-medaille-bewerkt.png\",\"width\":647,\"height\":868},{\"@type\":\"BreadcrumbList\",\"@id\":\"https:\\\/\\\/associationfiat.com\\\/es\\\/el-rosario-fiat\\\/#breadcrumb\",\"itemListElement\":[{\"@type\":\"ListItem\",\"position\":1,\"name\":\"Home\",\"item\":\"https:\\\/\\\/associationfiat.com\\\/\"},{\"@type\":\"ListItem\",\"position\":2,\"name\":\"El rosario FIAT\"}]},{\"@type\":\"WebSite\",\"@id\":\"https:\\\/\\\/associationfiat.com\\\/#website\",\"url\":\"https:\\\/\\\/associationfiat.com\\\/\",\"name\":\"Association FIAT\",\"description\":\"\",\"potentialAction\":[{\"@type\":\"SearchAction\",\"target\":{\"@type\":\"EntryPoint\",\"urlTemplate\":\"https:\\\/\\\/associationfiat.com\\\/?s={search_term_string}\"},\"query-input\":{\"@type\":\"PropertyValueSpecification\",\"valueRequired\":true,\"valueName\":\"search_term_string\"}}],\"inLanguage\":\"es-ES\"}]}<\/script>\n<!-- \/ Yoast SEO plugin. -->","yoast_head_json":{"title":"El rosario FIAT - Association FIAT","robots":{"index":"index","follow":"follow","max-snippet":"max-snippet:-1","max-image-preview":"max-image-preview:large","max-video-preview":"max-video-preview:-1"},"canonical":"https:\/\/associationfiat.com\/es\/el-rosario-fiat\/","og_locale":"es_ES","og_type":"article","og_title":"El rosario FIAT - Association FIAT","og_description":"Ay\u00fadanos a revivir, en uni\u00f3n con Mar\u00eda, los misterios gozosos, luminosos, dolorosos y gloriosos de Jes\u00fas.","og_url":"https:\/\/associationfiat.com\/es\/el-rosario-fiat\/","og_site_name":"Association FIAT","og_image":[{"width":647,"height":868,"url":"https:\/\/associationfiat.com\/wp-content\/uploads\/2016\/08\/FIAT-medaille-bewerkt.png","type":"image\/png"}],"twitter_card":"summary_large_image","schema":{"@context":"https:\/\/schema.org","@graph":[{"@type":"WebPage","@id":"https:\/\/associationfiat.com\/es\/el-rosario-fiat\/","url":"https:\/\/associationfiat.com\/es\/el-rosario-fiat\/","name":"El rosario FIAT - Association FIAT","isPartOf":{"@id":"https:\/\/associationfiat.com\/#website"},"primaryImageOfPage":{"@id":"https:\/\/associationfiat.com\/es\/el-rosario-fiat\/#primaryimage"},"image":{"@id":"https:\/\/associationfiat.com\/es\/el-rosario-fiat\/#primaryimage"},"thumbnailUrl":"https:\/\/associationfiat.com\/wp-content\/uploads\/2016\/08\/FIAT-medaille-bewerkt.png","datePublished":"2016-08-27T06:48:22+00:00","breadcrumb":{"@id":"https:\/\/associationfiat.com\/es\/el-rosario-fiat\/#breadcrumb"},"inLanguage":"es-ES","potentialAction":[{"@type":"ReadAction","target":["https:\/\/associationfiat.com\/es\/el-rosario-fiat\/"]}]},{"@type":"ImageObject","inLanguage":"es-ES","@id":"https:\/\/associationfiat.com\/es\/el-rosario-fiat\/#primaryimage","url":"https:\/\/associationfiat.com\/wp-content\/uploads\/2016\/08\/FIAT-medaille-bewerkt.png","contentUrl":"https:\/\/associationfiat.com\/wp-content\/uploads\/2016\/08\/FIAT-medaille-bewerkt.png","width":647,"height":868},{"@type":"BreadcrumbList","@id":"https:\/\/associationfiat.com\/es\/el-rosario-fiat\/#breadcrumb","itemListElement":[{"@type":"ListItem","position":1,"name":"Home","item":"https:\/\/associationfiat.com\/"},{"@type":"ListItem","position":2,"name":"El rosario FIAT"}]},{"@type":"WebSite","@id":"https:\/\/associationfiat.com\/#website","url":"https:\/\/associationfiat.com\/","name":"Association FIAT","description":"","potentialAction":[{"@type":"SearchAction","target":{"@type":"EntryPoint","urlTemplate":"https:\/\/associationfiat.com\/?s={search_term_string}"},"query-input":{"@type":"PropertyValueSpecification","valueRequired":true,"valueName":"search_term_string"}}],"inLanguage":"es-ES"}]}},"_links":{"self":[{"href":"https:\/\/associationfiat.com\/es\/wp-json\/wp\/v2\/pages\/1916","targetHints":{"allow":["GET"]}}],"collection":[{"href":"https:\/\/associationfiat.com\/es\/wp-json\/wp\/v2\/pages"}],"about":[{"href":"https:\/\/associationfiat.com\/es\/wp-json\/wp\/v2\/types\/page"}],"author":[{"embeddable":true,"href":"https:\/\/associationfiat.com\/es\/wp-json\/wp\/v2\/users\/3"}],"replies":[{"embeddable":true,"href":"https:\/\/associationfiat.com\/es\/wp-json\/wp\/v2\/comments?post=1916"}],"version-history":[{"count":0,"href":"https:\/\/associationfiat.com\/es\/wp-json\/wp\/v2\/pages\/1916\/revisions"}],"wp:featuredmedia":[{"embeddable":true,"href":"https:\/\/associationfiat.com\/es\/wp-json\/wp\/v2\/media\/1269"}],"wp:attachment":[{"href":"https:\/\/associationfiat.com\/es\/wp-json\/wp\/v2\/media?parent=1916"}],"wp:term":[{"taxonomy":"post_tag","embeddable":true,"href":"https:\/\/associationfiat.com\/es\/wp-json\/wp\/v2\/tags?post=1916"}],"curies":[{"name":"wp","href":"https:\/\/api.w.org\/{rel}","templated":true}]}}