{"id":1865,"date":"2016-08-26T15:18:47","date_gmt":"2016-08-26T15:18:47","guid":{"rendered":"https:\/\/associationfiat.com\/?page_id=1865&#038;lang=es"},"modified":"2016-08-26T15:18:47","modified_gmt":"2016-08-26T15:18:47","slug":"4-alimentarse-de-la-eucaristia","status":"publish","type":"page","link":"https:\/\/associationfiat.com\/es\/4-alimentarse-de-la-eucaristia\/","title":{"rendered":"4. Alimentarse de la Eucarist\u00eda"},"content":{"rendered":"<p>Cada vez que celebramos la Eucarist\u00eda vivimos un momento privilegiado. Ofrecemos toda nuestra vida a Dios, con sus alegr\u00edas y sus penas. En cada ocasi\u00f3n nos nutrimos con un alimento divino a fin de ser capaces de llegar a ser sal de la tierra, luz del mundo.<\/p>\n<p>En el curso de la Eucarist\u00eda abrimos nuestro coraz\u00f3n a todo lo que Dios nos quiere decir y nos quiere dar. Abrimos nuestros o\u00eddos y nuestra boca a Dios: \u00c9l nos da su Palabra, as\u00ed como el Cuerpo y la Sangre de su Hijo. En el ofertorio depositamos junto a la hostia y el c\u00e1liz todas nuestras capacidades de amar y todas nuestras pobrezas de amor. Cristo las toma con \u00c9l y las lleva al Padre. De este modo nos volvemos cada vez m\u00e1s semejantes a Cristo.<\/p>\n<p>Despu\u00e9s de la Eucarist\u00eda, nuestra tarea anda lejos de estar acabada. Debemos trasladarlo todo a nuestra vida cotidiana. Es eso lo que nos dice el sacerdote al final de la celebraci\u00f3n, en el momento de la despedida: \u00abPod\u00e9is ir en paz\u00bb. S\u00ed, es el final de la Misa, pero es tambi\u00e9n el comienzo de nuestra misi\u00f3n.<\/p>\n","protected":false},"excerpt":{"rendered":"<p>Cada vez que celebramos la Eucarist\u00eda vivimos un momento privilegiado. Ofrecemos toda nuestra vida a Dios, con sus alegr\u00edas y sus penas. En cada ocasi\u00f3n nos nutrimos con un alimento divino a fin de ser capaces de llegar a ser sal de la tierra, luz [&hellip;]<\/p>\n","protected":false},"author":3,"featured_media":0,"parent":0,"menu_order":1,"comment_status":"closed","ping_status":"closed","template":"","meta":{"_acf_changed":false,"footnotes":""},"tags":[],"class_list":["post-1865","page","type-page","status-publish","hentry"],"acf":[],"yoast_head":"<!-- This site is optimized with the Yoast SEO plugin v27.4 - https:\/\/yoast.com\/product\/yoast-seo-wordpress\/ -->\n<title>4. Alimentarse de la Eucarist\u00eda - Association FIAT<\/title>\n<meta name=\"robots\" content=\"index, follow, max-snippet:-1, max-image-preview:large, max-video-preview:-1\" \/>\n<link rel=\"canonical\" href=\"https:\/\/associationfiat.com\/es\/4-alimentarse-de-la-eucaristia\/\" \/>\n<meta property=\"og:locale\" content=\"es_ES\" \/>\n<meta property=\"og:type\" content=\"article\" \/>\n<meta property=\"og:title\" content=\"4. Alimentarse de la Eucarist\u00eda - Association FIAT\" \/>\n<meta property=\"og:description\" content=\"Cada vez que celebramos la Eucarist\u00eda vivimos un momento privilegiado. Ofrecemos toda nuestra vida a Dios, con sus alegr\u00edas y sus penas. En cada ocasi\u00f3n nos nutrimos con un alimento divino a fin de ser capaces de llegar a ser sal de la tierra, luz [&hellip;]\" \/>\n<meta property=\"og:url\" content=\"https:\/\/associationfiat.com\/es\/4-alimentarse-de-la-eucaristia\/\" \/>\n<meta property=\"og:site_name\" content=\"Association FIAT\" \/>\n<meta name=\"twitter:card\" content=\"summary_large_image\" \/>\n<meta name=\"twitter:label1\" content=\"Tiempo de lectura\" \/>\n\t<meta name=\"twitter:data1\" content=\"1 minute\" \/>\n<script type=\"application\/ld+json\" class=\"yoast-schema-graph\">{\"@context\":\"https:\\\/\\\/schema.org\",\"@graph\":[{\"@type\":\"WebPage\",\"@id\":\"https:\\\/\\\/associationfiat.com\\\/es\\\/4-alimentarse-de-la-eucaristia\\\/\",\"url\":\"https:\\\/\\\/associationfiat.com\\\/es\\\/4-alimentarse-de-la-eucaristia\\\/\",\"name\":\"4. Alimentarse de la Eucarist\u00eda - Association FIAT\",\"isPartOf\":{\"@id\":\"https:\\\/\\\/associationfiat.com\\\/#website\"},\"datePublished\":\"2016-08-26T15:18:47+00:00\",\"breadcrumb\":{\"@id\":\"https:\\\/\\\/associationfiat.com\\\/es\\\/4-alimentarse-de-la-eucaristia\\\/#breadcrumb\"},\"inLanguage\":\"es-ES\",\"potentialAction\":[{\"@type\":\"ReadAction\",\"target\":[\"https:\\\/\\\/associationfiat.com\\\/es\\\/4-alimentarse-de-la-eucaristia\\\/\"]}]},{\"@type\":\"BreadcrumbList\",\"@id\":\"https:\\\/\\\/associationfiat.com\\\/es\\\/4-alimentarse-de-la-eucaristia\\\/#breadcrumb\",\"itemListElement\":[{\"@type\":\"ListItem\",\"position\":1,\"name\":\"Home\",\"item\":\"https:\\\/\\\/associationfiat.com\\\/\"},{\"@type\":\"ListItem\",\"position\":2,\"name\":\"4. Alimentarse de la Eucarist\u00eda\"}]},{\"@type\":\"WebSite\",\"@id\":\"https:\\\/\\\/associationfiat.com\\\/#website\",\"url\":\"https:\\\/\\\/associationfiat.com\\\/\",\"name\":\"Association FIAT\",\"description\":\"\",\"potentialAction\":[{\"@type\":\"SearchAction\",\"target\":{\"@type\":\"EntryPoint\",\"urlTemplate\":\"https:\\\/\\\/associationfiat.com\\\/?s={search_term_string}\"},\"query-input\":{\"@type\":\"PropertyValueSpecification\",\"valueRequired\":true,\"valueName\":\"search_term_string\"}}],\"inLanguage\":\"es-ES\"}]}<\/script>\n<!-- \/ Yoast SEO plugin. -->","yoast_head_json":{"title":"4. Alimentarse de la Eucarist\u00eda - Association FIAT","robots":{"index":"index","follow":"follow","max-snippet":"max-snippet:-1","max-image-preview":"max-image-preview:large","max-video-preview":"max-video-preview:-1"},"canonical":"https:\/\/associationfiat.com\/es\/4-alimentarse-de-la-eucaristia\/","og_locale":"es_ES","og_type":"article","og_title":"4. Alimentarse de la Eucarist\u00eda - Association FIAT","og_description":"Cada vez que celebramos la Eucarist\u00eda vivimos un momento privilegiado. Ofrecemos toda nuestra vida a Dios, con sus alegr\u00edas y sus penas. En cada ocasi\u00f3n nos nutrimos con un alimento divino a fin de ser capaces de llegar a ser sal de la tierra, luz [&hellip;]","og_url":"https:\/\/associationfiat.com\/es\/4-alimentarse-de-la-eucaristia\/","og_site_name":"Association FIAT","twitter_card":"summary_large_image","twitter_misc":{"Tiempo de lectura":"1 minute"},"schema":{"@context":"https:\/\/schema.org","@graph":[{"@type":"WebPage","@id":"https:\/\/associationfiat.com\/es\/4-alimentarse-de-la-eucaristia\/","url":"https:\/\/associationfiat.com\/es\/4-alimentarse-de-la-eucaristia\/","name":"4. Alimentarse de la Eucarist\u00eda - Association FIAT","isPartOf":{"@id":"https:\/\/associationfiat.com\/#website"},"datePublished":"2016-08-26T15:18:47+00:00","breadcrumb":{"@id":"https:\/\/associationfiat.com\/es\/4-alimentarse-de-la-eucaristia\/#breadcrumb"},"inLanguage":"es-ES","potentialAction":[{"@type":"ReadAction","target":["https:\/\/associationfiat.com\/es\/4-alimentarse-de-la-eucaristia\/"]}]},{"@type":"BreadcrumbList","@id":"https:\/\/associationfiat.com\/es\/4-alimentarse-de-la-eucaristia\/#breadcrumb","itemListElement":[{"@type":"ListItem","position":1,"name":"Home","item":"https:\/\/associationfiat.com\/"},{"@type":"ListItem","position":2,"name":"4. Alimentarse de la Eucarist\u00eda"}]},{"@type":"WebSite","@id":"https:\/\/associationfiat.com\/#website","url":"https:\/\/associationfiat.com\/","name":"Association FIAT","description":"","potentialAction":[{"@type":"SearchAction","target":{"@type":"EntryPoint","urlTemplate":"https:\/\/associationfiat.com\/?s={search_term_string}"},"query-input":{"@type":"PropertyValueSpecification","valueRequired":true,"valueName":"search_term_string"}}],"inLanguage":"es-ES"}]}},"_links":{"self":[{"href":"https:\/\/associationfiat.com\/es\/wp-json\/wp\/v2\/pages\/1865","targetHints":{"allow":["GET"]}}],"collection":[{"href":"https:\/\/associationfiat.com\/es\/wp-json\/wp\/v2\/pages"}],"about":[{"href":"https:\/\/associationfiat.com\/es\/wp-json\/wp\/v2\/types\/page"}],"author":[{"embeddable":true,"href":"https:\/\/associationfiat.com\/es\/wp-json\/wp\/v2\/users\/3"}],"replies":[{"embeddable":true,"href":"https:\/\/associationfiat.com\/es\/wp-json\/wp\/v2\/comments?post=1865"}],"version-history":[{"count":0,"href":"https:\/\/associationfiat.com\/es\/wp-json\/wp\/v2\/pages\/1865\/revisions"}],"wp:attachment":[{"href":"https:\/\/associationfiat.com\/es\/wp-json\/wp\/v2\/media?parent=1865"}],"wp:term":[{"taxonomy":"post_tag","embeddable":true,"href":"https:\/\/associationfiat.com\/es\/wp-json\/wp\/v2\/tags?post=1865"}],"curies":[{"name":"wp","href":"https:\/\/api.w.org\/{rel}","templated":true}]}}