{"id":1744,"date":"2016-08-26T10:41:26","date_gmt":"2016-08-26T10:41:26","guid":{"rendered":"https:\/\/associationfiat.com\/?page_id=1744&#038;lang=es"},"modified":"2016-08-26T10:41:26","modified_gmt":"2016-08-26T10:41:26","slug":"veronica-obrien","status":"publish","type":"page","link":"https:\/\/associationfiat.com\/es\/proposito-de-fiat\/los-principales-fundadores\/veronica-obrien\/","title":{"rendered":"Veronica O&#8217;Brien"},"content":{"rendered":"<p><strong>Veronica O&#8217;Brien (1905-1998)<\/strong><\/p>\n<p>Si el cardenal Suenens fue la personalidad m\u00e1s conocida para el desarrollo de la Asociaci\u00f3n FIAT, Veronica O\u2019Brien, por su parte, fue la inspiradora de \u00e9sta. Veamos un resumen de su vida, seguido de algunas reacciones recogidas en el momento de su partida al Cielo.<\/p>\n<p><strong>La Legi\u00f3n de Mar\u00eda<\/strong><\/p>\n<p>Louise-Mary O\u2019Brien naci\u00f3 en Midleton (Irlanda), el 16 de agosto de 1905. Era la und\u00e9cima de trece hijos. Respondiendo a la llamada del Se\u00f1or, entr\u00f3 en la congregaci\u00f3n religiosa de las Damas de Santa Clotilde. En un internado de esta congregaci\u00f3n situado en los alrededores de Londres hab\u00eda cursado estudios. Poco a poco fue tomando conciencia de que este modo de vida no correspond\u00eda a su vocaci\u00f3n y que estaba llamada a un apostolado directo.<\/p>\n<p>Tras catorce a\u00f1os de vida conventual, y por consejo de sus superioras y consejeros eclesi\u00e1sticos, abandon\u00f3 la congregaci\u00f3n y se puso a buscar su camino, al mismo tiempo que segu\u00eda llevando su nombre de religiosa, Veronica, que expresaba su voluntad de estar personalmente unida a Cristo en su Pasi\u00f3n.<\/p>\n<p>Despu\u00e9s de muchos titubeos, descubri\u00f3 la Legi\u00f3n de Mar\u00eda, que, bajo el impulso de un compatriota suyo, Frank Duff, su fundador, conoc\u00eda por entonces una asombrosa expansi\u00f3n.<\/p>\n<p>En v\u00edsperas de la segunda guerra mundial, tras haber asistido en Dubl\u00edn a una sola reuni\u00f3n de un \u00abpraesidium\u00bb (el praesidium es el equipo de base de la Legi\u00f3n de Mar\u00eda) se traslad\u00f3 desde Irlanda a Francia en el \u00faltimo barco que hizo la traves\u00eda. Su intenci\u00f3n era implantar la Legi\u00f3n de Mar\u00eda en el pa\u00eds galo. Veronica lleg\u00f3, finalmente, a Nevers a comienzos de la ocupaci\u00f3n de la ciudad por los alemanes. Arriesgando su propia vida (su pasaporte brit\u00e1nico la hizo sospechosa de espionaje) y la de las religiosas del convento de Saint-Gildard que la acogieron, fund\u00f3 la Legi\u00f3n de Mar\u00eda en Nevers en agosto de 1940.<\/p>\n<p>Acabada la guerra, recorri\u00f3 Francia y fund\u00f3 m\u00e1s de 800 praesidia. Durante veinte a\u00f1os fue delegada de la Legi\u00f3n de Mar\u00eda, fund\u00e1ndola tambi\u00e9n en B\u00e9lgica, Grecia, Turqu\u00eda y en la ex-Yugoslavia.<\/p>\n<p><strong>El apostolado com\u00fan con el cardenal Suenens<\/strong><\/p>\n<p>En <em>Recuerdos y esperanzas<\/em> , escribi\u00f3 el cardenal Suenes que el encuentro con Veronica O\u2019Brien, en julio de 1947, marc\u00f3 su vida. M\u00e1s tarde, en <em>Los imprevistos de Dios, explic\u00f3: &#8220;A lo largo de la conversaci\u00f3n habl\u00f3 mi interlocutora de la uni\u00f3n con Mar\u00eda como apertura al Esp\u00edritu Santo. De inmediato me di cuenta de que hablaba por propia experiencia, con una rara profundidad&#8221;<\/em><\/p>\n<p>Este primer encuentro tuvo su continuaci\u00f3n. El segundo tuvo lugar en Lourdes, en abril de 1948, y fue el aut\u00e9ntico punto de partida de una estrecha colaboraci\u00f3n al servicio de la Iglesia que dur\u00f3 medio siglo. Veronica, que se hab\u00eda formado universitariamente en Cambridge, conoc\u00eda tambi\u00e9n perfectamente el lat\u00edn. Esto le result\u00f3 de una enorme utilidad al cardenal Suenens durante el concilio Vaticano II. En 1966, el Cardenal escrib\u00eda a la doctora Kathleen Owler, hermana de Veronica: <em>&#8220;\u00bfNo es maravillosa la vida de Veronica y ver c\u00f3mo el Se\u00f1or ha ido preparando paso a paso esta vida para que fuera fructuosa tanto para la Iglesia como para el mundo? Sin ella, ciertas cosas no hubieran tenido lugar durante el Concilio&#8221;.<\/em><\/p>\n<p>El n\u00famero de libros que el cardenal Suenens escribi\u00f3 en colaboraci\u00f3n con Veronica fue considerable. En todos estos escritos se dirige una misma llamada a los cristianos, una llamada a participar en la misi\u00f3n esencial de la Iglesia: la evangelizaci\u00f3n.<\/p>\n<p>En el segundo volumen de sus memorias, el cardenal Suenens cuenta la vida de Veronica y la colaboraci\u00f3n entre ambos. En este libro escribe lo siguiente respecto a la Renovaci\u00f3n: <em>&#8220;Debo reconocer que, en materia de \u201cdiscernimiento de esp\u00edritus\u201d, mi tarea se vio singularmente facilitada por la colaboraci\u00f3n constante de Ver\u00f3nica. Su seguridad doctrinal, vivificada por su experiencia espiritual sin par, me ayud\u00f3 a separar la presencia aut\u00e9ntica del Esp\u00edritu y de sus carismas, de las exageraciones o desviaciones que encontramos por el camino&#8221; <\/em>(<em>op. cit.<\/em>, p. 263).<\/p>\n<p>Otro encuentro decisivo fue el de la Renovaci\u00f3n carism\u00e1tica. Ver\u00f3nica oy\u00f3 hablar por vez primera de la Renovaci\u00f3n gracias a la lectura de un art\u00edculo de prensa aparecido en los Estados Unidos. Como estaba incesantemente al acecho de todo lo que germinaba en la Iglesia posconciliar, se dirigi\u00f3, en 1972, acompa\u00f1ada por Yvette Dubois, a varios centros universitarios donde hab\u00eda surgido entre los cat\u00f3licos esta renovaci\u00f3n espiritual inspirada por el movimiento pentecostal.<\/p>\n<p>Tom\u00f3 parte activa en el desarrollo de la Renovaci\u00f3n en B\u00e9lgica, en Francia y en los Estados Unidos. Desempe\u00f1\u00f3 un papel importante en la elaboraci\u00f3n de los textos doctrinales conocidos como <em>Los documentos de Malinas<\/em>, que contribuyeron de manera notable a arraigar el entusiasmo carism\u00e1tico en la tradici\u00f3n cat\u00f3lica, al mismo tiempo que pon\u00eda en guardia contra ciertas derivas fundamentalistas.<\/p>\n<p>Fue consejera especial del ICCRO , Secretariado internacional de la Renovaci\u00f3n, que tuvo su sede primero en Bruselas, en la residencia del cardenal Suenens, y, despu\u00e9s, en Roma.<\/p>\n<p><strong>Ap\u00f3stol hasta el final<\/strong><\/p>\n<p>Ver\u00f3nica fue ap\u00f3stol hasta el final de su vida. Con un gran sentido de la pedagog\u00eda, se esforzaba por convertir a cada colaborador en un misionero de la Buena Nueva, y eso con un gran respeto a la libertad de cada uno. As\u00ed, fund\u00f3 el equipo apost\u00f3lico que, reunido en torno al cardenal Suenens, se convirti\u00f3 en la Asociaci\u00f3n FIAT.<\/p>\n<p>Dejemos la palabra al cardenal Suenens: <em>&#8220;Al no poder ofrecerse para \u201cllevar el Evangelio hasta los extremos del orden\u201d, debido a su edad, Ver\u00f3nica suscita y estimula distintas iniciativas que permiten alcanzar todav\u00eda el mismo objetivo. [&#8230;] Tenemos que amar y servir a Dios, dice, no s\u00f3lo con todo nuestro coraz\u00f3n, sino tambi\u00e9n con toda nuestra imaginaci\u00f3n. De ah\u00ed las iniciativas FIAT.[&#8230;] Las iniciativas FIAT tienen como objetivo intensificar la vida espiritual y, por consiguiente, apost\u00f3lica de los cristianos, [&#8230;] <\/em><\/p>\n<p>Durante los \u00faltimos a\u00f1os de su vida, lo avanzado de su edad la oblig\u00f3 a guardar cama casi de continuo. En la cama recib\u00eda a los que ven\u00edan a visitarla y en ella se preparaba siempre para recibirlos por medio de la fe y de la oraci\u00f3n. Ped\u00eda a Dios la gracia de poder decir siempre una palabra de aliento viviendo en un esp\u00edritu de fe: <em>&#8220;Pero una palabra tuya bastar\u00e1 para sanarme&#8221;<\/em>, a fin de poder dar &#8220;la palabra&#8221; alentadora.<\/p>\n<p>Un d\u00eda confi\u00f3, a lo largo de una conversaci\u00f3n, que nunca aceptaba decir una sola palabra in\u00fatil. Estaba orientada constantemente hacia &#8220;la presencia de Cristo en el alma del otro&#8221;, a pesar de que sus confidencias estaban siempre mezcladas de un humor que hac\u00eda re\u00edr incluso a las personas m\u00e1s reservadas.<\/p>\n<p><strong>Veronica deseaba ardientemente llegar a la Casa del Padre<\/strong><\/p>\n<p>Recibi\u00f3 por primera vez el sacramento de la unci\u00f3n de los enfermos el 8 de septiembre de 1995 y, para alegr\u00eda de todos, recuper\u00f3 las fuerzas.<\/p>\n<p>Tras el fallecimiento del cardenal Suenes, el 6 de mayo de 1996, fueron varios los obispos y sacerdotes que vinieron a celebrar la Eucarist\u00eda en la habitaci\u00f3n. Veronica se excusaba ante ellos por estar todav\u00eda all\u00ed. A pesar de su fatiga, participaba activamente en la misa, en la liturgia de los oficios y en el rezo del rosario FIAT.<\/p>\n<p>El 11 de febrero de 1998, fiesta de Nuestra Se\u00f1ora de Lourdes, volvi\u00f3 a recibir la unci\u00f3n de los enfermos. Ya muy d\u00e9bil, entr\u00f3 en la Vida, el 19 de febrero de 1998, rodeada de sus allegados, al d\u00eda siguiente de la fiesta de santa Bernadette Soubirous.<\/p>\n<p><strong>Mensaje del Santo Padre con ocasi\u00f3n de su partida para el Cielo<\/strong><\/p>\n<p>&#8230; \u00abEl Santo Padre le ofrece el testimonio de su viva simpat\u00eda. Se une a la acci\u00f3n de gracias de todos sus allegados por el servicio eclesial, el apostolado mariano y la irradiaci\u00f3n espiritual de esta personalidad sobresaliente que tanto ha aportado a los fieles de varios pa\u00edses y en especial de B\u00e9lgica.<\/p>\n<p>Pide al Se\u00f1or que le haga compartir para siempre la alegr\u00eda y la paz de su Reino. Invocando la ternura maternal de la Sant\u00edsima Virgen Mar\u00eda sobre Veronica y confi\u00e1ndole a los que prosiguen su obra, el papa Juan Pablo II env\u00eda de todo coraz\u00f3n su bendici\u00f3n apost\u00f3lica a todas las personas afectadas por este duelo y reunidas en la oraci\u00f3n\u00bb (firmado: cardenal Sodano).<\/p>\n<p><strong>Otros testimonios de obispos, sacerdotes y laicos<\/strong><\/p>\n<p>&#8230; &#8220;Conservo hacia ella sentimientos de gratitud y de admiraci\u00f3n por la obra que el Se\u00f1or le permiti\u00f3 realizar. Me unir\u00e9 desde la distancia a la misa que se celebrar\u00e1 por ella en la capilla de la Medalla Milagrosa, la v\u00edspera del domingo de Ramos&#8221;. [&#8230;]<\/p>\n<p>[&#8230;]&#8221;Ojal\u00e1 podamos orar de una manera suficientemente intensa para que, un d\u00eda, sea reconocida por la Iglesia como una persona que acept\u00f3 la gracia del Se\u00f1or y respondi\u00f3 a ella de un modo tan pleno como le fue posible&#8221;. [&#8230;]<\/p>\n<p>[&#8230;]&#8221;No puedo decir todo lo que he recibido de ella. Perm\u00edtanme decirles que yo sal\u00eda siempre de su casa, despu\u00e9s de mantener una conversaci\u00f3n con Veronica y asistir a la misa, con un celo renovado por la evangelizaci\u00f3n. No cesaba nunca, ni siquiera en los \u00faltimos meses de su vida entre nosotros, de dar a Jes\u00fas a sus hermanos y hermanas como Mar\u00eda dio a Jes\u00fas al mundo con el poder del Esp\u00edritu Santo, a fin de que los hombres conocieran el Amor, Dios nuestro Padre&#8221;. [&#8230;]<\/p>\n<p>[&#8230;]&#8221;No la conoc\u00ed mucho personalmente, pero cada vez que me encontr\u00e9 con ella, volv\u00ed a salir con un deseo apost\u00f3lico m\u00e1s dilatado. Pose\u00eda, ciertamente, una gracia especial para nuestro tiempo. Como ustedes saben, la congregaci\u00f3n manten\u00eda unos lazos especiales con Veronica. No la olvidamos&#8221;. [&#8230;].<\/p>\n<p>[&#8230;]&#8221;Encontraremos alguna vez las palabras exactas y suficientes para dar gracias a Dios por esta vida de servicio e irradiaci\u00f3n, totalmente abandonada al Se\u00f1or, a su santa Madre y a toda nuestra comunidad eclesial y humana? &#8220;. [&#8230;]<\/p>\n<p>[&#8230;]&#8221;Si podemos extraer una lecci\u00f3n de la vida de Veronica, tal vez sea la de que el tiempo pasa. \u2018La mies es abundante y los obreros pocos\u2019. \u00bfEstamos dispuestos a seguir su ejemplo en nuestro medio actual? &#8221; [&#8230;]<\/p>\n<p>[&#8230;]&#8221;Todos nosotros sabemos que Veronica es feliz e irradia junto a Aquel a quien ella am\u00f3 tanto y del que se hizo ap\u00f3stol con valor, perseverancia, lucidez y una fe enorme. Conservar\u00e9 de Ver\u00f3nica el recuerdo de su mirada profunda que escruta los corazones y que hace al Se\u00f1or tan pr\u00f3ximo. Su vida quedar\u00e1 como un ejemplo, y le pido que me ayude a convertirme cada vez m\u00e1s en un evangelizador&#8221;. [&#8230;]<\/p>\n","protected":false},"excerpt":{"rendered":"<p>Veronica O&#8217;Brien (1905-1998)<\/p>\n<p>Si el cardenal Suenens fue la personalidad m\u00e1s conocida para el desarrollo de la Asociaci\u00f3n FIAT, Veronica O\u2019Brien, por su parte, fue la inspiradora de \u00e9sta. Veamos un resumen de su vida, seguido de algunas reacciones recogidas en el momento de su partida al Cielo.<\/p>\n<p>Louise-Mary O\u2019Brien naci\u00f3 en Midleton (Irlanda), el 16 de agosto de 1905. Era la und\u00e9cima de trece hijos.<\/p>\n","protected":false},"author":3,"featured_media":1200,"parent":1739,"menu_order":1,"comment_status":"closed","ping_status":"closed","template":"","meta":{"_acf_changed":false,"footnotes":""},"tags":[],"class_list":["post-1744","page","type-page","status-publish","has-post-thumbnail","hentry"],"acf":[],"yoast_head":"<!-- This site is optimized with the Yoast SEO plugin v27.4 - https:\/\/yoast.com\/product\/yoast-seo-wordpress\/ -->\n<title>Veronica O&#039;Brien - Association FIAT<\/title>\n<meta name=\"robots\" content=\"index, follow, max-snippet:-1, max-image-preview:large, max-video-preview:-1\" \/>\n<link rel=\"canonical\" href=\"https:\/\/associationfiat.com\/es\/proposito-de-fiat\/los-principales-fundadores\/veronica-obrien\/\" \/>\n<meta property=\"og:locale\" content=\"es_ES\" \/>\n<meta property=\"og:type\" content=\"article\" \/>\n<meta property=\"og:title\" content=\"Veronica O&#039;Brien - Association FIAT\" \/>\n<meta property=\"og:description\" content=\"Veronica O&#039;Brien (1905-1998)  Si el cardenal Suenens fue la personalidad m\u00e1s conocida para el desarrollo de la Asociaci\u00f3n FIAT, Veronica O\u2019Brien, por su parte, fue la inspiradora de \u00e9sta. Veamos un resumen de su vida, seguido de algunas reacciones recogidas en el momento de su partida al Cielo.  Louise-Mary O\u2019Brien naci\u00f3 en Midleton (Irlanda), el 16 de agosto de 1905. Era la und\u00e9cima de trece hijos.\" \/>\n<meta property=\"og:url\" content=\"https:\/\/associationfiat.com\/es\/proposito-de-fiat\/los-principales-fundadores\/veronica-obrien\/\" \/>\n<meta property=\"og:site_name\" content=\"Association FIAT\" \/>\n<meta property=\"og:image\" content=\"https:\/\/associationfiat.com\/wp-content\/uploads\/2016\/08\/veronica.jpg\" \/>\n\t<meta property=\"og:image:width\" content=\"256\" \/>\n\t<meta property=\"og:image:height\" content=\"205\" \/>\n\t<meta property=\"og:image:type\" content=\"image\/jpeg\" \/>\n<meta name=\"twitter:card\" content=\"summary_large_image\" \/>\n<meta name=\"twitter:label1\" content=\"Tiempo de lectura\" \/>\n\t<meta name=\"twitter:data1\" content=\"9 minutes\" \/>\n<script type=\"application\/ld+json\" class=\"yoast-schema-graph\">{\"@context\":\"https:\\\/\\\/schema.org\",\"@graph\":[{\"@type\":\"WebPage\",\"@id\":\"https:\\\/\\\/associationfiat.com\\\/es\\\/proposito-de-fiat\\\/los-principales-fundadores\\\/veronica-obrien\\\/\",\"url\":\"https:\\\/\\\/associationfiat.com\\\/es\\\/proposito-de-fiat\\\/los-principales-fundadores\\\/veronica-obrien\\\/\",\"name\":\"Veronica O'Brien - Association FIAT\",\"isPartOf\":{\"@id\":\"https:\\\/\\\/associationfiat.com\\\/#website\"},\"primaryImageOfPage\":{\"@id\":\"https:\\\/\\\/associationfiat.com\\\/es\\\/proposito-de-fiat\\\/los-principales-fundadores\\\/veronica-obrien\\\/#primaryimage\"},\"image\":{\"@id\":\"https:\\\/\\\/associationfiat.com\\\/es\\\/proposito-de-fiat\\\/los-principales-fundadores\\\/veronica-obrien\\\/#primaryimage\"},\"thumbnailUrl\":\"https:\\\/\\\/associationfiat.com\\\/wp-content\\\/uploads\\\/2016\\\/08\\\/veronica.jpg\",\"datePublished\":\"2016-08-26T10:41:26+00:00\",\"breadcrumb\":{\"@id\":\"https:\\\/\\\/associationfiat.com\\\/es\\\/proposito-de-fiat\\\/los-principales-fundadores\\\/veronica-obrien\\\/#breadcrumb\"},\"inLanguage\":\"es-ES\",\"potentialAction\":[{\"@type\":\"ReadAction\",\"target\":[\"https:\\\/\\\/associationfiat.com\\\/es\\\/proposito-de-fiat\\\/los-principales-fundadores\\\/veronica-obrien\\\/\"]}]},{\"@type\":\"ImageObject\",\"inLanguage\":\"es-ES\",\"@id\":\"https:\\\/\\\/associationfiat.com\\\/es\\\/proposito-de-fiat\\\/los-principales-fundadores\\\/veronica-obrien\\\/#primaryimage\",\"url\":\"https:\\\/\\\/associationfiat.com\\\/wp-content\\\/uploads\\\/2016\\\/08\\\/veronica.jpg\",\"contentUrl\":\"https:\\\/\\\/associationfiat.com\\\/wp-content\\\/uploads\\\/2016\\\/08\\\/veronica.jpg\",\"width\":256,\"height\":205},{\"@type\":\"BreadcrumbList\",\"@id\":\"https:\\\/\\\/associationfiat.com\\\/es\\\/proposito-de-fiat\\\/los-principales-fundadores\\\/veronica-obrien\\\/#breadcrumb\",\"itemListElement\":[{\"@type\":\"ListItem\",\"position\":1,\"name\":\"Home\",\"item\":\"https:\\\/\\\/associationfiat.com\\\/\"},{\"@type\":\"ListItem\",\"position\":2,\"name\":\"A prop\u00f3sito de FIAT\",\"item\":\"https:\\\/\\\/associationfiat.com\\\/propos-de-fiat\\\/\"},{\"@type\":\"ListItem\",\"position\":3,\"name\":\"Los principales fundadores\",\"item\":\"https:\\\/\\\/associationfiat.com\\\/es\\\/proposito-de-fiat\\\/los-principales-fundadores\\\/\"},{\"@type\":\"ListItem\",\"position\":4,\"name\":\"Veronica O&rsquo;Brien\"}]},{\"@type\":\"WebSite\",\"@id\":\"https:\\\/\\\/associationfiat.com\\\/#website\",\"url\":\"https:\\\/\\\/associationfiat.com\\\/\",\"name\":\"Association FIAT\",\"description\":\"\",\"potentialAction\":[{\"@type\":\"SearchAction\",\"target\":{\"@type\":\"EntryPoint\",\"urlTemplate\":\"https:\\\/\\\/associationfiat.com\\\/?s={search_term_string}\"},\"query-input\":{\"@type\":\"PropertyValueSpecification\",\"valueRequired\":true,\"valueName\":\"search_term_string\"}}],\"inLanguage\":\"es-ES\"}]}<\/script>\n<!-- \/ Yoast SEO plugin. -->","yoast_head_json":{"title":"Veronica O'Brien - Association FIAT","robots":{"index":"index","follow":"follow","max-snippet":"max-snippet:-1","max-image-preview":"max-image-preview:large","max-video-preview":"max-video-preview:-1"},"canonical":"https:\/\/associationfiat.com\/es\/proposito-de-fiat\/los-principales-fundadores\/veronica-obrien\/","og_locale":"es_ES","og_type":"article","og_title":"Veronica O'Brien - Association FIAT","og_description":"Veronica O'Brien (1905-1998)  Si el cardenal Suenens fue la personalidad m\u00e1s conocida para el desarrollo de la Asociaci\u00f3n FIAT, Veronica O\u2019Brien, por su parte, fue la inspiradora de \u00e9sta. Veamos un resumen de su vida, seguido de algunas reacciones recogidas en el momento de su partida al Cielo.  Louise-Mary O\u2019Brien naci\u00f3 en Midleton (Irlanda), el 16 de agosto de 1905. Era la und\u00e9cima de trece hijos.","og_url":"https:\/\/associationfiat.com\/es\/proposito-de-fiat\/los-principales-fundadores\/veronica-obrien\/","og_site_name":"Association FIAT","og_image":[{"width":256,"height":205,"url":"https:\/\/associationfiat.com\/wp-content\/uploads\/2016\/08\/veronica.jpg","type":"image\/jpeg"}],"twitter_card":"summary_large_image","twitter_misc":{"Tiempo de lectura":"9 minutes"},"schema":{"@context":"https:\/\/schema.org","@graph":[{"@type":"WebPage","@id":"https:\/\/associationfiat.com\/es\/proposito-de-fiat\/los-principales-fundadores\/veronica-obrien\/","url":"https:\/\/associationfiat.com\/es\/proposito-de-fiat\/los-principales-fundadores\/veronica-obrien\/","name":"Veronica O'Brien - Association FIAT","isPartOf":{"@id":"https:\/\/associationfiat.com\/#website"},"primaryImageOfPage":{"@id":"https:\/\/associationfiat.com\/es\/proposito-de-fiat\/los-principales-fundadores\/veronica-obrien\/#primaryimage"},"image":{"@id":"https:\/\/associationfiat.com\/es\/proposito-de-fiat\/los-principales-fundadores\/veronica-obrien\/#primaryimage"},"thumbnailUrl":"https:\/\/associationfiat.com\/wp-content\/uploads\/2016\/08\/veronica.jpg","datePublished":"2016-08-26T10:41:26+00:00","breadcrumb":{"@id":"https:\/\/associationfiat.com\/es\/proposito-de-fiat\/los-principales-fundadores\/veronica-obrien\/#breadcrumb"},"inLanguage":"es-ES","potentialAction":[{"@type":"ReadAction","target":["https:\/\/associationfiat.com\/es\/proposito-de-fiat\/los-principales-fundadores\/veronica-obrien\/"]}]},{"@type":"ImageObject","inLanguage":"es-ES","@id":"https:\/\/associationfiat.com\/es\/proposito-de-fiat\/los-principales-fundadores\/veronica-obrien\/#primaryimage","url":"https:\/\/associationfiat.com\/wp-content\/uploads\/2016\/08\/veronica.jpg","contentUrl":"https:\/\/associationfiat.com\/wp-content\/uploads\/2016\/08\/veronica.jpg","width":256,"height":205},{"@type":"BreadcrumbList","@id":"https:\/\/associationfiat.com\/es\/proposito-de-fiat\/los-principales-fundadores\/veronica-obrien\/#breadcrumb","itemListElement":[{"@type":"ListItem","position":1,"name":"Home","item":"https:\/\/associationfiat.com\/"},{"@type":"ListItem","position":2,"name":"A prop\u00f3sito de FIAT","item":"https:\/\/associationfiat.com\/propos-de-fiat\/"},{"@type":"ListItem","position":3,"name":"Los principales fundadores","item":"https:\/\/associationfiat.com\/es\/proposito-de-fiat\/los-principales-fundadores\/"},{"@type":"ListItem","position":4,"name":"Veronica O&rsquo;Brien"}]},{"@type":"WebSite","@id":"https:\/\/associationfiat.com\/#website","url":"https:\/\/associationfiat.com\/","name":"Association FIAT","description":"","potentialAction":[{"@type":"SearchAction","target":{"@type":"EntryPoint","urlTemplate":"https:\/\/associationfiat.com\/?s={search_term_string}"},"query-input":{"@type":"PropertyValueSpecification","valueRequired":true,"valueName":"search_term_string"}}],"inLanguage":"es-ES"}]}},"_links":{"self":[{"href":"https:\/\/associationfiat.com\/es\/wp-json\/wp\/v2\/pages\/1744","targetHints":{"allow":["GET"]}}],"collection":[{"href":"https:\/\/associationfiat.com\/es\/wp-json\/wp\/v2\/pages"}],"about":[{"href":"https:\/\/associationfiat.com\/es\/wp-json\/wp\/v2\/types\/page"}],"author":[{"embeddable":true,"href":"https:\/\/associationfiat.com\/es\/wp-json\/wp\/v2\/users\/3"}],"replies":[{"embeddable":true,"href":"https:\/\/associationfiat.com\/es\/wp-json\/wp\/v2\/comments?post=1744"}],"version-history":[{"count":0,"href":"https:\/\/associationfiat.com\/es\/wp-json\/wp\/v2\/pages\/1744\/revisions"}],"up":[{"embeddable":true,"href":"https:\/\/associationfiat.com\/es\/wp-json\/wp\/v2\/pages\/1739"}],"wp:featuredmedia":[{"embeddable":true,"href":"https:\/\/associationfiat.com\/es\/wp-json\/wp\/v2\/media\/1200"}],"wp:attachment":[{"href":"https:\/\/associationfiat.com\/es\/wp-json\/wp\/v2\/media?parent=1744"}],"wp:term":[{"taxonomy":"post_tag","embeddable":true,"href":"https:\/\/associationfiat.com\/es\/wp-json\/wp\/v2\/tags?post=1744"}],"curies":[{"name":"wp","href":"https:\/\/api.w.org\/{rel}","templated":true}]}}