{"id":1741,"date":"2016-08-26T10:33:37","date_gmt":"2016-08-26T10:33:37","guid":{"rendered":"https:\/\/associationfiat.com\/?page_id=1741&#038;lang=es"},"modified":"2016-08-26T10:33:37","modified_gmt":"2016-08-26T10:33:37","slug":"el-cardenal-suenens","status":"publish","type":"page","link":"https:\/\/associationfiat.com\/es\/proposito-de-fiat\/los-principales-fundadores\/el-cardenal-suenens\/","title":{"rendered":"El Cardenal Suenens"},"content":{"rendered":"<p>Tal vez sea la homil\u00eda del cardenal Danneels con ocasi\u00f3n de las exequias del cardenal Suenens la que mejor le ha situado. He aqu\u00ed algunos pasajes:<\/p>\n<p><em>\u00abLos historiadores trazar\u00e1n, sin duda, de manera competente el \u201cretrato exterior\u201d del Cardenal: enumerar\u00e1n sus obras. S\u00f3lo Dios conoce su \u201cretrato moral\u201d, pues \u00c9l es el \u00fanico que conoce el amor de los corazones. Ahora bien, entre ambos, hay sitio para un \u201cretrato interior\u201d del Cardenal. \u00bfQui\u00e9n era, verdaderamente?<\/em><\/p>\n<p><strong>Como un centinela que espera el alba<\/strong><\/p>\n<p><em>El cardenal era hombre del amanecer: se levant\u00f3 adem\u00e1s siempre pronto hasta el final de sus d\u00edas. Como centinela, que escruta todas las salidas del sol de la Iglesia, se acordaba del texto del profeta:<\/em> \u2018Pues bien, he aqu\u00ed que yo lo renuevo: ya est\u00e1 en marcha, \u00bfno lo reconoc\u00e9is?\u2019 (Is 43,19).<\/p>\n<p><em>Todo lo que se mov\u00eda, todo lo que germinaba, todo lo que estaba a punto de abrirse \u2013en la Iglesia y en el mundo\u2013, lo hab\u00eda visto \u00e9l. Como hombre siempre en vela, m\u00f3vil, verdadero hombre del Esp\u00edritu, sent\u00eda el viento de Dios en su piel, ese viento que, como dec\u00eda Jes\u00fas a Nicodemo, sopla donde quiere, se oye su voz, pero no se sabe de d\u00f3nde viene ni ad\u00f3nde va (Jn 3,8). Como hombre del Cen\u00e1culo, estuvo toda su vida en oraci\u00f3n con Mar\u00eda y con los Doce, esperando el viento violento del Esp\u00edritu que iba a soplar sobre la ciudad. Para el Cardenal, cada ma\u00f1ana era una ma\u00f1ana de Pentecost\u00e9s.<\/em><\/p>\n<p><em>Siempre encontraba a la Iglesia asombrosamente joven. Contemplaba su rostro, como el padre que quiere volver a encontrar en el rostro de su hija los tiernos rasgos de su primera infancia.<\/em><\/p>\n<p><em>Adem\u00e1s, era un excelente meteor\u00f3logo en la Iglesia. Cada alba nueva preve\u00eda el tiempo que har\u00eda m\u00e1s tarde durante el d\u00eda. As\u00ed pas\u00f3 con la Legi\u00f3n de Mar\u00eda, el primero de sus descubrimiento. Sab\u00eda que ah\u00ed estaba naciendo algo nuevo: el compromiso de los laicos, la oraci\u00f3n en el Cen\u00e1culo alrededor de Mar\u00eda, la fe en el poder del Esp\u00edritu Santo, la evangelizaci\u00f3n directa de hombre a hombre. Dec\u00eda que nadie es cristiano adulto hasta que ha hecho a otro cristiano. Es preciso brindar al mundo \u201cla tentaci\u00f3n de creer\u201d. Sab\u00eda lo que era prometedor y lo que se mov\u00eda en la Iglesia.<\/em><\/p>\n<p><em>El contacto con Dom Lambert Beauduin le sensibiliz\u00f3 desde muy joven con el ecumenismo. Y es que en una \u00e9poca en la que Dios corre el riesgo de desaparecer de la escena, en que se difumina el sentido de la transcendencia, en que la fe se hace oscura y en la que el amor parece entrar en una especie de invierno, es preciso que todos aquellos y aquellas que creen en el Dios de Jesucristo, se unan para llevar sobre sus brazos la idea de Dios y el amor de Cristo, muy por encima de la refriega. El Cardenal sab\u00eda lo que se mostraba prometedor y lo que se mov\u00eda en la Iglesia.<\/em><\/p>\n<p><em>Despu\u00e9s vino el concilio Vaticano II. \u00c9sta era la gran promesa: rejuvenecer a la Iglesia, devolver a la Esposa de Cristo el rostro de su juventud, sin arrugas ni manchas. Todo nac\u00eda o renac\u00eda en la Iglesia al comienzo de los a\u00f1os sesenta: la colegialidad de los obispos alrededor de Pedro, la corresponsabilidad del pueblo de Dios, el compromiso de los laicos, la renovaci\u00f3n de la vida religiosa, el ecumenismo, la libertad de las conciencias, una Iglesia que compart\u00eda las alegr\u00edas y las esperanzas, las tristezas y las angustias de los hombres. Gaudium et spes, luctus et angor. Este centinela colocado en las almenas cuando despuntaba el alba sab\u00eda lo que se mov\u00eda en la Iglesia.<\/em><\/p>\n<p><em>Por \u00faltimo, vino tambi\u00e9n la Renovaci\u00f3n carism\u00e1tica. \u00bfC\u00f3mo es posible que un Cardenal cuyo rostro no mostraba en exceso las emociones visibles, de estatura recta e inm\u00f3vil, de voz grave y pausada, pudiera encontrarse c\u00f3modo en medio de una muchedumbre que cantaba, bailaba, daba palmas con las manos, hablaba en lenguas? \u00bfSe trataba de una conversi\u00f3n tard\u00eda a una mayor fantas\u00eda e imaginaci\u00f3n en un hombre demasiado razonable y responsable hasta entonces?<\/em><\/p>\n<p><em>No. El Cardenal percib\u00eda en esta Renovaci\u00f3n la vuelta a la Iglesia de los Hechos de los ap\u00f3stoles, con la que siempre hab\u00eda so\u00f1ado: el gusto por las Escrituras, la oraci\u00f3n espont\u00e1nea, la alegr\u00eda, el sentido comunitario, la inspiraci\u00f3n del Esp\u00edritu, la abundancia de los carismas, como en Corinto y en las primeras comunidades de san Pablo. La Renovaci\u00f3n devolv\u00eda a la vida espiritual de los cristianos su leg\u00edtima parte del coraz\u00f3n y del cuerpo.<\/em><\/p>\n<p><strong>\u201cSi no podemos cambiar el viento,<br \/>\npodemos ajustar las velas\u201d.<\/strong><\/p>\n<p><em>Sab\u00eda qu\u00e9 se mov\u00eda en la Iglesia. Pero era necesario que otros aprendieran tambi\u00e9n a percibirlo. Tener ideas es una cosa, pero convencer a otros es otra. No basta con tener la verdad, hace falta a\u00fan saber c\u00f3mo comunicarla. \u00a1Qu\u00e9 desaf\u00edo!<\/em><\/p>\n<p><em>Se enfrent\u00f3 admirablemente a este reto en el concilio Vaticano II. Y sali\u00f3 airoso del envite. El mismo papa Juan Pablo II alude a ello en su mensaje con ocasi\u00f3n del fallecimiento del Cardenal. Fue un admirable moderador de debates, escribe el papa.<\/em><\/p>\n<p><em>\u00bfFue una reformador preocupado por dotar a la Iglesia de unas nuevas estructuras s\u00f3lidas? S\u00ed. Pero entonces \u00bfqu\u00e9 debemos pensar de su gusto por la Renovaci\u00f3n Carism\u00e1tica en la que el Esp\u00edritu sopla donde quiere, en la que todo es alegr\u00eda, exuberancia, espontaneidad?<\/em><\/p>\n<p><em>\u00bfFue hombre de bronce, tal como est\u00e1 representado en una de las puertas de San Pedro en Roma junto con los otros moderadores del Concilio, bello, decidido y fr\u00edo? \u00bfDistante en todo caso? Es que el Cardenal era un hombre t\u00edmido, ten\u00eda un alma de ni\u00f1o, habitaba en \u00e9l una gran ternura por Mar\u00eda. Este tribuno del Concilio rezaba cada d\u00eda el rosario en el jard\u00edn, como hacen los pobres.<\/em><\/p>\n<p><em>\u00bfImposible de clasificar? S\u00ed, porque era demasiado rico en inteligencia y en coraz\u00f3n. Imposible de aprehender desde una sola perspectiva&#8230;<\/em><\/p>\n<p><em>&#8230; Al abandonar la habitaci\u00f3n mortuoria del cardenal Mercier en 1926, dijo un can\u00f3nigo:<\/em> \u2018Ya no saldr\u00e1n m\u00e1s hombres de Iglesia como \u00e9l: se ha roto el molde\u2019. <em>Querido predecesor: setenta a\u00f1os m\u00e1s tarde, puedo decir que el can\u00f3nigo se equivoc\u00f3.<\/em><\/p>\n<p><em>En cuanto a m\u00ed, tu sucesor, en este momento en que, como El\u00edas, subes al cielo, tras haberme dejado tu capa de cardenal, no me vienen a los labios otras palabras que la oraci\u00f3n de Eliseo: <\/em>\u2018Que pasen a m\u00ed dos tercios de tu esp\u00edritu\u2019 (2 Reyes 2,9). Y yo a\u00f1adir\u00eda por mi parte: \u2018Que yo no rompa nunca el molde\u2019&#8230; <em>Gracias, querido Cardenal.<\/em>&#8221; (11-05-1996).<\/p>\n<p>Desde 1984, a\u00f1o en que vio la luz el rosario FIAT, el cardenal Suenens se comprometi\u00f3 a fondo en su promoci\u00f3n. Escribi\u00f3 &#8220;la oraci\u00f3n FIAT&#8221; y algunos folletos destinados a desarrollar los diferentes aspectos espirituales del rosario FIAT.<\/p>\n<p>En colaboraci\u00f3n con Veronica O\u2019Brien, elabor\u00f3 las l\u00edneas esenciales de la espiritualidad que sigue orientando todav\u00eda hoy la Asociaci\u00f3n FIAT.<\/p>\n<p>Su compromiso era concreto: en sus contactos personales y en sus conferencias nunca se cans\u00f3 de exponer con inspiraci\u00f3n lo esencial de la espiritualidad FIAT: <em>&#8220;Jes\u00fas sigue naciendo todav\u00eda hoy de Mar\u00eda y del Esp\u00edritu Santo&#8221;<\/em> .<\/p>\n<p>La medalla conmemorativa que el cardenal Danneels le regal\u00f3 con ocasi\u00f3n de su 90\u00ba aniversario resume bien toda su vida: su divisa &#8220;In Spiritu Sancto&#8221; el concilio Vaticano II, el ecumenismo y &#8220;FIAT&#8221;.<\/p>\n","protected":false},"excerpt":{"rendered":"<p>El Cardenal Suenens<\/p>\n<p>Tal vez sea la homil\u00eda del cardenal Danneels con ocasi\u00f3n de las exequias del cardenal Suenens la que mejor le ha situado. He aqu\u00ed algunos pasajes:<\/p>\n<p>\u00abLos historiadores trazar\u00e1n, sin duda, de manera competente el \u201cretrato exterior\u201d del Cardenal: enumerar\u00e1n sus obras. S\u00f3lo Dios conoce su \u201cretrato moral\u201d, pues \u00c9l es el \u00fanico que conoce el amor de los corazones. Ahora bien, entre ambos, hay sitio para un \u201cretrato interior\u201d del Cardenal. \u00bfQui\u00e9n era, verdaderamente?<\/p>\n","protected":false},"author":3,"featured_media":1197,"parent":1739,"menu_order":0,"comment_status":"closed","ping_status":"closed","template":"","meta":{"_acf_changed":false,"footnotes":""},"tags":[],"class_list":["post-1741","page","type-page","status-publish","has-post-thumbnail","hentry"],"acf":[],"yoast_head":"<!-- This site is optimized with the Yoast SEO plugin v27.5 - https:\/\/yoast.com\/product\/yoast-seo-wordpress\/ -->\n<title>El Cardenal Suenens - Association FIAT<\/title>\n<meta name=\"robots\" content=\"index, follow, max-snippet:-1, max-image-preview:large, max-video-preview:-1\" \/>\n<link rel=\"canonical\" href=\"https:\/\/associationfiat.com\/es\/proposito-de-fiat\/los-principales-fundadores\/el-cardenal-suenens\/\" \/>\n<meta property=\"og:locale\" content=\"es_ES\" \/>\n<meta property=\"og:type\" content=\"article\" \/>\n<meta property=\"og:title\" content=\"El Cardenal Suenens - Association FIAT\" \/>\n<meta property=\"og:description\" content=\"El Cardenal Suenens  Tal vez sea la homil\u00eda del cardenal Danneels con ocasi\u00f3n de las exequias del cardenal Suenens la que mejor le ha situado. He aqu\u00ed algunos pasajes:  \u00abLos historiadores trazar\u00e1n, sin duda, de manera competente el \u201cretrato exterior\u201d del Cardenal: enumerar\u00e1n sus obras. S\u00f3lo Dios conoce su \u201cretrato moral\u201d, pues \u00c9l es el \u00fanico que conoce el amor de los corazones. Ahora bien, entre ambos, hay sitio para un \u201cretrato interior\u201d del Cardenal. \u00bfQui\u00e9n era, verdaderamente?\" \/>\n<meta property=\"og:url\" content=\"https:\/\/associationfiat.com\/es\/proposito-de-fiat\/los-principales-fundadores\/el-cardenal-suenens\/\" \/>\n<meta property=\"og:site_name\" content=\"Association FIAT\" \/>\n<meta property=\"og:image\" content=\"https:\/\/associationfiat.com\/wp-content\/uploads\/2016\/08\/Suenens.jpg\" \/>\n\t<meta property=\"og:image:width\" content=\"180\" \/>\n\t<meta property=\"og:image:height\" content=\"244\" \/>\n\t<meta property=\"og:image:type\" content=\"image\/jpeg\" \/>\n<meta name=\"twitter:card\" content=\"summary_large_image\" \/>\n<meta name=\"twitter:label1\" content=\"Tiempo de lectura\" \/>\n\t<meta name=\"twitter:data1\" content=\"7 minutes\" \/>\n<script type=\"application\/ld+json\" class=\"yoast-schema-graph\">{\"@context\":\"https:\\\/\\\/schema.org\",\"@graph\":[{\"@type\":\"WebPage\",\"@id\":\"https:\\\/\\\/associationfiat.com\\\/es\\\/proposito-de-fiat\\\/los-principales-fundadores\\\/el-cardenal-suenens\\\/\",\"url\":\"https:\\\/\\\/associationfiat.com\\\/es\\\/proposito-de-fiat\\\/los-principales-fundadores\\\/el-cardenal-suenens\\\/\",\"name\":\"El Cardenal Suenens - Association FIAT\",\"isPartOf\":{\"@id\":\"https:\\\/\\\/associationfiat.com\\\/#website\"},\"primaryImageOfPage\":{\"@id\":\"https:\\\/\\\/associationfiat.com\\\/es\\\/proposito-de-fiat\\\/los-principales-fundadores\\\/el-cardenal-suenens\\\/#primaryimage\"},\"image\":{\"@id\":\"https:\\\/\\\/associationfiat.com\\\/es\\\/proposito-de-fiat\\\/los-principales-fundadores\\\/el-cardenal-suenens\\\/#primaryimage\"},\"thumbnailUrl\":\"https:\\\/\\\/associationfiat.com\\\/wp-content\\\/uploads\\\/2016\\\/08\\\/Suenens.jpg\",\"datePublished\":\"2016-08-26T10:33:37+00:00\",\"breadcrumb\":{\"@id\":\"https:\\\/\\\/associationfiat.com\\\/es\\\/proposito-de-fiat\\\/los-principales-fundadores\\\/el-cardenal-suenens\\\/#breadcrumb\"},\"inLanguage\":\"es-ES\",\"potentialAction\":[{\"@type\":\"ReadAction\",\"target\":[\"https:\\\/\\\/associationfiat.com\\\/es\\\/proposito-de-fiat\\\/los-principales-fundadores\\\/el-cardenal-suenens\\\/\"]}]},{\"@type\":\"ImageObject\",\"inLanguage\":\"es-ES\",\"@id\":\"https:\\\/\\\/associationfiat.com\\\/es\\\/proposito-de-fiat\\\/los-principales-fundadores\\\/el-cardenal-suenens\\\/#primaryimage\",\"url\":\"https:\\\/\\\/associationfiat.com\\\/wp-content\\\/uploads\\\/2016\\\/08\\\/Suenens.jpg\",\"contentUrl\":\"https:\\\/\\\/associationfiat.com\\\/wp-content\\\/uploads\\\/2016\\\/08\\\/Suenens.jpg\",\"width\":180,\"height\":244},{\"@type\":\"BreadcrumbList\",\"@id\":\"https:\\\/\\\/associationfiat.com\\\/es\\\/proposito-de-fiat\\\/los-principales-fundadores\\\/el-cardenal-suenens\\\/#breadcrumb\",\"itemListElement\":[{\"@type\":\"ListItem\",\"position\":1,\"name\":\"Home\",\"item\":\"https:\\\/\\\/associationfiat.com\\\/\"},{\"@type\":\"ListItem\",\"position\":2,\"name\":\"A prop\u00f3sito de FIAT\",\"item\":\"https:\\\/\\\/associationfiat.com\\\/propos-de-fiat\\\/\"},{\"@type\":\"ListItem\",\"position\":3,\"name\":\"Los principales fundadores\",\"item\":\"https:\\\/\\\/associationfiat.com\\\/es\\\/proposito-de-fiat\\\/los-principales-fundadores\\\/\"},{\"@type\":\"ListItem\",\"position\":4,\"name\":\"El Cardenal Suenens\"}]},{\"@type\":\"WebSite\",\"@id\":\"https:\\\/\\\/associationfiat.com\\\/#website\",\"url\":\"https:\\\/\\\/associationfiat.com\\\/\",\"name\":\"Association FIAT\",\"description\":\"\",\"potentialAction\":[{\"@type\":\"SearchAction\",\"target\":{\"@type\":\"EntryPoint\",\"urlTemplate\":\"https:\\\/\\\/associationfiat.com\\\/?s={search_term_string}\"},\"query-input\":{\"@type\":\"PropertyValueSpecification\",\"valueRequired\":true,\"valueName\":\"search_term_string\"}}],\"inLanguage\":\"es-ES\"}]}<\/script>\n<!-- \/ Yoast SEO plugin. -->","yoast_head_json":{"title":"El Cardenal Suenens - Association FIAT","robots":{"index":"index","follow":"follow","max-snippet":"max-snippet:-1","max-image-preview":"max-image-preview:large","max-video-preview":"max-video-preview:-1"},"canonical":"https:\/\/associationfiat.com\/es\/proposito-de-fiat\/los-principales-fundadores\/el-cardenal-suenens\/","og_locale":"es_ES","og_type":"article","og_title":"El Cardenal Suenens - Association FIAT","og_description":"El Cardenal Suenens  Tal vez sea la homil\u00eda del cardenal Danneels con ocasi\u00f3n de las exequias del cardenal Suenens la que mejor le ha situado. He aqu\u00ed algunos pasajes:  \u00abLos historiadores trazar\u00e1n, sin duda, de manera competente el \u201cretrato exterior\u201d del Cardenal: enumerar\u00e1n sus obras. S\u00f3lo Dios conoce su \u201cretrato moral\u201d, pues \u00c9l es el \u00fanico que conoce el amor de los corazones. Ahora bien, entre ambos, hay sitio para un \u201cretrato interior\u201d del Cardenal. \u00bfQui\u00e9n era, verdaderamente?","og_url":"https:\/\/associationfiat.com\/es\/proposito-de-fiat\/los-principales-fundadores\/el-cardenal-suenens\/","og_site_name":"Association FIAT","og_image":[{"width":180,"height":244,"url":"https:\/\/associationfiat.com\/wp-content\/uploads\/2016\/08\/Suenens.jpg","type":"image\/jpeg"}],"twitter_card":"summary_large_image","twitter_misc":{"Tiempo de lectura":"7 minutes"},"schema":{"@context":"https:\/\/schema.org","@graph":[{"@type":"WebPage","@id":"https:\/\/associationfiat.com\/es\/proposito-de-fiat\/los-principales-fundadores\/el-cardenal-suenens\/","url":"https:\/\/associationfiat.com\/es\/proposito-de-fiat\/los-principales-fundadores\/el-cardenal-suenens\/","name":"El Cardenal Suenens - Association FIAT","isPartOf":{"@id":"https:\/\/associationfiat.com\/#website"},"primaryImageOfPage":{"@id":"https:\/\/associationfiat.com\/es\/proposito-de-fiat\/los-principales-fundadores\/el-cardenal-suenens\/#primaryimage"},"image":{"@id":"https:\/\/associationfiat.com\/es\/proposito-de-fiat\/los-principales-fundadores\/el-cardenal-suenens\/#primaryimage"},"thumbnailUrl":"https:\/\/associationfiat.com\/wp-content\/uploads\/2016\/08\/Suenens.jpg","datePublished":"2016-08-26T10:33:37+00:00","breadcrumb":{"@id":"https:\/\/associationfiat.com\/es\/proposito-de-fiat\/los-principales-fundadores\/el-cardenal-suenens\/#breadcrumb"},"inLanguage":"es-ES","potentialAction":[{"@type":"ReadAction","target":["https:\/\/associationfiat.com\/es\/proposito-de-fiat\/los-principales-fundadores\/el-cardenal-suenens\/"]}]},{"@type":"ImageObject","inLanguage":"es-ES","@id":"https:\/\/associationfiat.com\/es\/proposito-de-fiat\/los-principales-fundadores\/el-cardenal-suenens\/#primaryimage","url":"https:\/\/associationfiat.com\/wp-content\/uploads\/2016\/08\/Suenens.jpg","contentUrl":"https:\/\/associationfiat.com\/wp-content\/uploads\/2016\/08\/Suenens.jpg","width":180,"height":244},{"@type":"BreadcrumbList","@id":"https:\/\/associationfiat.com\/es\/proposito-de-fiat\/los-principales-fundadores\/el-cardenal-suenens\/#breadcrumb","itemListElement":[{"@type":"ListItem","position":1,"name":"Home","item":"https:\/\/associationfiat.com\/"},{"@type":"ListItem","position":2,"name":"A prop\u00f3sito de FIAT","item":"https:\/\/associationfiat.com\/propos-de-fiat\/"},{"@type":"ListItem","position":3,"name":"Los principales fundadores","item":"https:\/\/associationfiat.com\/es\/proposito-de-fiat\/los-principales-fundadores\/"},{"@type":"ListItem","position":4,"name":"El Cardenal Suenens"}]},{"@type":"WebSite","@id":"https:\/\/associationfiat.com\/#website","url":"https:\/\/associationfiat.com\/","name":"Association FIAT","description":"","potentialAction":[{"@type":"SearchAction","target":{"@type":"EntryPoint","urlTemplate":"https:\/\/associationfiat.com\/?s={search_term_string}"},"query-input":{"@type":"PropertyValueSpecification","valueRequired":true,"valueName":"search_term_string"}}],"inLanguage":"es-ES"}]}},"_links":{"self":[{"href":"https:\/\/associationfiat.com\/es\/wp-json\/wp\/v2\/pages\/1741","targetHints":{"allow":["GET"]}}],"collection":[{"href":"https:\/\/associationfiat.com\/es\/wp-json\/wp\/v2\/pages"}],"about":[{"href":"https:\/\/associationfiat.com\/es\/wp-json\/wp\/v2\/types\/page"}],"author":[{"embeddable":true,"href":"https:\/\/associationfiat.com\/es\/wp-json\/wp\/v2\/users\/3"}],"replies":[{"embeddable":true,"href":"https:\/\/associationfiat.com\/es\/wp-json\/wp\/v2\/comments?post=1741"}],"version-history":[{"count":0,"href":"https:\/\/associationfiat.com\/es\/wp-json\/wp\/v2\/pages\/1741\/revisions"}],"up":[{"embeddable":true,"href":"https:\/\/associationfiat.com\/es\/wp-json\/wp\/v2\/pages\/1739"}],"wp:featuredmedia":[{"embeddable":true,"href":"https:\/\/associationfiat.com\/es\/wp-json\/wp\/v2\/media\/1197"}],"wp:attachment":[{"href":"https:\/\/associationfiat.com\/es\/wp-json\/wp\/v2\/media?parent=1741"}],"wp:term":[{"taxonomy":"post_tag","embeddable":true,"href":"https:\/\/associationfiat.com\/es\/wp-json\/wp\/v2\/tags?post=1741"}],"curies":[{"name":"wp","href":"https:\/\/api.w.org\/{rel}","templated":true}]}}