{"id":11424,"date":"2021-03-28T16:14:08","date_gmt":"2021-03-28T16:14:08","guid":{"rendered":"https:\/\/associationfiat.com\/?page_id=11424"},"modified":"2021-03-28T16:14:09","modified_gmt":"2021-03-28T16:14:09","slug":"como-rezar-rosario-fiat","status":"publish","type":"page","link":"https:\/\/associationfiat.com\/es\/como-rezar-rosario-fiat\/","title":{"rendered":"\u00bfC\u00f3mo rezar rosario FIAT?"},"content":{"rendered":"\n<p><strong>Empezamos santigu\u00e1ndonos y proseguimos con la oraci\u00f3n FIAT<br><\/strong><em>En el nombre del Padre, y del Hijo, y del Esp\u00edritu Santo. Am\u00e9n.<\/em><strong><\/strong><\/p>\n\n\n\n<p><em>Esp\u00edritu Santo:<br>Ay\u00fadanos a revivir, en uni\u00f3n con Mar\u00eda,<br>los misterios gozosos, luminosos, dolorosos y<br>gloriosos de Jes\u00fas.<\/em><\/p>\n\n\n\n<p><em>Conc\u00e9denos que<br>animados por la fe de nuestro Bautismo, alimentados por la Eucarist\u00eda,<br>y renovados por la gracia de Pentecost\u00e9s,<\/em><\/p>\n\n\n\n<p><em>vivamos en palabras y en actos,&nbsp;<br>siempre y en todo lugar,<br>como fieles testigos de Cristo y del amor de su Divino Coraz\u00f3n. Am\u00e9n.<\/em><\/p>\n\n\n\n<p><strong>A continuaci\u00f3n, nos tomamos un tiempo para hacer subir en nosotros las intenciones que traemos a la oraci\u00f3n, y lo concluimos con el padrenuestro.<br><\/strong><em>Padre nuestro, que est\u00e1s en el cielo, santificado sea tu Nombre; venga a nosotros tu reino; h\u00e1gase tu voluntad en la tierra como en el cielo. Danos hoy nuestro pan de cada d\u00eda; perdona nuestras ofensas, como tambi\u00e9n nosotros perdonamos a los que nos ofenden; no nos dejes caer en la tentaci\u00f3n, y l\u00edbranos del mal. Am\u00e9n.<\/em><\/p>\n\n\n\n<p><strong>A continuaci\u00f3n, recorremos y meditamos los misterios de la vida de Jes\u00fas. Cada misterio comporta tres <\/strong><strong>\u00ab<\/strong><strong>avemar\u00edas<\/strong><strong>\u00bb<\/strong><strong>, seguidas de&nbsp;:<\/strong><\/p>\n\n\n\n<p>&nbsp;<em>&#8220;<\/em><em> Gozo y gloria al Padre, al Hijo y al Esp\u00edritu Santo. Am\u00e9n<\/em><em> &#8220;.<\/em><\/p>\n\n\n\n<p>Dios te salve Mar\u00eda, llena eres de gracia. El Se\u00f1or es contigo. Bendita t\u00fa eres entre todas las mujeres. Y bendito&nbsp; el fruto de tu vientre, Jes\u00fas. Santa Mar\u00eda, Madre de Dios, ruega por nosotros, pecadores, ahora y en la hora de nuestra muerte. Am\u00e9n.<\/p>\n\n\n\n<figure class=\"wp-block-table\"><table><tbody><tr><td><strong>Misterios gozosos:\u00a0 (perla azul)<br><\/strong>&#8211; La Natividad de Mar\u00eda\u00a0\u00a0\u00a0\u00a0\u00a0\u00a0<br>&#8211; La Anunciaci\u00f3n<br>&#8211; La Natividad de Jes\u00fas<br><strong>Misterios luminosos:\u00a0\u00a0\u00a0\u00a0\u00a0\u00a0\u00a0\u00a0\u00a0 (perla blanca)<br><\/strong>&#8211; El bautismo de Jes\u00fas<br>&#8211; Las bodas de Can\u00e1<br>&#8211; La instituci\u00f3n de la Eucarist\u00eda<br><strong>Misterios dolorosos \u00a0\u00a0\u00a0\u00a0\u00a0\u00a0\u00a0\u00a0\u00a0\u00a0 \u00a0(perla roja)<br><\/strong>&#8211; La agon\u00eda de Jes\u00fas<br>&#8211; Jes\u00fas carga con la cruz<br>&#8211; La crucifixi\u00f3n de Jes\u00fas<br><strong>Misterios gloriosos (perla amarilla)<br><\/strong>&#8211; La resurrecci\u00f3n de Jes\u00fas\u00a0\u00a0\u00a0<br>&#8211; La venida del Esp\u00edritu Santo\u00a0\u00a0\u00a0\u00a0\u00a0\u00a0\u00a0\u00a0\u00a0<br>&#8211; La asunci\u00f3n de Mar\u00eda<\/td><\/tr><\/tbody><\/table><\/figure>\n\n\n\n<p><strong>Despu\u00e9s de la \u00faltima perla se recitan las tres invocaciones y la consagraci\u00f3n a Mar\u00eda.<\/strong><\/p>\n\n\n\n<p><em>San Jos\u00e9, protector de la Sagrada Familia,<\/em><br><em>prot\u00e9genos.<\/em><br><em>San Miguel arc\u00e1ngel,<\/em><br><em>de las potencias del Mal, defi\u00e9ndenos.<\/em><br><em>Todos los \u00e1ngeles y santos de Dios,<\/em><br><em>rogad por nosotros.<\/em><\/p>\n\n\n\n<p><br><em>Oh Mar\u00eda, ens\u00e9\u00f1anos a decir S\u00cd al Se\u00f1or.<\/em><br><em>Oh Mar\u00eda, cada instante de nuestra vida.<\/em><br><em>Oh Mar\u00eda, ens\u00e9\u00f1anos a decir GRACIAS al Se\u00f1or.<\/em><br><em>Oh Mar\u00eda, cada instante de nuestra vida.<\/em><\/p>\n","protected":false},"excerpt":{"rendered":"<p>Empezamos santigu\u00e1ndonos y proseguimos con la oraci\u00f3n FIATEn el nombre del Padre, y del Hijo, y del Esp\u00edritu Santo. Am\u00e9n. Esp\u00edritu Santo:Ay\u00fadanos a revivir, en uni\u00f3n con Mar\u00eda,los misterios gozosos, luminosos, dolorosos ygloriosos de Jes\u00fas. Conc\u00e9denos queanimados por la fe de nuestro Bautismo, alimentados por [&hellip;]<\/p>\n","protected":false},"author":3,"featured_media":0,"parent":0,"menu_order":0,"comment_status":"closed","ping_status":"closed","template":"","meta":{"_acf_changed":false,"footnotes":""},"tags":[],"class_list":["post-11424","page","type-page","status-publish","hentry"],"acf":[],"yoast_head":"<!-- This site is optimized with the Yoast SEO plugin v27.5 - https:\/\/yoast.com\/product\/yoast-seo-wordpress\/ -->\n<title>\u00bfC\u00f3mo rezar rosario FIAT? - Association FIAT<\/title>\n<meta name=\"robots\" content=\"index, follow, max-snippet:-1, max-image-preview:large, max-video-preview:-1\" \/>\n<link rel=\"canonical\" href=\"https:\/\/associationfiat.com\/es\/como-rezar-rosario-fiat\/\" \/>\n<meta property=\"og:locale\" content=\"es_ES\" \/>\n<meta property=\"og:type\" content=\"article\" \/>\n<meta property=\"og:title\" content=\"\u00bfC\u00f3mo rezar rosario FIAT? - Association FIAT\" \/>\n<meta property=\"og:description\" content=\"Empezamos santigu\u00e1ndonos y proseguimos con la oraci\u00f3n FIATEn el nombre del Padre, y del Hijo, y del Esp\u00edritu Santo. Am\u00e9n. Esp\u00edritu Santo:Ay\u00fadanos a revivir, en uni\u00f3n con Mar\u00eda,los misterios gozosos, luminosos, dolorosos ygloriosos de Jes\u00fas. Conc\u00e9denos queanimados por la fe de nuestro Bautismo, alimentados por [&hellip;]\" \/>\n<meta property=\"og:url\" content=\"https:\/\/associationfiat.com\/es\/como-rezar-rosario-fiat\/\" \/>\n<meta property=\"og:site_name\" content=\"Association FIAT\" \/>\n<meta property=\"article:modified_time\" content=\"2021-03-28T16:14:09+00:00\" \/>\n<meta name=\"twitter:card\" content=\"summary_large_image\" \/>\n<meta name=\"twitter:label1\" content=\"Tiempo de lectura\" \/>\n\t<meta name=\"twitter:data1\" content=\"2 minutes\" \/>\n<script type=\"application\/ld+json\" class=\"yoast-schema-graph\">{\"@context\":\"https:\\\/\\\/schema.org\",\"@graph\":[{\"@type\":\"WebPage\",\"@id\":\"https:\\\/\\\/associationfiat.com\\\/es\\\/como-rezar-rosario-fiat\\\/\",\"url\":\"https:\\\/\\\/associationfiat.com\\\/es\\\/como-rezar-rosario-fiat\\\/\",\"name\":\"\u00bfC\u00f3mo rezar rosario FIAT? - Association FIAT\",\"isPartOf\":{\"@id\":\"https:\\\/\\\/associationfiat.com\\\/#website\"},\"datePublished\":\"2021-03-28T16:14:08+00:00\",\"dateModified\":\"2021-03-28T16:14:09+00:00\",\"breadcrumb\":{\"@id\":\"https:\\\/\\\/associationfiat.com\\\/es\\\/como-rezar-rosario-fiat\\\/#breadcrumb\"},\"inLanguage\":\"es-ES\",\"potentialAction\":[{\"@type\":\"ReadAction\",\"target\":[\"https:\\\/\\\/associationfiat.com\\\/es\\\/como-rezar-rosario-fiat\\\/\"]}]},{\"@type\":\"BreadcrumbList\",\"@id\":\"https:\\\/\\\/associationfiat.com\\\/es\\\/como-rezar-rosario-fiat\\\/#breadcrumb\",\"itemListElement\":[{\"@type\":\"ListItem\",\"position\":1,\"name\":\"Home\",\"item\":\"https:\\\/\\\/associationfiat.com\\\/\"},{\"@type\":\"ListItem\",\"position\":2,\"name\":\"\u00bfC\u00f3mo rezar rosario FIAT?\"}]},{\"@type\":\"WebSite\",\"@id\":\"https:\\\/\\\/associationfiat.com\\\/#website\",\"url\":\"https:\\\/\\\/associationfiat.com\\\/\",\"name\":\"Association FIAT\",\"description\":\"\",\"potentialAction\":[{\"@type\":\"SearchAction\",\"target\":{\"@type\":\"EntryPoint\",\"urlTemplate\":\"https:\\\/\\\/associationfiat.com\\\/?s={search_term_string}\"},\"query-input\":{\"@type\":\"PropertyValueSpecification\",\"valueRequired\":true,\"valueName\":\"search_term_string\"}}],\"inLanguage\":\"es-ES\"}]}<\/script>\n<!-- \/ Yoast SEO plugin. -->","yoast_head_json":{"title":"\u00bfC\u00f3mo rezar rosario FIAT? - Association FIAT","robots":{"index":"index","follow":"follow","max-snippet":"max-snippet:-1","max-image-preview":"max-image-preview:large","max-video-preview":"max-video-preview:-1"},"canonical":"https:\/\/associationfiat.com\/es\/como-rezar-rosario-fiat\/","og_locale":"es_ES","og_type":"article","og_title":"\u00bfC\u00f3mo rezar rosario FIAT? - Association FIAT","og_description":"Empezamos santigu\u00e1ndonos y proseguimos con la oraci\u00f3n FIATEn el nombre del Padre, y del Hijo, y del Esp\u00edritu Santo. Am\u00e9n. Esp\u00edritu Santo:Ay\u00fadanos a revivir, en uni\u00f3n con Mar\u00eda,los misterios gozosos, luminosos, dolorosos ygloriosos de Jes\u00fas. Conc\u00e9denos queanimados por la fe de nuestro Bautismo, alimentados por [&hellip;]","og_url":"https:\/\/associationfiat.com\/es\/como-rezar-rosario-fiat\/","og_site_name":"Association FIAT","article_modified_time":"2021-03-28T16:14:09+00:00","twitter_card":"summary_large_image","twitter_misc":{"Tiempo de lectura":"2 minutes"},"schema":{"@context":"https:\/\/schema.org","@graph":[{"@type":"WebPage","@id":"https:\/\/associationfiat.com\/es\/como-rezar-rosario-fiat\/","url":"https:\/\/associationfiat.com\/es\/como-rezar-rosario-fiat\/","name":"\u00bfC\u00f3mo rezar rosario FIAT? - Association FIAT","isPartOf":{"@id":"https:\/\/associationfiat.com\/#website"},"datePublished":"2021-03-28T16:14:08+00:00","dateModified":"2021-03-28T16:14:09+00:00","breadcrumb":{"@id":"https:\/\/associationfiat.com\/es\/como-rezar-rosario-fiat\/#breadcrumb"},"inLanguage":"es-ES","potentialAction":[{"@type":"ReadAction","target":["https:\/\/associationfiat.com\/es\/como-rezar-rosario-fiat\/"]}]},{"@type":"BreadcrumbList","@id":"https:\/\/associationfiat.com\/es\/como-rezar-rosario-fiat\/#breadcrumb","itemListElement":[{"@type":"ListItem","position":1,"name":"Home","item":"https:\/\/associationfiat.com\/"},{"@type":"ListItem","position":2,"name":"\u00bfC\u00f3mo rezar rosario FIAT?"}]},{"@type":"WebSite","@id":"https:\/\/associationfiat.com\/#website","url":"https:\/\/associationfiat.com\/","name":"Association FIAT","description":"","potentialAction":[{"@type":"SearchAction","target":{"@type":"EntryPoint","urlTemplate":"https:\/\/associationfiat.com\/?s={search_term_string}"},"query-input":{"@type":"PropertyValueSpecification","valueRequired":true,"valueName":"search_term_string"}}],"inLanguage":"es-ES"}]}},"_links":{"self":[{"href":"https:\/\/associationfiat.com\/es\/wp-json\/wp\/v2\/pages\/11424","targetHints":{"allow":["GET"]}}],"collection":[{"href":"https:\/\/associationfiat.com\/es\/wp-json\/wp\/v2\/pages"}],"about":[{"href":"https:\/\/associationfiat.com\/es\/wp-json\/wp\/v2\/types\/page"}],"author":[{"embeddable":true,"href":"https:\/\/associationfiat.com\/es\/wp-json\/wp\/v2\/users\/3"}],"replies":[{"embeddable":true,"href":"https:\/\/associationfiat.com\/es\/wp-json\/wp\/v2\/comments?post=11424"}],"version-history":[{"count":1,"href":"https:\/\/associationfiat.com\/es\/wp-json\/wp\/v2\/pages\/11424\/revisions"}],"predecessor-version":[{"id":11425,"href":"https:\/\/associationfiat.com\/es\/wp-json\/wp\/v2\/pages\/11424\/revisions\/11425"}],"wp:attachment":[{"href":"https:\/\/associationfiat.com\/es\/wp-json\/wp\/v2\/media?parent=11424"}],"wp:term":[{"taxonomy":"post_tag","embeddable":true,"href":"https:\/\/associationfiat.com\/es\/wp-json\/wp\/v2\/tags?post=11424"}],"curies":[{"name":"wp","href":"https:\/\/api.w.org\/{rel}","templated":true}]}}